{"id":75305,"date":"2024-08-20T21:33:44","date_gmt":"2024-08-21T02:33:44","guid":{"rendered":"https:\/\/catchthefever.com\/devolucoes\/"},"modified":"2025-06-10T21:04:19","modified_gmt":"2025-06-11T02:04:19","slug":"devolucoes","status":"publish","type":"page","link":"https:\/\/catchthefever.com\/pt-br\/devolucoes\/","title":{"rendered":"Devolu\u00e7\u00f5es"},"content":{"rendered":"\t\t<div data-elementor-type=\"wp-page\" data-elementor-id=\"75305\" class=\"elementor elementor-75305 elementor-3034\" data-elementor-post-type=\"page\">\n\t\t\t\t\t\t<section class=\"elementor-section elementor-top-section elementor-element elementor-element-d13fbcd elementor-section-boxed elementor-section-height-default elementor-section-height-default elementor-invisible\" data-id=\"d13fbcd\" data-element_type=\"section\" data-settings=\"{&quot;background_background&quot;:&quot;classic&quot;,&quot;animation&quot;:&quot;fadeIn&quot;}\">\n\t\t\t\t\t\t<div class=\"elementor-container elementor-column-gap-no\">\n\t\t\t\t\t<div class=\"elementor-column elementor-col-100 elementor-top-column elementor-element elementor-element-691355f\" data-id=\"691355f\" data-element_type=\"column\">\n\t\t\t<div class=\"elementor-widget-wrap elementor-element-populated\">\n\t\t\t\t\t\t<div class=\"elementor-element elementor-element-5ecd315 elementor-widget elementor-widget-spacer\" data-id=\"5ecd315\" data-element_type=\"widget\" data-widget_type=\"spacer.default\">\n\t\t\t\t<div class=\"elementor-widget-container\">\n\t\t\t\t\t\t\t<div class=\"elementor-spacer\">\n\t\t\t<div class=\"elementor-spacer-inner\"><\/div>\n\t\t<\/div>\n\t\t\t\t\t\t<\/div>\n\t\t\t\t<\/div>\n\t\t\t\t\t<\/div>\n\t\t<\/div>\n\t\t\t\t\t<\/div>\n\t\t<\/section>\n\t\t\t\t<section class=\"elementor-section elementor-top-section elementor-element elementor-element-481a78a elementor-section-boxed elementor-section-height-default elementor-section-height-default elementor-invisible\" data-id=\"481a78a\" data-element_type=\"section\" data-settings=\"{&quot;animation&quot;:&quot;fadeIn&quot;}\">\n\t\t\t\t\t\t<div class=\"elementor-container elementor-column-gap-no\">\n\t\t\t\t\t<div class=\"elementor-column elementor-col-50 elementor-top-column elementor-element elementor-element-2a00ff8 elementor-invisible\" data-id=\"2a00ff8\" data-element_type=\"column\" data-settings=\"{&quot;animation&quot;:&quot;fadeInLeft&quot;}\">\n\t\t\t<div class=\"elementor-widget-wrap elementor-element-populated\">\n\t\t\t\t\t\t<div class=\"elementor-element elementor-element-a8dd187 elementor-widget elementor-widget-heading\" data-id=\"a8dd187\" data-element_type=\"widget\" data-widget_type=\"heading.default\">\n\t\t\t\t<div class=\"elementor-widget-container\">\n\t\t\t\t\t<h2 class=\"elementor-heading-title elementor-size-default\">Pol\u00edtica de devolu\u00e7\u00e3o<\/h2>\t\t\t\t<\/div>\n\t\t\t\t<\/div>\n\t\t\t\t<div class=\"elementor-element elementor-element-ed2382c elementor-widget elementor-widget-text-editor\" data-id=\"ed2382c\" data-element_type=\"widget\" data-widget_type=\"text-editor.default\">\n\t\t\t\t<div class=\"elementor-widget-container\">\n\t\t\t\t\t\t\t\t\t<p><b>Pol\u00edtica de devolu\u00e7\u00e3o:<\/b><\/p><p>A Catch The Fever Outdoors, LLC n\u00e3o aceita devolu\u00e7\u00f5es para reembolsos, cr\u00e9ditos ou trocas no momento. Todas as vendas s\u00e3o finais. Caso uma exce\u00e7\u00e3o de devolu\u00e7\u00e3o ou troca tenha sido feita e voc\u00ea tenha entrado em contato conosco em rela\u00e7\u00e3o \u00e0 aprova\u00e7\u00e3o de uma devolu\u00e7\u00e3o\/troca, \u00e9 imperativo que voc\u00ea inclua comprova\u00e7\u00e3o do contato com nossa empresa em sua remessa de devolu\u00e7\u00e3o. Por favor, observe que todas as devolu\u00e7\u00f5es devem ser inclu\u00eddas na embalagem original acompanhadas de uma c\u00f3pia da fatura do pedido. N\u00e3o podemos aprovar quaisquer devolu\u00e7\u00f5es\/trocas com mais de 90 dias, sem exce\u00e7\u00f5es. N\u00e3o aceitaremos quaisquer pacotes enviados sem autoriza\u00e7\u00e3o. Al\u00e9m disso, quaisquer remessas recebidas que n\u00e3o tenham sido autorizadas ser\u00e3o recusadas e devolvidas ao comprador. Por favor, certifique-se de ter revisado cuidadosamente seu pedido antes de finalizar sua compra, pois todas as vendas s\u00e3o finais.       <\/p>\t\t\t\t\t\t\t\t<\/div>\n\t\t\t\t<\/div>\n\t\t\t\t<div class=\"elementor-element elementor-element-4976c51 elementor-widget elementor-widget-text-editor\" data-id=\"4976c51\" data-element_type=\"widget\" data-widget_type=\"text-editor.default\">\n\t\t\t\t<div class=\"elementor-widget-container\">\n\t\t\t\t\t\t\t\t\t<p>D\u00favidas? Estamos sempre \u00e0 disposi\u00e7\u00e3o para auxiliar e tornar nossa pol\u00edtica de devolu\u00e7\u00e3o acess\u00edvel. Entre em contato conosco por telefone ou visite nossa p\u00e1gina de contato.   <\/p>\t\t\t\t\t\t\t\t<\/div>\n\t\t\t\t<\/div>\n\t\t\t\t\t<\/div>\n\t\t<\/div>\n\t\t\t\t<div class=\"elementor-column elementor-col-50 elementor-top-column elementor-element elementor-element-5474d30\" data-id=\"5474d30\" data-element_type=\"column\">\n\t\t\t<div class=\"elementor-widget-wrap\">\n\t\t\t\t\t\t\t<\/div>\n\t\t<\/div>\n\t\t\t\t\t<\/div>\n\t\t<\/section>\n\t\t\t\t<\/div>\n\t\t","protected":false},"excerpt":{"rendered":"<p>O programa Catch The Fever recompensa a sua lealdade, a sua paix\u00e3o e as suas habilidades. Descubra como desbloquear at\u00e9 $25.000 em pr\u00eamios pescando com as nossas varas e\/ou vestindo os nossos artigos de vestu\u00e1rio.  <\/p>\n","protected":false},"author":2,"featured_media":0,"parent":0,"menu_order":0,"comment_status":"closed","ping_status":"closed","template":"","meta":{"footnotes":""},"class_list":["post-75305","page","type-page","status-publish","hentry"],"aioseo_notices":[],"jetpack_sharing_enabled":true,"_links":{"self":[{"href":"https:\/\/catchthefever.com\/pt-br\/wp-json\/wp\/v2\/pages\/75305","targetHints":{"allow":["GET"]}}],"collection":[{"href":"https:\/\/catchthefever.com\/pt-br\/wp-json\/wp\/v2\/pages"}],"about":[{"href":"https:\/\/catchthefever.com\/pt-br\/wp-json\/wp\/v2\/types\/page"}],"author":[{"embeddable":true,"href":"https:\/\/catchthefever.com\/pt-br\/wp-json\/wp\/v2\/users\/2"}],"replies":[{"embeddable":true,"href":"https:\/\/catchthefever.com\/pt-br\/wp-json\/wp\/v2\/comments?post=75305"}],"version-history":[{"count":0,"href":"https:\/\/catchthefever.com\/pt-br\/wp-json\/wp\/v2\/pages\/75305\/revisions"}],"wp:attachment":[{"href":"https:\/\/catchthefever.com\/pt-br\/wp-json\/wp\/v2\/media?parent=75305"}],"curies":[{"name":"wp","href":"https:\/\/api.w.org\/{rel}","templated":true}]}}