{"id":75166,"date":"2024-08-20T21:26:35","date_gmt":"2024-08-21T02:26:35","guid":{"rendered":"https:\/\/catchthefever.com\/registro-de-garantia\/"},"modified":"2025-09-17T12:29:44","modified_gmt":"2025-09-17T17:29:44","slug":"registro-de-garantia","status":"publish","type":"page","link":"https:\/\/catchthefever.com\/pt-br\/registro-de-garantia\/","title":{"rendered":"Registro de garantia"},"content":{"rendered":"\t\t<div data-elementor-type=\"wp-page\" data-elementor-id=\"75166\" class=\"elementor elementor-75166 elementor-3026\" data-elementor-post-type=\"page\">\n\t\t\t\t\t\t<section class=\"elementor-section elementor-top-section elementor-element elementor-element-d13fbcd elementor-section-boxed elementor-section-height-default elementor-section-height-default elementor-invisible\" data-id=\"d13fbcd\" data-element_type=\"section\" data-settings=\"{&quot;background_background&quot;:&quot;classic&quot;,&quot;animation&quot;:&quot;fadeIn&quot;}\">\n\t\t\t\t\t\t<div class=\"elementor-container elementor-column-gap-no\">\n\t\t\t\t\t<div class=\"elementor-column elementor-col-100 elementor-top-column elementor-element elementor-element-691355f\" data-id=\"691355f\" data-element_type=\"column\">\n\t\t\t<div class=\"elementor-widget-wrap elementor-element-populated\">\n\t\t\t\t\t\t<div class=\"elementor-element elementor-element-5ecd315 elementor-widget elementor-widget-spacer\" data-id=\"5ecd315\" data-element_type=\"widget\" data-widget_type=\"spacer.default\">\n\t\t\t\t<div class=\"elementor-widget-container\">\n\t\t\t\t\t\t\t<div class=\"elementor-spacer\">\n\t\t\t<div class=\"elementor-spacer-inner\"><\/div>\n\t\t<\/div>\n\t\t\t\t\t\t<\/div>\n\t\t\t\t<\/div>\n\t\t\t\t\t<\/div>\n\t\t<\/div>\n\t\t\t\t\t<\/div>\n\t\t<\/section>\n\t\t\t\t<section class=\"elementor-section elementor-top-section elementor-element elementor-element-481a78a elementor-section-boxed elementor-section-height-default elementor-section-height-default elementor-invisible\" data-id=\"481a78a\" data-element_type=\"section\" data-settings=\"{&quot;animation&quot;:&quot;fadeIn&quot;}\">\n\t\t\t\t\t\t<div class=\"elementor-container elementor-column-gap-no\">\n\t\t\t\t\t<div class=\"elementor-column elementor-col-50 elementor-top-column elementor-element elementor-element-2a00ff8 elementor-invisible\" data-id=\"2a00ff8\" data-element_type=\"column\" data-settings=\"{&quot;animation&quot;:&quot;fadeInLeft&quot;}\">\n\t\t\t<div class=\"elementor-widget-wrap elementor-element-populated\">\n\t\t\t\t\t\t<div class=\"elementor-element elementor-element-a8dd187 elementor-widget elementor-widget-heading\" data-id=\"a8dd187\" data-element_type=\"widget\" data-widget_type=\"heading.default\">\n\t\t\t\t<div class=\"elementor-widget-container\">\n\t\t\t\t\t<h2 class=\"elementor-heading-title elementor-size-default\">Proteja os seus produtos CTF. Saiba mais sobre a nossa garantia <\/h2>\t\t\t\t<\/div>\n\t\t\t\t<\/div>\n\t\t\t\t<div class=\"elementor-element elementor-element-ed2382c elementor-widget elementor-widget-text-editor\" data-id=\"ed2382c\" data-element_type=\"widget\" data-widget_type=\"text-editor.default\">\n\t\t\t\t<div class=\"elementor-widget-container\">\n\t\t\t\t\t\t\t\t\t<p>Na Catch The Fever, orgulhamo-nos da qualidade dos produtos que projetamos e vendemos. \u00c0s vezes, imprevistos acontecem. Nessas situa\u00e7\u00f5es, concordamos em cobrir o reparo e\/ou a substitui\u00e7\u00e3o do seu item, caso voc\u00ea atenda a determinadas condi\u00e7\u00f5es. No entanto, o produto em quest\u00e3o DEVE ser registrado. Leia os termos abaixo e utilize as barras laterais para registrar o seu produto e iniciar uma reclama\u00e7\u00e3o nos Estados Unidos ou em qualquer parte do mundo.     <\/p>\t\t\t\t\t\t\t\t<\/div>\n\t\t\t\t<\/div>\n\t\t\t\t<div class=\"elementor-element elementor-element-4976c51 elementor-widget elementor-widget-text-editor\" data-id=\"4976c51\" data-element_type=\"widget\" data-widget_type=\"text-editor.default\">\n\t\t\t\t<div class=\"elementor-widget-container\">\n\t\t\t\t\t\t\t\t\t<p>D\u00favidas? Estamos sempre \u00e0 disposi\u00e7\u00e3o para ajudar e tornar os nossos programas de recompensas acess\u00edveis. Entre em contato conosco ou visite a nossa p\u00e1gina de contato.   <\/p>\t\t\t\t\t\t\t\t<\/div>\n\t\t\t\t<\/div>\n\t\t\t\t<div class=\"elementor-element elementor-element-f2848fb elementor-widget elementor-widget-html\" data-id=\"f2848fb\" data-element_type=\"widget\" data-widget_type=\"html.default\">\n\t\t\t\t<div class=\"elementor-widget-container\">\n\t\t\t\t\t<div data-tf-live=\"01J5XMJRN5YVZ2XWP2NQWFW7H8\"><\/div><script src=\"\/\/embed.typeform.com\/next\/embed.js\"><\/script>\t\t\t\t<\/div>\n\t\t\t\t<\/div>\n\t\t\t\t\t<\/div>\n\t\t<\/div>\n\t\t\t\t<div class=\"elementor-column elementor-col-50 elementor-top-column elementor-element elementor-element-5474d30\" data-id=\"5474d30\" data-element_type=\"column\">\n\t\t\t<div class=\"elementor-widget-wrap elementor-element-populated\">\n\t\t\t\t\t\t<div class=\"elementor-element elementor-element-2f30537 elementor-position-left elementor-vertical-align-top elementor-invisible elementor-widget elementor-widget-image-box\" data-id=\"2f30537\" data-element_type=\"widget\" data-settings=\"{&quot;_animation&quot;:&quot;fadeInRight&quot;,&quot;_animation_delay&quot;:400}\" data-widget_type=\"image-box.default\">\n\t\t\t\t<div class=\"elementor-widget-container\">\n\t\t\t\t\t<div class=\"elementor-image-box-wrapper\"><figure class=\"elementor-image-box-img\"><img decoding=\"async\" width=\"46\" height=\"46\" src=\"https:\/\/catchthefever.com\/wp-content\/uploads\/2021\/08\/Icon-2.png\" class=\"attachment-full size-full wp-image-49\" alt=\"\" title=\"Icon (2) - Catch the Fever Outdoors\" srcset=\"https:\/\/catchthefever.com\/wp-content\/uploads\/2021\/08\/Icon-2.png 46w, https:\/\/catchthefever.com\/wp-content\/uploads\/2021\/08\/Icon-2-1x1.webp 1w, https:\/\/catchthefever.com\/wp-content\/uploads\/2021\/08\/Icon-2-10x10.webp 10w\" sizes=\"(max-width: 46px) 100vw, 46px\" \/><\/figure><div class=\"elementor-image-box-content\"><h3 class=\"elementor-image-box-title\">Registre os seus produtos aqui<\/h3><p class=\"elementor-image-box-description\">Voc\u00ea j\u00e1 pesca, tem a paix\u00e3o, torne-a ainda mais gratificante com o nosso programa de recompensas. <\/p><\/div><\/div>\t\t\t\t<\/div>\n\t\t\t\t<\/div>\n\t\t\t\t<div class=\"elementor-element elementor-element-f63d241 elementor-position-left elementor-vertical-align-top elementor-invisible elementor-widget elementor-widget-image-box\" data-id=\"f63d241\" data-element_type=\"widget\" data-settings=\"{&quot;_animation&quot;:&quot;fadeInRight&quot;,&quot;_animation_delay&quot;:600}\" data-widget_type=\"image-box.default\">\n\t\t\t\t<div class=\"elementor-widget-container\">\n\t\t\t\t\t<div class=\"elementor-image-box-wrapper\"><figure class=\"elementor-image-box-img\"><img decoding=\"async\" width=\"47\" height=\"47\" src=\"https:\/\/catchthefever.com\/wp-content\/uploads\/2021\/08\/Vector.webp\" class=\"attachment-full size-full wp-image-56\" alt=\"\" title=\"Vector - Catch the Fever Outdoors\" srcset=\"https:\/\/catchthefever.com\/wp-content\/uploads\/2021\/08\/Vector.webp 47w, https:\/\/catchthefever.com\/wp-content\/uploads\/2021\/08\/Vector-1x1.webp 1w, https:\/\/catchthefever.com\/wp-content\/uploads\/2021\/08\/Vector-10x10.webp 10w\" sizes=\"(max-width: 47px) 100vw, 47px\" \/><\/figure><div class=\"elementor-image-box-content\"><h3 class=\"elementor-image-box-title\">Iniciar uma reclama\u00e7\u00e3o (mundialmente)<\/h3><p class=\"elementor-image-box-description\">Mesmo que voc\u00ea tenha outra vara em m\u00e3os, ainda lhe damos a oportunidade de se qualificar com o nosso vestu\u00e1rio. <\/p><\/div><\/div>\t\t\t\t<\/div>\n\t\t\t\t<\/div>\n\t\t\t\t<div class=\"elementor-element elementor-element-07bca25 elementor-position-left elementor-vertical-align-top elementor-invisible elementor-widget elementor-widget-image-box\" data-id=\"07bca25\" data-element_type=\"widget\" data-settings=\"{&quot;_animation&quot;:&quot;fadeInRight&quot;,&quot;_animation_delay&quot;:600}\" data-widget_type=\"image-box.default\">\n\t\t\t\t<div class=\"elementor-widget-container\">\n\t\t\t\t\t<div class=\"elementor-image-box-wrapper\"><figure class=\"elementor-image-box-img\"><img decoding=\"async\" width=\"47\" height=\"47\" src=\"https:\/\/catchthefever.com\/wp-content\/uploads\/2021\/08\/Vector.webp\" class=\"attachment-full size-full wp-image-56\" alt=\"\" title=\"Vector - Catch the Fever Outdoors\" srcset=\"https:\/\/catchthefever.com\/wp-content\/uploads\/2021\/08\/Vector.webp 47w, https:\/\/catchthefever.com\/wp-content\/uploads\/2021\/08\/Vector-1x1.webp 1w, https:\/\/catchthefever.com\/wp-content\/uploads\/2021\/08\/Vector-10x10.webp 10w\" sizes=\"(max-width: 47px) 100vw, 47px\" \/><\/figure><div class=\"elementor-image-box-content\"><h3 class=\"elementor-image-box-title\">Reclama\u00e7\u00f5es por danos no transporte<\/h3><p class=\"elementor-image-box-description\">Voc\u00ea j\u00e1 pesca por isso. \u00c1gua doce e \u00e1gua salgada, a lista \u00e9 extensa.  <\/p><\/div><\/div>\t\t\t\t<\/div>\n\t\t\t\t<\/div>\n\t\t\t\t\t<\/div>\n\t\t<\/div>\n\t\t\t\t\t<\/div>\n\t\t<\/section>\n\t\t<div class=\"elementor-element elementor-element-689f8da e-flex e-con-boxed e-con e-parent\" data-id=\"689f8da\" data-element_type=\"container\">\n\t\t\t\t\t<div class=\"e-con-inner\">\n\t\t\t\t<div class=\"elementor-element elementor-element-e2170ec elementor-position-left elementor-vertical-align-top elementor-invisible elementor-widget elementor-widget-image-box\" data-id=\"e2170ec\" data-element_type=\"widget\" data-settings=\"{&quot;_animation&quot;:&quot;fadeInRight&quot;,&quot;_animation_delay&quot;:200}\" data-widget_type=\"image-box.default\">\n\t\t\t\t<div class=\"elementor-widget-container\">\n\t\t\t\t\t<div class=\"elementor-image-box-wrapper\"><figure class=\"elementor-image-box-img\"><img decoding=\"async\" width=\"50\" height=\"49\" src=\"https:\/\/catchthefever.com\/wp-content\/uploads\/2021\/08\/Icon-1.png\" class=\"attachment-full size-full wp-image-48\" alt=\"\" title=\"Icon (1) - Catch the Fever Outdoors\" srcset=\"https:\/\/catchthefever.com\/wp-content\/uploads\/2021\/08\/Icon-1.png 50w, https:\/\/catchthefever.com\/wp-content\/uploads\/2021\/08\/Icon-1-1x1.webp 1w, https:\/\/catchthefever.com\/wp-content\/uploads\/2021\/08\/Icon-1-10x10.webp 10w\" sizes=\"(max-width: 50px) 100vw, 50px\" \/><\/figure><div class=\"elementor-image-box-content\"><h3 class=\"elementor-image-box-title\">Garantia: regras e regulamentos oficiais<\/h3><p class=\"elementor-image-box-description\">\nAp\u00f3s o registro da sua nova Vara Catch The Fever, ela estar\u00e1 coberta pela nossa Garantia de Prote\u00e7\u00e3o Padr\u00e3o de 1 Ano contra defeitos de fabrica\u00e7\u00e3o. A Catch The Fever Outdoors substituir\u00e1 ou reparar\u00e1 a sua Vara Catch The Fever se o dano for considerado pela Catch The Fever como resultante de defeitos de material ou de fabrica\u00e7\u00e3o. Cada Vara Catch The Fever que for considerada defeituosa, ap\u00f3s an\u00e1lise pela Catch The Fever, ser\u00e1 substitu\u00edda sem custo para o consumidor por at\u00e9 1 ano.  <br><br>\nAo registrar a sua Vara Catch The Fever, assegurar\u00e1 que ela tamb\u00e9m ser\u00e1 inscrita em nosso Plano de Prote\u00e7\u00e3o Fever de 2 Anos. O nosso Plano de Prote\u00e7\u00e3o Fever de 2 anos vai al\u00e9m dos defeitos de fabrica\u00e7\u00e3o e oferece tranquilidade caso ocorra um acidente com a sua vara devido a danos diretos, indiretos, consequenciais ou incidentais causados pelo cliente que N\u00c3O sejam resultado de defeito de fabrica\u00e7\u00e3o ou m\u00e3o de obra da Catch The Fever. <br><br>\nO Plano de Prote\u00e7\u00e3o Fever de 2 Anos estabelece que, se a vara for danificada por erro do usu\u00e1rio ou por engano do cliente, substituiremos esse modelo de vara com 50% de desconto sobre o pre\u00e7o de varejo, al\u00e9m do frete e manuseio para o mesmo modelo de vara, sem questionamentos, por um per\u00edodo de 2 anos a partir da data de compra.\n\n<\/p><\/div><\/div>\t\t\t\t<\/div>\n\t\t\t\t<\/div>\n\t\t\t\t<div class=\"elementor-element elementor-element-d60b813 elementor-position-left elementor-vertical-align-top elementor-invisible elementor-widget elementor-widget-image-box\" data-id=\"d60b813\" data-element_type=\"widget\" data-settings=\"{&quot;_animation&quot;:&quot;fadeInRight&quot;,&quot;_animation_delay&quot;:200}\" data-widget_type=\"image-box.default\">\n\t\t\t\t<div class=\"elementor-widget-container\">\n\t\t\t\t\t<div class=\"elementor-image-box-wrapper\"><figure class=\"elementor-image-box-img\"><img decoding=\"async\" width=\"50\" height=\"49\" src=\"https:\/\/catchthefever.com\/wp-content\/uploads\/2021\/08\/Icon-1.png\" class=\"attachment-full size-full wp-image-48\" alt=\"\" title=\"Icon (1) - Catch the Fever Outdoors\" srcset=\"https:\/\/catchthefever.com\/wp-content\/uploads\/2021\/08\/Icon-1.png 50w, https:\/\/catchthefever.com\/wp-content\/uploads\/2021\/08\/Icon-1-1x1.webp 1w, https:\/\/catchthefever.com\/wp-content\/uploads\/2021\/08\/Icon-1-10x10.webp 10w\" sizes=\"(max-width: 50px) 100vw, 50px\" \/><\/figure><div class=\"elementor-image-box-content\"><h3 class=\"elementor-image-box-title\">Garantia: Termos e condi\u00e7\u00f5es<\/h3><p class=\"elementor-image-box-description\">\nA Garantia de Prote\u00e7\u00e3o de 1 Ano da Catch The Fever e o Plano de Prote\u00e7\u00e3o Fever de 2 anos s\u00e3o estendidos apenas ao comprador original e n\u00e3o podem ser transferidos. <br><br>\n \nA Catch The Fever Outdoors reserva-se o direito de determinar se ir\u00e1 reparar ou substituir qualquer produto coberto por esta garantia, bem como o direito de substituir modelos descontinuados por modelos compar\u00e1veis quando necess\u00e1rio. As cores e os componentes podem variar entre os modelos de vara originais e os de substitui\u00e7\u00e3o. <br><br>\n \nSe a sua Vara Catch The Fever foi adquirida em uma loja oficial de varejo, voc\u00ea DEVE guardar o recibo para poder registrar uma reclama\u00e7\u00e3o de garantia. Por favor, mantenha o seu comprovante de compra em um local seguro, para que o tenha em m\u00e3os quando ou se for registrar uma reclama\u00e7\u00e3o a qualquer momento durante o per\u00edodo de garantia. N\u00e3o ser\u00e3o feitas exce\u00e7\u00f5es.  <br><br>\n \nA sua nova Vara Catch The Fever DEVE ser registrada dentro de 14 dias ap\u00f3s a compra para se qualificar para qualquer Garantia Catch The Fever. As Reclama\u00e7\u00f5es de Garantia DEVEM ser feitas dentro de 7 dias ap\u00f3s o dano inicial. <br><br>\nAtualiza\u00e7\u00e3o dos termos de garantia: 15\/03\/2023<\/p><\/div><\/div>\t\t\t\t<\/div>\n\t\t\t\t<\/div>\n\t\t\t\t\t<\/div>\n\t\t\t\t<\/div>\n\t\t\t\t<section class=\"elementor-section elementor-top-section elementor-element elementor-element-80f50c7 elementor-section-boxed elementor-section-height-default elementor-section-height-default elementor-invisible\" data-id=\"80f50c7\" data-element_type=\"section\" data-settings=\"{&quot;animation&quot;:&quot;fadeIn&quot;}\">\n\t\t\t\t\t\t<div class=\"elementor-container elementor-column-gap-no\">\n\t\t\t\t\t<div class=\"elementor-column elementor-col-100 elementor-top-column elementor-element elementor-element-9255026\" data-id=\"9255026\" data-element_type=\"column\">\n\t\t\t<div class=\"elementor-widget-wrap\">\n\t\t\t\t\t\t\t<\/div>\n\t\t<\/div>\n\t\t\t\t\t<\/div>\n\t\t<\/section>\n\t\t<div class=\"elementor-element elementor-element-3b457b4 e-flex e-con-boxed e-con e-parent\" data-id=\"3b457b4\" data-element_type=\"container\">\n\t\t\t\t\t<div class=\"e-con-inner\">\n\t\t\t\t\t<\/div>\n\t\t\t\t<\/div>\n\t\t\t\t<\/div>\n\t\t","protected":false},"excerpt":{"rendered":"<p>O programa Catch The Fever recompensa a sua lealdade, a sua paix\u00e3o e as suas habilidades. Descubra como desbloquear at\u00e9 $25.000 em pr\u00eamios pescando com as nossas varas e\/ou vestindo os nossos artigos de vestu\u00e1rio.  <\/p>\n","protected":false},"author":2,"featured_media":0,"parent":0,"menu_order":0,"comment_status":"closed","ping_status":"closed","template":"","meta":{"footnotes":""},"class_list":["post-75166","page","type-page","status-publish","hentry"],"aioseo_notices":[],"jetpack_sharing_enabled":true,"_links":{"self":[{"href":"https:\/\/catchthefever.com\/pt-br\/wp-json\/wp\/v2\/pages\/75166","targetHints":{"allow":["GET"]}}],"collection":[{"href":"https:\/\/catchthefever.com\/pt-br\/wp-json\/wp\/v2\/pages"}],"about":[{"href":"https:\/\/catchthefever.com\/pt-br\/wp-json\/wp\/v2\/types\/page"}],"author":[{"embeddable":true,"href":"https:\/\/catchthefever.com\/pt-br\/wp-json\/wp\/v2\/users\/2"}],"replies":[{"embeddable":true,"href":"https:\/\/catchthefever.com\/pt-br\/wp-json\/wp\/v2\/comments?post=75166"}],"version-history":[{"count":0,"href":"https:\/\/catchthefever.com\/pt-br\/wp-json\/wp\/v2\/pages\/75166\/revisions"}],"wp:attachment":[{"href":"https:\/\/catchthefever.com\/pt-br\/wp-json\/wp\/v2\/media?parent=75166"}],"curies":[{"name":"wp","href":"https:\/\/api.w.org\/{rel}","templated":true}]}}