{"id":75309,"date":"2024-08-20T21:30:21","date_gmt":"2024-08-21T02:30:21","guid":{"rendered":"https:\/\/catchthefever.com\/allingrosso\/"},"modified":"2025-09-17T12:29:39","modified_gmt":"2025-09-17T17:29:39","slug":"allingrosso","status":"publish","type":"page","link":"https:\/\/catchthefever.com\/it\/allingrosso\/","title":{"rendered":"All&#8217;ingrosso"},"content":{"rendered":"\t\t<div data-elementor-type=\"wp-page\" data-elementor-id=\"75309\" class=\"elementor elementor-75309 elementor-3029\" data-elementor-post-type=\"page\">\n\t\t\t\t\t\t<section class=\"elementor-section elementor-top-section elementor-element elementor-element-d13fbcd elementor-section-boxed elementor-section-height-default elementor-section-height-default elementor-invisible\" data-id=\"d13fbcd\" data-element_type=\"section\" data-settings=\"{&quot;background_background&quot;:&quot;classic&quot;,&quot;animation&quot;:&quot;fadeIn&quot;}\">\n\t\t\t\t\t\t<div class=\"elementor-container elementor-column-gap-no\">\n\t\t\t\t\t<div class=\"elementor-column elementor-col-100 elementor-top-column elementor-element elementor-element-691355f\" data-id=\"691355f\" data-element_type=\"column\">\n\t\t\t<div class=\"elementor-widget-wrap elementor-element-populated\">\n\t\t\t\t\t\t<div class=\"elementor-element elementor-element-5ecd315 elementor-widget elementor-widget-spacer\" data-id=\"5ecd315\" data-element_type=\"widget\" data-widget_type=\"spacer.default\">\n\t\t\t\t<div class=\"elementor-widget-container\">\n\t\t\t\t\t\t\t<div class=\"elementor-spacer\">\n\t\t\t<div class=\"elementor-spacer-inner\"><\/div>\n\t\t<\/div>\n\t\t\t\t\t\t<\/div>\n\t\t\t\t<\/div>\n\t\t\t\t\t<\/div>\n\t\t<\/div>\n\t\t\t\t\t<\/div>\n\t\t<\/section>\n\t\t\t\t<section class=\"elementor-section elementor-top-section elementor-element elementor-element-481a78a elementor-section-boxed elementor-section-height-default elementor-section-height-default elementor-invisible\" data-id=\"481a78a\" data-element_type=\"section\" data-settings=\"{&quot;animation&quot;:&quot;fadeIn&quot;}\">\n\t\t\t\t\t\t<div class=\"elementor-container elementor-column-gap-no\">\n\t\t\t\t\t<div class=\"elementor-column elementor-col-50 elementor-top-column elementor-element elementor-element-2a00ff8 elementor-invisible\" data-id=\"2a00ff8\" data-element_type=\"column\" data-settings=\"{&quot;animation&quot;:&quot;fadeInLeft&quot;}\">\n\t\t\t<div class=\"elementor-widget-wrap elementor-element-populated\">\n\t\t\t\t\t\t<div class=\"elementor-element elementor-element-a8dd187 elementor-widget elementor-widget-heading\" data-id=\"a8dd187\" data-element_type=\"widget\" data-widget_type=\"heading.default\">\n\t\t\t\t<div class=\"elementor-widget-container\">\n\t\t\t\t\t<h2 class=\"elementor-heading-title elementor-size-default\">Vuoi vendere la nostra linea di prodotti?<\/h2>\t\t\t\t<\/div>\n\t\t\t\t<\/div>\n\t\t\t\t<div class=\"elementor-element elementor-element-ed2382c elementor-widget elementor-widget-text-editor\" data-id=\"ed2382c\" data-element_type=\"widget\" data-widget_type=\"text-editor.default\">\n\t\t\t\t<div class=\"elementor-widget-container\">\n\t\t\t\t\t\t\t\t\t<p>Come una delle aziende outdoor in pi\u00f9 rapida crescita nel paese, Catch the Fever ti offre l&#8217;opportunit\u00e0 di vendere prodotti autentici che non solo sono molto conosciuti a livello nazionale, ma hanno anche una forte presenza internazionale. Il nostro marchio porta credibilit\u00e0 e traffico al tuo negozio, aiutandoti ad attirare pi\u00f9 clienti che apprezzano la qualit\u00e0 e le prestazioni. <\/p><p>Capiamo profondamente il modello di business all&#8217;ingrosso e al dettaglio, e le nostre politiche sono pensate per supportare pienamente i nostri partner. Quando lavori con noi, non sei solo un cliente &#8211; sei un partner prezioso. Ci impegniamo a garantire che tu riceva lo stesso livello di servizio e rispetto di qualsiasi altra parte del nostro business, senza mai sacrificare le tue esigenze o trattarti come un cliente di seconda classe.  <\/p>\t\t\t\t\t\t\t\t<\/div>\n\t\t\t\t<\/div>\n\t\t\t\t<div class=\"elementor-element elementor-element-4976c51 elementor-widget elementor-widget-text-editor\" data-id=\"4976c51\" data-element_type=\"widget\" data-widget_type=\"text-editor.default\">\n\t\t\t\t<div class=\"elementor-widget-container\">\n\t\t\t\t\t\t\t\t\t<p>Domande? Siamo sempre qui per aiutare e rendere i nostri programmi accessibili. Chiamaci o visita la nostra pagina dei contatti.   <\/p>\t\t\t\t\t\t\t\t<\/div>\n\t\t\t\t<\/div>\n\t\t\t\t\t<\/div>\n\t\t<\/div>\n\t\t\t\t<div class=\"elementor-column elementor-col-50 elementor-top-column elementor-element elementor-element-5474d30\" data-id=\"5474d30\" data-element_type=\"column\">\n\t\t\t<div class=\"elementor-widget-wrap elementor-element-populated\">\n\t\t\t\t\t\t<div class=\"elementor-element elementor-element-2f30537 elementor-position-left elementor-vertical-align-top elementor-invisible elementor-widget elementor-widget-image-box\" data-id=\"2f30537\" data-element_type=\"widget\" data-settings=\"{&quot;_animation&quot;:&quot;fadeInRight&quot;,&quot;_animation_delay&quot;:400}\" data-widget_type=\"image-box.default\">\n\t\t\t\t<div class=\"elementor-widget-container\">\n\t\t\t\t\t<div class=\"elementor-image-box-wrapper\"><figure class=\"elementor-image-box-img\"><img decoding=\"async\" width=\"46\" height=\"46\" src=\"https:\/\/catchthefever.com\/wp-content\/uploads\/2021\/08\/Icon-2.png\" class=\"attachment-full size-full wp-image-49\" alt=\"\" title=\"Icon (2) - Catch the Fever Outdoors\" srcset=\"https:\/\/catchthefever.com\/wp-content\/uploads\/2021\/08\/Icon-2.png 46w, https:\/\/catchthefever.com\/wp-content\/uploads\/2021\/08\/Icon-2-1x1.webp 1w, https:\/\/catchthefever.com\/wp-content\/uploads\/2021\/08\/Icon-2-10x10.webp 10w\" sizes=\"(max-width: 46px) 100vw, 46px\" \/><\/figure><div class=\"elementor-image-box-content\"><h3 class=\"elementor-image-box-title\">Applicazione rapida e facile<\/h3><p class=\"elementor-image-box-description\">Completa la tua domanda in meno di 2 minuti<\/p><\/div><\/div>\t\t\t\t<\/div>\n\t\t\t\t<\/div>\n\t\t\t\t<div class=\"elementor-element elementor-element-f63d241 elementor-position-left elementor-vertical-align-top elementor-invisible elementor-widget elementor-widget-image-box\" data-id=\"f63d241\" data-element_type=\"widget\" data-settings=\"{&quot;_animation&quot;:&quot;fadeInRight&quot;,&quot;_animation_delay&quot;:600}\" data-widget_type=\"image-box.default\">\n\t\t\t\t<div class=\"elementor-widget-container\">\n\t\t\t\t\t<div class=\"elementor-image-box-wrapper\"><figure class=\"elementor-image-box-img\"><img decoding=\"async\" width=\"47\" height=\"47\" src=\"https:\/\/catchthefever.com\/wp-content\/uploads\/2021\/08\/Vector.webp\" class=\"attachment-full size-full wp-image-56\" alt=\"\" title=\"Vector - Catch the Fever Outdoors\" srcset=\"https:\/\/catchthefever.com\/wp-content\/uploads\/2021\/08\/Vector.webp 47w, https:\/\/catchthefever.com\/wp-content\/uploads\/2021\/08\/Vector-1x1.webp 1w, https:\/\/catchthefever.com\/wp-content\/uploads\/2021\/08\/Vector-10x10.webp 10w\" sizes=\"(max-width: 47px) 100vw, 47px\" \/><\/figure><div class=\"elementor-image-box-content\"><h3 class=\"elementor-image-box-title\">Portata globale<\/h3><p class=\"elementor-image-box-description\">Accettiamo domande sia dagli Stati Uniti che internazionali.<\/p><\/div><\/div>\t\t\t\t<\/div>\n\t\t\t\t<\/div>\n\t\t\t\t<div class=\"elementor-element elementor-element-07bca25 elementor-position-left elementor-vertical-align-top elementor-invisible elementor-widget elementor-widget-image-box\" data-id=\"07bca25\" data-element_type=\"widget\" data-settings=\"{&quot;_animation&quot;:&quot;fadeInRight&quot;,&quot;_animation_delay&quot;:600}\" data-widget_type=\"image-box.default\">\n\t\t\t\t<div class=\"elementor-widget-container\">\n\t\t\t\t\t<div class=\"elementor-image-box-wrapper\"><figure class=\"elementor-image-box-img\"><img decoding=\"async\" width=\"47\" height=\"47\" src=\"https:\/\/catchthefever.com\/wp-content\/uploads\/2021\/08\/Vector.webp\" class=\"attachment-full size-full wp-image-56\" alt=\"\" title=\"Vector - Catch the Fever Outdoors\" srcset=\"https:\/\/catchthefever.com\/wp-content\/uploads\/2021\/08\/Vector.webp 47w, https:\/\/catchthefever.com\/wp-content\/uploads\/2021\/08\/Vector-1x1.webp 1w, https:\/\/catchthefever.com\/wp-content\/uploads\/2021\/08\/Vector-10x10.webp 10w\" sizes=\"(max-width: 47px) 100vw, 47px\" \/><\/figure><div class=\"elementor-image-box-content\"><h3 class=\"elementor-image-box-title\">Contatto all'ingrosso<\/h3><p class=\"elementor-image-box-description\">Contatta Shane Walser <br>Direttore Commerciale<br><br>\nwholesale@catchthefever.com<br>Telefono (743)244-5568\n<\/p><\/div><\/div>\t\t\t\t<\/div>\n\t\t\t\t<\/div>\n\t\t\t\t\t<\/div>\n\t\t<\/div>\n\t\t\t\t\t<\/div>\n\t\t<\/section>\n\t\t<div class=\"elementor-element elementor-element-be5c5ef e-flex e-con-boxed e-con e-parent\" data-id=\"be5c5ef\" data-element_type=\"container\">\n\t\t\t\t\t<div class=\"e-con-inner\">\n\t\t\t\t<div class=\"elementor-element elementor-element-15a45bb elementor-widget elementor-widget-html\" data-id=\"15a45bb\" data-element_type=\"widget\" data-widget_type=\"html.default\">\n\t\t\t\t<div class=\"elementor-widget-container\">\n\t\t\t\t\t<div data-tf-live=\"01JBCBPKQVBGG6WQC01KKJDKAC\"><\/div><script src=\"\/\/embed.typeform.com\/next\/embed.js\"><\/script>\t\t\t\t<\/div>\n\t\t\t\t<\/div>\n\t\t\t\t\t<\/div>\n\t\t\t\t<\/div>\n\t\t\t\t<\/div>\n\t\t","protected":false},"excerpt":{"rendered":"<p>Catch The Fever ti premia per la tua fedelt\u00e0, la tua passione e le tue abilit\u00e0. Scopri come sbloccare fino a 25.000$ di premio pescando con le nostre canne e\/o indossando il nostro abbigliamento.  <\/p>\n","protected":false},"author":2,"featured_media":0,"parent":0,"menu_order":0,"comment_status":"closed","ping_status":"closed","template":"","meta":{"footnotes":""},"class_list":["post-75309","page","type-page","status-publish","hentry"],"aioseo_notices":[],"jetpack_sharing_enabled":true,"_links":{"self":[{"href":"https:\/\/catchthefever.com\/it\/wp-json\/wp\/v2\/pages\/75309","targetHints":{"allow":["GET"]}}],"collection":[{"href":"https:\/\/catchthefever.com\/it\/wp-json\/wp\/v2\/pages"}],"about":[{"href":"https:\/\/catchthefever.com\/it\/wp-json\/wp\/v2\/types\/page"}],"author":[{"embeddable":true,"href":"https:\/\/catchthefever.com\/it\/wp-json\/wp\/v2\/users\/2"}],"replies":[{"embeddable":true,"href":"https:\/\/catchthefever.com\/it\/wp-json\/wp\/v2\/comments?post=75309"}],"version-history":[{"count":0,"href":"https:\/\/catchthefever.com\/it\/wp-json\/wp\/v2\/pages\/75309\/revisions"}],"wp:attachment":[{"href":"https:\/\/catchthefever.com\/it\/wp-json\/wp\/v2\/media?parent=75309"}],"curies":[{"name":"wp","href":"https:\/\/api.w.org\/{rel}","templated":true}]}}