{"id":75195,"date":"2024-08-20T21:26:35","date_gmt":"2024-08-21T02:26:35","guid":{"rendered":"https:\/\/catchthefever.com\/registrazione-della-garanzia\/"},"modified":"2025-09-17T12:29:43","modified_gmt":"2025-09-17T17:29:43","slug":"registrazione-della-garanzia","status":"publish","type":"page","link":"https:\/\/catchthefever.com\/it\/registrazione-della-garanzia\/","title":{"rendered":"Registrazione della garanzia"},"content":{"rendered":"\t\t<div data-elementor-type=\"wp-page\" data-elementor-id=\"75195\" class=\"elementor elementor-75195 elementor-3026\" data-elementor-post-type=\"page\">\n\t\t\t\t\t\t<section class=\"elementor-section elementor-top-section elementor-element elementor-element-d13fbcd elementor-section-boxed elementor-section-height-default elementor-section-height-default elementor-invisible\" data-id=\"d13fbcd\" data-element_type=\"section\" data-settings=\"{&quot;background_background&quot;:&quot;classic&quot;,&quot;animation&quot;:&quot;fadeIn&quot;}\">\n\t\t\t\t\t\t<div class=\"elementor-container elementor-column-gap-no\">\n\t\t\t\t\t<div class=\"elementor-column elementor-col-100 elementor-top-column elementor-element elementor-element-691355f\" data-id=\"691355f\" data-element_type=\"column\">\n\t\t\t<div class=\"elementor-widget-wrap elementor-element-populated\">\n\t\t\t\t\t\t<div class=\"elementor-element elementor-element-5ecd315 elementor-widget elementor-widget-spacer\" data-id=\"5ecd315\" data-element_type=\"widget\" data-widget_type=\"spacer.default\">\n\t\t\t\t<div class=\"elementor-widget-container\">\n\t\t\t\t\t\t\t<div class=\"elementor-spacer\">\n\t\t\t<div class=\"elementor-spacer-inner\"><\/div>\n\t\t<\/div>\n\t\t\t\t\t\t<\/div>\n\t\t\t\t<\/div>\n\t\t\t\t\t<\/div>\n\t\t<\/div>\n\t\t\t\t\t<\/div>\n\t\t<\/section>\n\t\t\t\t<section class=\"elementor-section elementor-top-section elementor-element elementor-element-481a78a elementor-section-boxed elementor-section-height-default elementor-section-height-default elementor-invisible\" data-id=\"481a78a\" data-element_type=\"section\" data-settings=\"{&quot;animation&quot;:&quot;fadeIn&quot;}\">\n\t\t\t\t\t\t<div class=\"elementor-container elementor-column-gap-no\">\n\t\t\t\t\t<div class=\"elementor-column elementor-col-50 elementor-top-column elementor-element elementor-element-2a00ff8 elementor-invisible\" data-id=\"2a00ff8\" data-element_type=\"column\" data-settings=\"{&quot;animation&quot;:&quot;fadeInLeft&quot;}\">\n\t\t\t<div class=\"elementor-widget-wrap elementor-element-populated\">\n\t\t\t\t\t\t<div class=\"elementor-element elementor-element-a8dd187 elementor-widget elementor-widget-heading\" data-id=\"a8dd187\" data-element_type=\"widget\" data-widget_type=\"heading.default\">\n\t\t\t\t<div class=\"elementor-widget-container\">\n\t\t\t\t\t<h2 class=\"elementor-heading-title elementor-size-default\">Proteggi i tuoi prodotti CTF. Scopri di pi\u00f9 sulla nostra garanzia <\/h2>\t\t\t\t<\/div>\n\t\t\t\t<\/div>\n\t\t\t\t<div class=\"elementor-element elementor-element-ed2382c elementor-widget elementor-widget-text-editor\" data-id=\"ed2382c\" data-element_type=\"widget\" data-widget_type=\"text-editor.default\">\n\t\t\t\t<div class=\"elementor-widget-container\">\n\t\t\t\t\t\t\t\t\t<p>In Catch The Fever, siamo orgogliosi della qualit\u00e0 dei prodotti che progettiamo e vendiamo. A volte, succedono imprevisti. In tal caso, accettiamo di coprire la riparazione e\/o la sostituzione del tuo articolo se soddisfi certe condizioni. Tuttavia, il prodotto in questione DEVE essere registrato. Leggi i termini qui sotto e usa le barre laterali per registrare il tuo prodotto e avviare un reclamo negli Stati Uniti o in qualsiasi parte del mondo.     <\/p>\t\t\t\t\t\t\t\t<\/div>\n\t\t\t\t<\/div>\n\t\t\t\t<div class=\"elementor-element elementor-element-4976c51 elementor-widget elementor-widget-text-editor\" data-id=\"4976c51\" data-element_type=\"widget\" data-widget_type=\"text-editor.default\">\n\t\t\t\t<div class=\"elementor-widget-container\">\n\t\t\t\t\t\t\t\t\t<p>Domande? Siamo sempre qui per aiutare e rendere accessibili i nostri programmi di ricompensa. Chiamaci o visita la nostra pagina dei contatti.   <\/p>\t\t\t\t\t\t\t\t<\/div>\n\t\t\t\t<\/div>\n\t\t\t\t<div class=\"elementor-element elementor-element-f2848fb elementor-widget elementor-widget-html\" data-id=\"f2848fb\" data-element_type=\"widget\" data-widget_type=\"html.default\">\n\t\t\t\t<div class=\"elementor-widget-container\">\n\t\t\t\t\t<div data-tf-live=\"01J5XMJRN5YVZ2XWP2NQWFW7H8\"><\/div><script src=\"\/\/embed.typeform.com\/next\/embed.js\"><\/script>\t\t\t\t<\/div>\n\t\t\t\t<\/div>\n\t\t\t\t\t<\/div>\n\t\t<\/div>\n\t\t\t\t<div class=\"elementor-column elementor-col-50 elementor-top-column elementor-element elementor-element-5474d30\" data-id=\"5474d30\" data-element_type=\"column\">\n\t\t\t<div class=\"elementor-widget-wrap elementor-element-populated\">\n\t\t\t\t\t\t<div class=\"elementor-element elementor-element-2f30537 elementor-position-left elementor-vertical-align-top elementor-invisible elementor-widget elementor-widget-image-box\" data-id=\"2f30537\" data-element_type=\"widget\" data-settings=\"{&quot;_animation&quot;:&quot;fadeInRight&quot;,&quot;_animation_delay&quot;:400}\" data-widget_type=\"image-box.default\">\n\t\t\t\t<div class=\"elementor-widget-container\">\n\t\t\t\t\t<div class=\"elementor-image-box-wrapper\"><figure class=\"elementor-image-box-img\"><img decoding=\"async\" width=\"46\" height=\"46\" src=\"https:\/\/catchthefever.com\/wp-content\/uploads\/2021\/08\/Icon-2.png\" class=\"attachment-full size-full wp-image-49\" alt=\"\" title=\"Icon (2) - Catch the Fever Outdoors\" srcset=\"https:\/\/catchthefever.com\/wp-content\/uploads\/2021\/08\/Icon-2.png 46w, https:\/\/catchthefever.com\/wp-content\/uploads\/2021\/08\/Icon-2-1x1.webp 1w, https:\/\/catchthefever.com\/wp-content\/uploads\/2021\/08\/Icon-2-10x10.webp 10w\" sizes=\"(max-width: 46px) 100vw, 46px\" \/><\/figure><div class=\"elementor-image-box-content\"><h3 class=\"elementor-image-box-title\">Registra qui i tuoi prodotti<\/h3><p class=\"elementor-image-box-description\">Gi\u00e0 peschi, hai la passione, rendila pi\u00f9 dolce con il nostro programma di ricompense. <\/p><\/div><\/div>\t\t\t\t<\/div>\n\t\t\t\t<\/div>\n\t\t\t\t<div class=\"elementor-element elementor-element-f63d241 elementor-position-left elementor-vertical-align-top elementor-invisible elementor-widget elementor-widget-image-box\" data-id=\"f63d241\" data-element_type=\"widget\" data-settings=\"{&quot;_animation&quot;:&quot;fadeInRight&quot;,&quot;_animation_delay&quot;:600}\" data-widget_type=\"image-box.default\">\n\t\t\t\t<div class=\"elementor-widget-container\">\n\t\t\t\t\t<div class=\"elementor-image-box-wrapper\"><figure class=\"elementor-image-box-img\"><img decoding=\"async\" width=\"47\" height=\"47\" src=\"https:\/\/catchthefever.com\/wp-content\/uploads\/2021\/08\/Vector.webp\" class=\"attachment-full size-full wp-image-56\" alt=\"\" title=\"Vector - Catch the Fever Outdoors\" srcset=\"https:\/\/catchthefever.com\/wp-content\/uploads\/2021\/08\/Vector.webp 47w, https:\/\/catchthefever.com\/wp-content\/uploads\/2021\/08\/Vector-1x1.webp 1w, https:\/\/catchthefever.com\/wp-content\/uploads\/2021\/08\/Vector-10x10.webp 10w\" sizes=\"(max-width: 47px) 100vw, 47px\" \/><\/figure><div class=\"elementor-image-box-content\"><h3 class=\"elementor-image-box-title\">Avvia un reclamo (in tutto il mondo)<\/h3><p class=\"elementor-image-box-description\">Potresti avere un'altra canna in mano, ma ti diamo comunque la possibilit\u00e0 di qualificarti con il nostro abbigliamento. <\/p><\/div><\/div>\t\t\t\t<\/div>\n\t\t\t\t<\/div>\n\t\t\t\t<div class=\"elementor-element elementor-element-07bca25 elementor-position-left elementor-vertical-align-top elementor-invisible elementor-widget elementor-widget-image-box\" data-id=\"07bca25\" data-element_type=\"widget\" data-settings=\"{&quot;_animation&quot;:&quot;fadeInRight&quot;,&quot;_animation_delay&quot;:600}\" data-widget_type=\"image-box.default\">\n\t\t\t\t<div class=\"elementor-widget-container\">\n\t\t\t\t\t<div class=\"elementor-image-box-wrapper\"><figure class=\"elementor-image-box-img\"><img decoding=\"async\" width=\"47\" height=\"47\" src=\"https:\/\/catchthefever.com\/wp-content\/uploads\/2021\/08\/Vector.webp\" class=\"attachment-full size-full wp-image-56\" alt=\"\" title=\"Vector - Catch the Fever Outdoors\" srcset=\"https:\/\/catchthefever.com\/wp-content\/uploads\/2021\/08\/Vector.webp 47w, https:\/\/catchthefever.com\/wp-content\/uploads\/2021\/08\/Vector-1x1.webp 1w, https:\/\/catchthefever.com\/wp-content\/uploads\/2021\/08\/Vector-10x10.webp 10w\" sizes=\"(max-width: 47px) 100vw, 47px\" \/><\/figure><div class=\"elementor-image-box-content\"><h3 class=\"elementor-image-box-title\">Reclami per danni di spedizione<\/h3><p class=\"elementor-image-box-description\">Gi\u00e0 peschi per questo. Acqua dolce e acqua salata, la lista \u00e8 lunga.  <\/p><\/div><\/div>\t\t\t\t<\/div>\n\t\t\t\t<\/div>\n\t\t\t\t\t<\/div>\n\t\t<\/div>\n\t\t\t\t\t<\/div>\n\t\t<\/section>\n\t\t<div class=\"elementor-element elementor-element-689f8da e-flex e-con-boxed e-con e-parent\" data-id=\"689f8da\" data-element_type=\"container\">\n\t\t\t\t\t<div class=\"e-con-inner\">\n\t\t\t\t<div class=\"elementor-element elementor-element-e2170ec elementor-position-left elementor-vertical-align-top elementor-invisible elementor-widget elementor-widget-image-box\" data-id=\"e2170ec\" data-element_type=\"widget\" data-settings=\"{&quot;_animation&quot;:&quot;fadeInRight&quot;,&quot;_animation_delay&quot;:200}\" data-widget_type=\"image-box.default\">\n\t\t\t\t<div class=\"elementor-widget-container\">\n\t\t\t\t\t<div class=\"elementor-image-box-wrapper\"><figure class=\"elementor-image-box-img\"><img decoding=\"async\" width=\"50\" height=\"49\" src=\"https:\/\/catchthefever.com\/wp-content\/uploads\/2021\/08\/Icon-1.png\" class=\"attachment-full size-full wp-image-48\" alt=\"\" title=\"Icon (1) - Catch the Fever Outdoors\" srcset=\"https:\/\/catchthefever.com\/wp-content\/uploads\/2021\/08\/Icon-1.png 50w, https:\/\/catchthefever.com\/wp-content\/uploads\/2021\/08\/Icon-1-1x1.webp 1w, https:\/\/catchthefever.com\/wp-content\/uploads\/2021\/08\/Icon-1-10x10.webp 10w\" sizes=\"(max-width: 50px) 100vw, 50px\" \/><\/figure><div class=\"elementor-image-box-content\"><h3 class=\"elementor-image-box-title\">Garanzia: regole e normative ufficiali<\/h3><p class=\"elementor-image-box-description\">\nDopo aver registrato la tua nuova Canna Catch The Fever, \u00e8 coperta dalla nostra Garanzia di Protezione Standard di 1 Anno contro i difetti di fabbricazione. Catch The Fever Outdoors sostituir\u00e0 o riparer\u00e0 la tua Canna Catch The Fever se il danno \u00e8 considerato da Catch The Fever come risultato di difetti di materiale o lavorazione. Ogni Canna Catch The Fever che risulti difettosa, dopo revisione da parte di Catch The Fever, sar\u00e0 sostituita senza costi per il consumatore fino a 1 anno.  <br><br>\nRegistrando la tua Canna Catch The Fever, assicurerai che sar\u00e0 inclusa anche nel nostro Piano di Protezione Fever di 2 Anni. Il nostro Piano di Protezione Fever di 2 anni va oltre i difetti di fabbricazione e ti d\u00e0 tranquillit\u00e0 in caso di incidente alla tua canna da danni diretti, indiretti, consequenziali o incidentali causati dal cliente che NON sono il risultato di un difetto di fabbricazione o lavorazione di Catch The Fever. <br><br>\nIl Piano di Protezione Fever di 2 Anni stabilisce che se la canna viene danneggiata per errore dell'utente o per sbaglio del cliente, sostituiremo quel modello di canna al 50% di sconto sul prezzo al dettaglio, pi\u00f9 spese di spedizione e gestione per lo stesso modello di canna senza fare domande per un periodo di 2 anni dalla data di acquisto.\n\n<\/p><\/div><\/div>\t\t\t\t<\/div>\n\t\t\t\t<\/div>\n\t\t\t\t<div class=\"elementor-element elementor-element-d60b813 elementor-position-left elementor-vertical-align-top elementor-invisible elementor-widget elementor-widget-image-box\" data-id=\"d60b813\" data-element_type=\"widget\" data-settings=\"{&quot;_animation&quot;:&quot;fadeInRight&quot;,&quot;_animation_delay&quot;:200}\" data-widget_type=\"image-box.default\">\n\t\t\t\t<div class=\"elementor-widget-container\">\n\t\t\t\t\t<div class=\"elementor-image-box-wrapper\"><figure class=\"elementor-image-box-img\"><img decoding=\"async\" width=\"50\" height=\"49\" src=\"https:\/\/catchthefever.com\/wp-content\/uploads\/2021\/08\/Icon-1.png\" class=\"attachment-full size-full wp-image-48\" alt=\"\" title=\"Icon (1) - Catch the Fever Outdoors\" srcset=\"https:\/\/catchthefever.com\/wp-content\/uploads\/2021\/08\/Icon-1.png 50w, https:\/\/catchthefever.com\/wp-content\/uploads\/2021\/08\/Icon-1-1x1.webp 1w, https:\/\/catchthefever.com\/wp-content\/uploads\/2021\/08\/Icon-1-10x10.webp 10w\" sizes=\"(max-width: 50px) 100vw, 50px\" \/><\/figure><div class=\"elementor-image-box-content\"><h3 class=\"elementor-image-box-title\">Garanzia: Termini e condizioni<\/h3><p class=\"elementor-image-box-description\">\nLa Garanzia di Protezione di 1 Anno di Catch The Fever e il Piano di Protezione Fever di 2 anni sono estesi solo all'acquirente originale e non possono essere trasferiti. <br><br>\n \nCatch The Fever Outdoors si riserva il diritto di determinare se riparare o sostituire qualsiasi prodotto coperto da questa garanzia, nonch\u00e9 il diritto di sostituire qualsiasi modello fuori produzione con modelli comparabili quando necessario. Colori e componenti possono variare tra i modelli originali e quelli sostitutivi. <br><br>\n \nSe la tua Canna Catch The Fever \u00e8 stata acquistata da un negozio al dettaglio ufficiale, DEVI conservare lo scontrino per presentare una richiesta di garanzia. Per favore, tieni la prova d'acquisto in un luogo sicuro, in modo da averla a portata di mano quando o se dovessi presentare un reclamo in qualsiasi momento durante il periodo di garanzia. Nessuna eccezione.  <br><br>\n \nLa tua nuova Canna Catch The Fever DEVE essere registrata entro 14 giorni dall'acquisto per qualificarsi per qualsiasi Garanzia Catch The Fever. Le richieste di garanzia DEVONO essere fatte entro 7 giorni dal danno iniziale. <br><br>\nAggiornamento dei termini di garanzia: 15\/03\/2023<\/p><\/div><\/div>\t\t\t\t<\/div>\n\t\t\t\t<\/div>\n\t\t\t\t\t<\/div>\n\t\t\t\t<\/div>\n\t\t\t\t<section class=\"elementor-section elementor-top-section elementor-element elementor-element-80f50c7 elementor-section-boxed elementor-section-height-default elementor-section-height-default elementor-invisible\" data-id=\"80f50c7\" data-element_type=\"section\" data-settings=\"{&quot;animation&quot;:&quot;fadeIn&quot;}\">\n\t\t\t\t\t\t<div class=\"elementor-container elementor-column-gap-no\">\n\t\t\t\t\t<div class=\"elementor-column elementor-col-100 elementor-top-column elementor-element elementor-element-9255026\" data-id=\"9255026\" data-element_type=\"column\">\n\t\t\t<div class=\"elementor-widget-wrap\">\n\t\t\t\t\t\t\t<\/div>\n\t\t<\/div>\n\t\t\t\t\t<\/div>\n\t\t<\/section>\n\t\t<div class=\"elementor-element elementor-element-3b457b4 e-flex e-con-boxed e-con e-parent\" data-id=\"3b457b4\" data-element_type=\"container\">\n\t\t\t\t\t<div class=\"e-con-inner\">\n\t\t\t\t\t<\/div>\n\t\t\t\t<\/div>\n\t\t\t\t<\/div>\n\t\t","protected":false},"excerpt":{"rendered":"<p>Catch The Fever ti premia per la tua fedelt\u00e0, la tua passione e le tue abilit\u00e0. Scopri come sbloccare fino a 25.000$ di premio pescando con le nostre canne e\/o indossando il nostro abbigliamento.  <\/p>\n","protected":false},"author":2,"featured_media":0,"parent":0,"menu_order":0,"comment_status":"closed","ping_status":"closed","template":"","meta":{"footnotes":""},"class_list":["post-75195","page","type-page","status-publish","hentry"],"aioseo_notices":[],"jetpack_sharing_enabled":true,"_links":{"self":[{"href":"https:\/\/catchthefever.com\/it\/wp-json\/wp\/v2\/pages\/75195","targetHints":{"allow":["GET"]}}],"collection":[{"href":"https:\/\/catchthefever.com\/it\/wp-json\/wp\/v2\/pages"}],"about":[{"href":"https:\/\/catchthefever.com\/it\/wp-json\/wp\/v2\/types\/page"}],"author":[{"embeddable":true,"href":"https:\/\/catchthefever.com\/it\/wp-json\/wp\/v2\/users\/2"}],"replies":[{"embeddable":true,"href":"https:\/\/catchthefever.com\/it\/wp-json\/wp\/v2\/comments?post=75195"}],"version-history":[{"count":0,"href":"https:\/\/catchthefever.com\/it\/wp-json\/wp\/v2\/pages\/75195\/revisions"}],"wp:attachment":[{"href":"https:\/\/catchthefever.com\/it\/wp-json\/wp\/v2\/media?parent=75195"}],"curies":[{"name":"wp","href":"https:\/\/api.w.org\/{rel}","templated":true}]}}