{"id":80421,"date":"2024-05-16T21:11:41","date_gmt":"2024-05-16T21:11:41","guid":{"rendered":"https:\/\/catchthefever.com\/product\/slime-line-vert-haute-visibilite\/"},"modified":"2025-11-03T14:01:19","modified_gmt":"2025-11-03T19:01:19","slug":"slime-line-vert-haute-visibilite","status":"publish","type":"product","link":"https:\/\/catchthefever.com\/fr\/produit\/slime-line-vert-haute-visibilite\/","title":{"rendered":"Slime Line\u00ae \u2013 Vert haute visibilit\u00e9"},"content":{"rendered":"\t\t<div data-elementor-type=\"product-post\" data-elementor-id=\"80421\" class=\"elementor elementor-80421 elementor-1871\" data-elementor-post-type=\"product\">\n\t\t\t\t\t\t<section class=\"elementor-section elementor-top-section elementor-element elementor-element-65ba41d elementor-section-content-middle elementor-section-boxed elementor-section-height-default elementor-section-height-default\" data-id=\"65ba41d\" data-element_type=\"section\">\n\t\t\t\t\t\t<div class=\"elementor-container elementor-column-gap-no\">\n\t\t\t\t\t<div class=\"elementor-column elementor-col-50 elementor-top-column elementor-element elementor-element-465bcc8\" data-id=\"465bcc8\" data-element_type=\"column\">\n\t\t\t<div class=\"elementor-widget-wrap elementor-element-populated\">\n\t\t\t\t\t\t<div class=\"elementor-element elementor-element-ff9e250 elementor-widget elementor-widget-heading\" data-id=\"ff9e250\" data-element_type=\"widget\" data-widget_type=\"heading.default\">\n\t\t\t\t<div class=\"elementor-widget-container\">\n\t\t\t\t\t<h2 class=\"elementor-heading-title elementor-size-default\">Slime Line\u00ae \u2013 la ligne de p\u00eache \u00e0 haute visibilit\u00e9 qui change la donne<\/h2>\t\t\t\t<\/div>\n\t\t\t\t<\/div>\n\t\t\t\t<div class=\"elementor-element elementor-element-fd5ad3e elementor-widget elementor-widget-text-editor\" data-id=\"fd5ad3e\" data-element_type=\"widget\" data-widget_type=\"text-editor.default\">\n\t\t\t\t<div class=\"elementor-widget-container\">\n\t\t\t\t\t\t\t\t\t<p>La ligne de p\u00eache monofilament formul\u00e9e de mani\u00e8re avanc\u00e9e Slime Line\u00ae est destin\u00e9e aux p\u00eacheurs s\u00e9rieux qui exigent le meilleur \u00e0 chaque lancer. En choisissant notre monofilament Slime Line\u00ae vert haute visibilit\u00e9, vous suivrez facilement votre ligne au-dessus de l&rsquo;eau de jour comme de nuit. Slime Line\u00ae est con\u00e7ue pour offrir le meilleur rapport r\u00e9sistance-diam\u00e8tre parmi les monofilaments du march\u00e9. Notre conception r\u00e9duit la m\u00e9moire, favorise des lancers plus fluides et augmente la r\u00e9sistance \u00e0 l&rsquo;abrasion. En utilisant Slime Line\u00ae, vous serez certain de d\u00e9crocher la prise de votre vie. Des bobines sont maintenant disponibles en longueurs plus grandes !<\/p>\t\t\t\t\t\t\t\t<\/div>\n\t\t\t\t<\/div>\n\t\t\t\t\t<\/div>\n\t\t<\/div>\n\t\t\t\t<div class=\"elementor-column elementor-col-50 elementor-top-column elementor-element elementor-element-ff64a5e\" data-id=\"ff64a5e\" data-element_type=\"column\" data-settings=\"{&quot;background_background&quot;:&quot;gradient&quot;}\">\n\t\t\t<div class=\"elementor-widget-wrap elementor-element-populated\">\n\t\t\t\t\t\t<div class=\"elementor-element elementor-element-76e49ea elementor-widget elementor-widget-image\" data-id=\"76e49ea\" data-element_type=\"widget\" data-widget_type=\"image.default\">\n\t\t\t\t<div class=\"elementor-widget-container\">\n\t\t\t\t\t\t\t\t\t\t\t\t\t\t\t\t<a href=\"https:\/\/youtu.be\/XW84SVR8Wb0\">\n\t\t\t\t\t\t\t<img fetchpriority=\"high\" decoding=\"async\" width=\"1382\" height=\"788\" src=\"https:\/\/catchthefever.com\/wp-content\/uploads\/2024\/05\/Screenshot-2024-05-16-at-5.29.59\u202fPM.webp\" class=\"attachment-full size-full wp-image-63719\" alt=\"\" title=\"Capture D&#039;\u00e9cran 2024\u201105\u201116 \u00e0 17 29 59 - Catch the Fever Outdoors\" \/>\t\t\t\t\t\t\t\t<\/a>\n\t\t\t\t\t\t\t\t\t\t\t\t\t\t\t<\/div>\n\t\t\t\t<\/div>\n\t\t\t\t\t<\/div>\n\t\t<\/div>\n\t\t\t\t\t<\/div>\n\t\t<\/section>\n\t\t\t\t<section class=\"elementor-section elementor-top-section elementor-element elementor-element-41a7e30 elementor-section-content-middle elementor-section-boxed elementor-section-height-default elementor-section-height-default\" data-id=\"41a7e30\" data-element_type=\"section\">\n\t\t\t\t\t\t<div class=\"elementor-container elementor-column-gap-no\">\n\t\t\t\t\t<div class=\"elementor-column elementor-col-50 elementor-top-column elementor-element elementor-element-2c75496\" data-id=\"2c75496\" data-element_type=\"column\">\n\t\t\t<div class=\"elementor-widget-wrap elementor-element-populated\">\n\t\t\t\t\t\t<div class=\"elementor-element elementor-element-697c398 elementor-widget elementor-widget-heading\" data-id=\"697c398\" data-element_type=\"widget\" data-widget_type=\"heading.default\">\n\t\t\t\t<div class=\"elementor-widget-container\">\n\t\t\t\t\t<h2 class=\"elementor-heading-title elementor-size-default\">Slime Line\u00ae \u2013 Vert haute visibilit\u00e9 : Guide des tailles<\/h2>\t\t\t\t<\/div>\n\t\t\t\t<\/div>\n\t\t\t\t<div class=\"elementor-element elementor-element-ac466ad elementor-widget elementor-widget-text-editor\" data-id=\"ac466ad\" data-element_type=\"widget\" data-widget_type=\"text-editor.default\">\n\t\t\t\t<div class=\"elementor-widget-container\">\n\t\t\t\t\t\t\t\t\t<p>Quand utiliser quelle taille de Slime Line\u00ae haute visibilit\u00e9 et\/ou pour quelles applications. Voici notre guide des tailles.  <\/p>\t\t\t\t\t\t\t\t<\/div>\n\t\t\t\t<\/div>\n\t\t\t\t\t<\/div>\n\t\t<\/div>\n\t\t\t\t<div class=\"elementor-column elementor-col-50 elementor-top-column elementor-element elementor-element-6131f79\" data-id=\"6131f79\" data-element_type=\"column\" data-settings=\"{&quot;background_background&quot;:&quot;gradient&quot;}\">\n\t\t\t<div class=\"elementor-widget-wrap elementor-element-populated\">\n\t\t\t\t\t\t<div class=\"elementor-element elementor-element-82656fb elementor-widget elementor-widget-text-editor\" data-id=\"82656fb\" data-element_type=\"widget\" data-widget_type=\"text-editor.default\">\n\t\t\t\t<div class=\"elementor-widget-container\">\n\t\t\t\t\t\t\t\t\t<table><thead><tr><th>Line weight (lb)<\/th><th>Diameter (mm)<\/th><th>Typical species<\/th><th>Common applications<\/th><\/tr><\/thead><tbody><tr><td>4<\/td><td>0.19<\/td><td>Crappie, bluegill, small trout<\/td><td>Float fishing, micro\u2011jigging<\/td><\/tr><tr><td>6<\/td><td>0.24<\/td><td>Crappie, perch, small walleye<\/td><td>Slip\u2011float rigs, light trolling<\/td><\/tr><tr><td>8<\/td><td>0.27<\/td><td>Trout, bass (finesse), panfish<\/td><td>Casting small lures, live\u2011bait rigging<\/td><\/tr><tr><td>10<\/td><td>0.31<\/td><td>Walleye, largemouth bass, redfish<\/td><td>Light bottom fishing, inshore flats<\/td><\/tr><tr><td>15<\/td><td>0.38<\/td><td>Bass, sheepshead, smaller catfish<\/td><td>Trolling crankbaits, jigging structure<\/td><\/tr><tr><td>20<\/td><td>0.45<\/td><td>Channel catfish, striped bass, pike<\/td><td>Anchoring with bait, planer boards<\/td><\/tr><tr><td>30<\/td><td>0.55<\/td><td>Blue catfish to 40 lb, hybrid striper<\/td><td>Drifting, trolling heavy lures<\/td><\/tr><tr><td>40<\/td><td>0.61<\/td><td>Flathead catfish, trophy blue catfish<\/td><td>Anchoring in current, heavy cover<\/td><\/tr><tr><td>50<\/td><td>0.71<\/td><td>Trophy catfish over 60 lb, muskies, small sharks<\/td><td>Big\u2011bait drift fishing, heavy structure<\/td><\/tr><tr><td>60<\/td><td>0.74<\/td><td>Alligator gar, sturgeon, near\u2011shore sharks<\/td><td>Extreme heavy\u2011cover situations<\/td><\/tr><\/tbody><\/table>\t\t\t\t\t\t\t\t<\/div>\n\t\t\t\t<\/div>\n\t\t\t\t\t<\/div>\n\t\t<\/div>\n\t\t\t\t\t<\/div>\n\t\t<\/section>\n\t\t\t\t<section class=\"elementor-section elementor-top-section elementor-element elementor-element-9e79ecf elementor-section-content-middle elementor-section-boxed elementor-section-height-default elementor-section-height-default\" data-id=\"9e79ecf\" data-element_type=\"section\">\n\t\t\t\t\t\t<div class=\"elementor-container elementor-column-gap-no\">\n\t\t\t\t\t<div class=\"elementor-column elementor-col-50 elementor-top-column elementor-element elementor-element-b43db22\" data-id=\"b43db22\" data-element_type=\"column\">\n\t\t\t<div class=\"elementor-widget-wrap elementor-element-populated\">\n\t\t\t\t\t\t<div class=\"elementor-element elementor-element-00bc6b0 elementor-widget elementor-widget-image\" data-id=\"00bc6b0\" data-element_type=\"widget\" data-widget_type=\"image.default\">\n\t\t\t\t<div class=\"elementor-widget-container\">\n\t\t\t\t\t\t\t\t\t\t\t\t\t\t\t<img decoding=\"async\" width=\"1600\" height=\"825\" src=\"https:\/\/catchthefever.com\/wp-content\/uploads\/2024\/05\/Screenshot-2024-05-15-at-5.18.01\u202fPM.webp\" class=\"attachment-full size-full wp-image-63397\" alt=\"\" title=\"Capture D&#039;\u00e9cran 2024\u201105\u201115 \u00e0 17 18 01 - Catch the Fever Outdoors\" \/>\t\t\t\t\t\t\t\t\t\t\t\t\t\t\t<\/div>\n\t\t\t\t<\/div>\n\t\t\t\t\t<\/div>\n\t\t<\/div>\n\t\t\t\t<div class=\"elementor-column elementor-col-50 elementor-top-column elementor-element elementor-element-2ffb8a3\" data-id=\"2ffb8a3\" data-element_type=\"column\">\n\t\t\t<div class=\"elementor-widget-wrap elementor-element-populated\">\n\t\t\t\t\t\t<div class=\"elementor-element elementor-element-4111b82 elementor-widget elementor-widget-heading\" data-id=\"4111b82\" data-element_type=\"widget\" data-widget_type=\"heading.default\">\n\t\t\t\t<div class=\"elementor-widget-container\">\n\t\t\t\t\t<h2 class=\"elementor-heading-title elementor-size-default\">Specifications:<\/h2>\t\t\t\t<\/div>\n\t\t\t\t<\/div>\n\t\t\t\t<section class=\"elementor-section elementor-inner-section elementor-element elementor-element-1d993e2 elementor-section-boxed elementor-section-height-default elementor-section-height-default\" data-id=\"1d993e2\" data-element_type=\"section\">\n\t\t\t\t\t\t<div class=\"elementor-container elementor-column-gap-no\">\n\t\t\t\t\t<div class=\"elementor-column elementor-col-100 elementor-inner-column elementor-element elementor-element-e77f42e\" data-id=\"e77f42e\" data-element_type=\"column\">\n\t\t\t<div class=\"elementor-widget-wrap elementor-element-populated\">\n\t\t\t\t\t\t<div class=\"elementor-element elementor-element-59f6ada elementor-widget elementor-widget-text-editor\" data-id=\"59f6ada\" data-element_type=\"widget\" data-widget_type=\"text-editor.default\">\n\t\t\t\t<div class=\"elementor-widget-container\">\n\t\t\t\t\t\t\t\t\t<div class=\"container\"> <\/div><div class=\"container\"><table border=\"1\" cellspacing=\"1\" cellpadding=\"2\"><tbody><tr><td>Line Weight<\/td><td>Diameter<\/td><td>Bulk Spool Weight<\/td><td>Bulk Length (Yards)<\/td><\/tr><tr><td>4 LB<\/td><td>0.19 mm<\/td><td> <\/td><td> <\/td> <\/tr><tr><td>6 LB<\/td><td>0.24 mm<\/td><td> <\/td><td> <\/td> <\/tr><tr><td>8 LB<\/td><td>0.27 mm<\/td><td> <\/td><td> <\/td> <\/tr><tr><td>10 LB<\/td><td>0.31 mm<\/td><td> <\/td><td> <\/td> <\/tr><tr><td>15 LB<\/td><td>0.38 mm<\/td><td> <\/td><td> <\/td> <\/tr><tr><td>20 LB<\/td><td>0.45 mm<\/td><td>0.5 LB<\/td><td>1500<\/td><\/tr><tr><td>30 LB<\/td><td>0.55 mm<\/td><td>1 LB<\/td><td>1750<\/td><\/tr><tr><td>40 LB<\/td><td>0.61 mm<\/td><td>1 LB<\/td><td>1370<\/td><\/tr><tr><td>50 LB<\/td><td>0.71 mm<\/td><td>1 LB<\/td><td>1300<\/td><\/tr><tr><td>60 LB<\/td><td>0.74 mm<\/td><td>1 LB<\/td><td>960<\/td><\/tr><\/tbody><\/table><\/div>\t\t\t\t\t\t\t\t<\/div>\n\t\t\t\t<\/div>\n\t\t\t\t\t<\/div>\n\t\t<\/div>\n\t\t\t\t\t<\/div>\n\t\t<\/section>\n\t\t\t\t<section class=\"elementor-section elementor-inner-section elementor-element elementor-element-d56589b elementor-section-boxed elementor-section-height-default elementor-section-height-default\" data-id=\"d56589b\" data-element_type=\"section\">\n\t\t\t\t\t\t<div class=\"elementor-container elementor-column-gap-no\">\n\t\t\t\t\t<div class=\"elementor-column elementor-col-50 elementor-inner-column elementor-element elementor-element-99f080f\" data-id=\"99f080f\" data-element_type=\"column\">\n\t\t\t<div class=\"elementor-widget-wrap\">\n\t\t\t\t\t\t\t<\/div>\n\t\t<\/div>\n\t\t\t\t<div class=\"elementor-column elementor-col-50 elementor-inner-column elementor-element elementor-element-e9f0bc9\" data-id=\"e9f0bc9\" data-element_type=\"column\">\n\t\t\t<div class=\"elementor-widget-wrap\">\n\t\t\t\t\t\t\t<\/div>\n\t\t<\/div>\n\t\t\t\t\t<\/div>\n\t\t<\/section>\n\t\t\t\t\t<\/div>\n\t\t<\/div>\n\t\t\t\t\t<\/div>\n\t\t<\/section>\n\t\t\t\t<\/div>\n\t\t","protected":false},"excerpt":{"rendered":"<p>Slime Line\u00ae Vert haute visibilit\u00e9 est une ligne de p\u00eache haute visibilit\u00e9 con\u00e7ue pour les p\u00eacheurs exigeants qui recherchent clart\u00e9, puissance et fiabilit\u00e9 \u00e0 chaque lancer. Sa couleur verte fluorescente se distingue de jour et brille sous la lumi\u00e8re ultraviolette la nuit, vous permettant de suivre votre ligne, que vous p\u00eachiez \u00e0 l\u2019ancre, \u00e0 la tra\u00eene ou en utilisant des planer boards. Cette ligne offre une r\u00e9sistance exceptionnelle par rapport \u00e0 son diam\u00e8tre, avec une tr\u00e8s haute force de rupture, une m\u00e9moire r\u00e9duite et un lancer fluide. Son polym\u00e8re r\u00e9sistant \u00e0 l\u2019abrasion supporte rochers, obstacles et autres couvertures lourdes. Parce que Slime Line\u00ae r\u00e9agit \u00e0 la lumi\u00e8re UV, elle est id\u00e9ale pour cibler des esp\u00e8ces nocturnes ou d\u2019eau vive telles que le silure, le bar ray\u00e9 et le dor\u00e9 jaune. Lorsque vous p\u00eachez en eau claire ou devant des poissons r\u00e9calcitrants, l\u2019utilisation de fluorocarbone ou d\u2019un monofilament clair vous permet de rester discret tout en b\u00e9n\u00e9ficiant de la haute visibilit\u00e9 de la ligne principale.     <\/p>\n","protected":false},"featured_media":63705,"comment_status":"open","ping_status":"closed","template":"","meta":[],"etheme_brands":[{"term_id":120,"name":"Slime Line","slug":"slime-line","term_group":0,"term_taxonomy_id":120,"taxonomy":"brand","description":"","parent":0,"count":19,"filter":"raw"}],"product_brand":[856],"product_cat":[989,990],"product_tag":[999,1001,1000,995,994,998,997,996,992,993],"class_list":{"0":"post-80421","1":"product","2":"type-product","3":"status-publish","4":"has-post-thumbnail","6":"brand-slime-line","7":"product_brand-slime-line","8":"product_cat-ligne-de-peche","9":"product_cat-slime-line-fr","10":"product_tag-bobine-de-375-ft-de-fil-de-peche-vert","11":"product_tag-bobine-de-fil-de-peche-1-lb","12":"product_tag-bobine-de-fil-de-peche-1-2-lb","13":"product_tag-ligne-de-peche-a-faible-memoire","14":"product_tag-ligne-de-peche-haute-visibilite","15":"product_tag-ligne-de-peche-pour-bar-raye","16":"product_tag-ligne-de-peche-pour-silure","17":"product_tag-ligne-de-peche-resistante-a-labrasion","18":"product_tag-slime-line-fr","19":"product_tag-vert-haute-visibilite","20":"product_shipping_class-slimeline-fr","22":"first","23":"instock","24":"taxable","25":"shipping-taxable","26":"purchasable","27":"product-type-variable"},"aioseo_notices":[],"jetpack_sharing_enabled":true,"_links":{"self":[{"href":"https:\/\/catchthefever.com\/fr\/wp-json\/wp\/v2\/product\/80421","targetHints":{"allow":["GET"]}}],"collection":[{"href":"https:\/\/catchthefever.com\/fr\/wp-json\/wp\/v2\/product"}],"about":[{"href":"https:\/\/catchthefever.com\/fr\/wp-json\/wp\/v2\/types\/product"}],"replies":[{"embeddable":true,"href":"https:\/\/catchthefever.com\/fr\/wp-json\/wp\/v2\/comments?post=80421"}],"version-history":[{"count":0,"href":"https:\/\/catchthefever.com\/fr\/wp-json\/wp\/v2\/product\/80421\/revisions"}],"wp:featuredmedia":[{"embeddable":true,"href":"https:\/\/catchthefever.com\/fr\/wp-json\/wp\/v2\/media\/63705"}],"wp:attachment":[{"href":"https:\/\/catchthefever.com\/fr\/wp-json\/wp\/v2\/media?parent=80421"}],"wp:term":[{"taxonomy":"brand","embeddable":true,"href":"https:\/\/catchthefever.com\/fr\/wp-json\/wp\/v2\/etheme_brands?post=80421"},{"taxonomy":"product_brand","embeddable":true,"href":"https:\/\/catchthefever.com\/fr\/wp-json\/wp\/v2\/product_brand?post=80421"},{"taxonomy":"product_cat","embeddable":true,"href":"https:\/\/catchthefever.com\/fr\/wp-json\/wp\/v2\/product_cat?post=80421"},{"taxonomy":"product_tag","embeddable":true,"href":"https:\/\/catchthefever.com\/fr\/wp-json\/wp\/v2\/product_tag?post=80421"}],"curies":[{"name":"wp","href":"https:\/\/api.w.org\/{rel}","templated":true}]}}