{"id":75017,"date":"2024-05-15T18:51:02","date_gmt":"2024-05-15T23:51:02","guid":{"rendered":"https:\/\/catchthefever.com\/product\/serie-hellcat-patriot\/"},"modified":"2025-11-03T13:58:31","modified_gmt":"2025-11-03T18:58:31","slug":"serie-hellcat-patriot","status":"publish","type":"product","link":"https:\/\/catchthefever.com\/fr\/produit\/serie-hellcat-patriot\/","title":{"rendered":"S\u00e9rie Hellcat Patriot"},"content":{"rendered":"\t\t<div data-elementor-type=\"wp-post\" data-elementor-id=\"75017\" class=\"elementor elementor-75017\" data-elementor-post-type=\"product\">\n\t\t\t\t\t\t<section class=\"elementor-section elementor-top-section elementor-element elementor-element-e37e5bf elementor-section-content-middle elementor-section-boxed elementor-section-height-default elementor-section-height-default\" data-id=\"e37e5bf\" data-element_type=\"section\">\n\t\t\t\t\t\t<div class=\"elementor-container elementor-column-gap-no\">\n\t\t\t\t\t<div class=\"elementor-column elementor-col-50 elementor-top-column elementor-element elementor-element-1376bc4\" data-id=\"1376bc4\" data-element_type=\"column\">\n\t\t\t<div class=\"elementor-widget-wrap elementor-element-populated\">\n\t\t\t\t\t\t<div class=\"elementor-element elementor-element-9eb689e elementor-widget elementor-widget-heading\" data-id=\"9eb689e\" data-element_type=\"widget\" data-widget_type=\"heading.default\">\n\t\t\t\t<div class=\"elementor-widget-container\">\n\t\t\t\t\t<h2 class=\"elementor-heading-title elementor-size-default\">Les Rods soutiennent nos v\u00e9t\u00e9rans.  <\/h2>\t\t\t\t<\/div>\n\t\t\t\t<\/div>\n\t\t\t\t<div class=\"elementor-element elementor-element-05251dc elementor-widget elementor-widget-text-editor\" data-id=\"05251dc\" data-element_type=\"widget\" data-widget_type=\"text-editor.default\">\n\t\t\t\t<div class=\"elementor-widget-container\">\n\t\t\t\t\t\t\t\t\t<p>Ils nous ont servi, c&rsquo;est \u00e0 notre tour de les honorer.  <\/p>\t\t\t\t\t\t\t\t<\/div>\n\t\t\t\t<\/div>\n\t\t\t\t<div class=\"elementor-element elementor-element-0294b2f elementor-widget elementor-widget-text-editor\" data-id=\"0294b2f\" data-element_type=\"widget\" data-widget_type=\"text-editor.default\">\n\t\t\t\t<div class=\"elementor-widget-container\">\n\t\t\t\t\t\t\t\t\t<p>D\u00e9couvrez pourquoi cette Hellcat Patriot Series est sp\u00e9ciale. Dans cette vid\u00e9o, Kaleb Page explique l&rsquo;origine de cette canne, le processus de conception, l&rsquo;utilisation des recettes et la fa\u00e7on dont nous rendons hommage \u00e0 nos anciens combattants.   <\/p>\t\t\t\t\t\t\t\t<\/div>\n\t\t\t\t<\/div>\n\t\t\t\t\t<\/div>\n\t\t<\/div>\n\t\t\t\t<div class=\"elementor-column elementor-col-50 elementor-top-column elementor-element elementor-element-7c38cf1\" data-id=\"7c38cf1\" data-element_type=\"column\">\n\t\t\t<div class=\"elementor-widget-wrap elementor-element-populated\">\n\t\t\t\t\t\t<div class=\"elementor-element elementor-element-90b8a66 elementor-widget elementor-widget-image\" data-id=\"90b8a66\" data-element_type=\"widget\" data-widget_type=\"image.default\">\n\t\t\t\t<div class=\"elementor-widget-container\">\n\t\t\t\t\t\t\t\t\t\t\t\t\t\t\t\t<a href=\"https:\/\/www.youtube.com\/watch?embeds_referring_euri=https%3A%2F%2Fcatchthefever.com%2F&#038;source_ve_path=Mjg2NjQsMTY0NTAz&#038;feature=emb_share&#038;v=7Ic2RLLhR1Q\">\n\t\t\t\t\t\t\t<img fetchpriority=\"high\" decoding=\"async\" width=\"1072\" height=\"796\" src=\"https:\/\/catchthefever.com\/wp-content\/uploads\/2024\/05\/Screenshot-2024-05-15-at-3.14.12\u202fPM.webp\" class=\"attachment-full size-full wp-image-63390\" alt=\"\" title=\"Screenshot 2024-05-15 at 3.14.12\u202fpm - Catch the Fever Outdoors\" \/>\t\t\t\t\t\t\t\t<\/a>\n\t\t\t\t\t\t\t\t\t\t\t\t\t\t\t<\/div>\n\t\t\t\t<\/div>\n\t\t\t\t\t<\/div>\n\t\t<\/div>\n\t\t\t\t\t<\/div>\n\t\t<\/section>\n\t\t\t\t<section class=\"elementor-section elementor-top-section elementor-element elementor-element-cdeff9c elementor-section-content-middle elementor-section-boxed elementor-section-height-default elementor-section-height-default\" data-id=\"cdeff9c\" data-element_type=\"section\">\n\t\t\t\t\t\t<div class=\"elementor-container elementor-column-gap-no\">\n\t\t\t\t\t<div class=\"elementor-column elementor-col-50 elementor-top-column elementor-element elementor-element-eff9a35\" data-id=\"eff9a35\" data-element_type=\"column\">\n\t\t\t<div class=\"elementor-widget-wrap elementor-element-populated\">\n\t\t\t\t\t\t<div class=\"elementor-element elementor-element-925310a elementor-widget elementor-widget-image\" data-id=\"925310a\" data-element_type=\"widget\" data-widget_type=\"image.default\">\n\t\t\t\t<div class=\"elementor-widget-container\">\n\t\t\t\t\t\t\t\t\t\t\t\t\t\t\t<img decoding=\"async\" width=\"1200\" height=\"801\" src=\"https:\/\/catchthefever.com\/wp-content\/uploads\/2024\/05\/HellCat-Patriot-Series4.webp\" class=\"attachment-full size-full wp-image-63369\" alt=\"\" srcset=\"https:\/\/catchthefever.com\/wp-content\/uploads\/2024\/05\/HellCat-Patriot-Series4.webp 1200w, https:\/\/catchthefever.com\/wp-content\/uploads\/2024\/05\/HellCat-Patriot-Series4-450x300.webp 450w, https:\/\/catchthefever.com\/wp-content\/uploads\/2024\/05\/HellCat-Patriot-Series4-768x513.webp 768w, https:\/\/catchthefever.com\/wp-content\/uploads\/2024\/05\/HellCat-Patriot-Series4-1024x684.webp 1024w, https:\/\/catchthefever.com\/wp-content\/uploads\/2024\/05\/HellCat-Patriot-Series4-600x401.webp 600w, https:\/\/catchthefever.com\/wp-content\/uploads\/2024\/05\/HellCat-Patriot-Series4-100x67.webp 100w, https:\/\/catchthefever.com\/wp-content\/uploads\/2024\/05\/HellCat-Patriot-Series4-900x601.webp 900w, https:\/\/catchthefever.com\/wp-content\/uploads\/2024\/05\/HellCat-Patriot-Series4-1x1.webp 1w, https:\/\/catchthefever.com\/wp-content\/uploads\/2024\/05\/HellCat-Patriot-Series4-10x7.webp 10w, https:\/\/catchthefever.com\/wp-content\/uploads\/2024\/05\/HellCat-Patriot-Series4-800x534.webp 800w, https:\/\/catchthefever.com\/wp-content\/uploads\/2024\/05\/HellCat-Patriot-Series4-300x200.webp 300w\" sizes=\"(max-width: 1200px) 100vw, 1200px\" title=\"Hellcat Patriot Series4 - Catch the Fever Outdoors\" \/>\t\t\t\t\t\t\t\t\t\t\t\t\t\t\t<\/div>\n\t\t\t\t<\/div>\n\t\t\t\t\t<\/div>\n\t\t<\/div>\n\t\t\t\t<div class=\"elementor-column elementor-col-50 elementor-top-column elementor-element elementor-element-2d4e689\" data-id=\"2d4e689\" data-element_type=\"column\">\n\t\t\t<div class=\"elementor-widget-wrap elementor-element-populated\">\n\t\t\t\t\t\t<div class=\"elementor-element elementor-element-4e32cb5 elementor-widget elementor-widget-heading\" data-id=\"4e32cb5\" data-element_type=\"widget\" data-widget_type=\"heading.default\">\n\t\t\t\t<div class=\"elementor-widget-container\">\n\t\t\t\t\t<h2 class=\"elementor-heading-title elementor-size-default\">Hellcat | Donn\u00e9es<\/h2>\t\t\t\t<\/div>\n\t\t\t\t<\/div>\n\t\t\t\t<section class=\"elementor-section elementor-inner-section elementor-element elementor-element-97b2bbf elementor-section-boxed elementor-section-height-default elementor-section-height-default\" data-id=\"97b2bbf\" data-element_type=\"section\">\n\t\t\t\t\t\t<div class=\"elementor-container elementor-column-gap-no\">\n\t\t\t\t\t<div class=\"elementor-column elementor-col-50 elementor-inner-column elementor-element elementor-element-cb991e9\" data-id=\"cb991e9\" data-element_type=\"column\">\n\t\t\t<div class=\"elementor-widget-wrap elementor-element-populated\">\n\t\t\t\t\t\t<div class=\"elementor-element elementor-element-b1f9fed elementor-widget elementor-widget-text-editor\" data-id=\"b1f9fed\" data-element_type=\"widget\" data-widget_type=\"text-editor.default\">\n\t\t\t\t<div class=\"elementor-widget-container\">\n\t\t\t\t\t\t\t\t\t<p>PUISSANCE<\/p>\t\t\t\t\t\t\t\t<\/div>\n\t\t\t\t<\/div>\n\t\t\t\t\t<\/div>\n\t\t<\/div>\n\t\t\t\t<div class=\"elementor-column elementor-col-50 elementor-inner-column elementor-element elementor-element-ec6e616\" data-id=\"ec6e616\" data-element_type=\"column\">\n\t\t\t<div class=\"elementor-widget-wrap elementor-element-populated\">\n\t\t\t\t\t\t<div class=\"elementor-element elementor-element-66ec868 elementor-widget elementor-widget-text-editor\" data-id=\"66ec868\" data-element_type=\"widget\" data-widget_type=\"text-editor.default\">\n\t\t\t\t<div class=\"elementor-widget-container\">\n\t\t\t\t\t\t\t\t\t<p><b>Poids du leurre | Poids de la ligne | Longueur<\/b><\/p>\t\t\t\t\t\t\t\t<\/div>\n\t\t\t\t<\/div>\n\t\t\t\t\t<\/div>\n\t\t<\/div>\n\t\t\t\t\t<\/div>\n\t\t<\/section>\n\t\t\t\t<section class=\"elementor-section elementor-inner-section elementor-element elementor-element-dad3eed elementor-section-boxed elementor-section-height-default elementor-section-height-default\" data-id=\"dad3eed\" data-element_type=\"section\">\n\t\t\t\t\t\t<div class=\"elementor-container elementor-column-gap-no\">\n\t\t\t\t\t<div class=\"elementor-column elementor-col-50 elementor-inner-column elementor-element elementor-element-bd5b5da\" data-id=\"bd5b5da\" data-element_type=\"column\">\n\t\t\t<div class=\"elementor-widget-wrap elementor-element-populated\">\n\t\t\t\t\t\t<div class=\"elementor-element elementor-element-6f616e1 elementor-widget elementor-widget-text-editor\" data-id=\"6f616e1\" data-element_type=\"widget\" data-widget_type=\"text-editor.default\">\n\t\t\t\t<div class=\"elementor-widget-container\">\n\t\t\t\t\t\t\t\t\t<p>Moyen<\/p>\t\t\t\t\t\t\t\t<\/div>\n\t\t\t\t<\/div>\n\t\t\t\t\t<\/div>\n\t\t<\/div>\n\t\t\t\t<div class=\"elementor-column elementor-col-50 elementor-inner-column elementor-element elementor-element-b63be4c\" data-id=\"b63be4c\" data-element_type=\"column\">\n\t\t\t<div class=\"elementor-widget-wrap elementor-element-populated\">\n\t\t\t\t\t\t<div class=\"elementor-element elementor-element-e3899c7 elementor-widget elementor-widget-text-editor\" data-id=\"e3899c7\" data-element_type=\"widget\" data-widget_type=\"text-editor.default\">\n\t\t\t\t<div class=\"elementor-widget-container\">\n\t\t\t\t\t\t\t\t\t<p>1-6 OZ | 10-40 LB | 7&rsquo;6&Prime;<\/p>\t\t\t\t\t\t\t\t<\/div>\n\t\t\t\t<\/div>\n\t\t\t\t\t<\/div>\n\t\t<\/div>\n\t\t\t\t\t<\/div>\n\t\t<\/section>\n\t\t\t\t<section class=\"elementor-section elementor-inner-section elementor-element elementor-element-020a3df elementor-section-boxed elementor-section-height-default elementor-section-height-default\" data-id=\"020a3df\" data-element_type=\"section\">\n\t\t\t\t\t\t<div class=\"elementor-container elementor-column-gap-no\">\n\t\t\t\t\t<div class=\"elementor-column elementor-col-50 elementor-inner-column elementor-element elementor-element-f3cbc9d\" data-id=\"f3cbc9d\" data-element_type=\"column\">\n\t\t\t<div class=\"elementor-widget-wrap elementor-element-populated\">\n\t\t\t\t\t\t<div class=\"elementor-element elementor-element-34d5af8 elementor-widget elementor-widget-text-editor\" data-id=\"34d5af8\" data-element_type=\"widget\" data-widget_type=\"text-editor.default\">\n\t\t\t\t<div class=\"elementor-widget-container\">\n\t\t\t\t\t\t\t\t\t<p>Moyennement lourd<\/p>\t\t\t\t\t\t\t\t<\/div>\n\t\t\t\t<\/div>\n\t\t\t\t\t<\/div>\n\t\t<\/div>\n\t\t\t\t<div class=\"elementor-column elementor-col-50 elementor-inner-column elementor-element elementor-element-c585ae0\" data-id=\"c585ae0\" data-element_type=\"column\">\n\t\t\t<div class=\"elementor-widget-wrap elementor-element-populated\">\n\t\t\t\t\t\t<div class=\"elementor-element elementor-element-06ae81e elementor-widget elementor-widget-text-editor\" data-id=\"06ae81e\" data-element_type=\"widget\" data-widget_type=\"text-editor.default\">\n\t\t\t\t<div class=\"elementor-widget-container\">\n\t\t\t\t\t\t\t\t\t<p>1-10 OZ | 10-50 LBS | 7&rsquo;6&Prime;<\/p>\t\t\t\t\t\t\t\t<\/div>\n\t\t\t\t<\/div>\n\t\t\t\t\t<\/div>\n\t\t<\/div>\n\t\t\t\t\t<\/div>\n\t\t<\/section>\n\t\t\t\t<section class=\"elementor-section elementor-inner-section elementor-element elementor-element-00a1255 elementor-section-boxed elementor-section-height-default elementor-section-height-default\" data-id=\"00a1255\" data-element_type=\"section\">\n\t\t\t\t\t\t<div class=\"elementor-container elementor-column-gap-no\">\n\t\t\t\t\t<div class=\"elementor-column elementor-col-50 elementor-inner-column elementor-element elementor-element-8a39aa4\" data-id=\"8a39aa4\" data-element_type=\"column\">\n\t\t\t<div class=\"elementor-widget-wrap elementor-element-populated\">\n\t\t\t\t\t\t<div class=\"elementor-element elementor-element-af230a4 elementor-widget elementor-widget-text-editor\" data-id=\"af230a4\" data-element_type=\"widget\" data-widget_type=\"text-editor.default\">\n\t\t\t\t<div class=\"elementor-widget-container\">\n\t\t\t\t\t\t\t\t\t<p>Lourd<\/p>\t\t\t\t\t\t\t\t<\/div>\n\t\t\t\t<\/div>\n\t\t\t\t\t<\/div>\n\t\t<\/div>\n\t\t\t\t<div class=\"elementor-column elementor-col-50 elementor-inner-column elementor-element elementor-element-1e9f707\" data-id=\"1e9f707\" data-element_type=\"column\">\n\t\t\t<div class=\"elementor-widget-wrap elementor-element-populated\">\n\t\t\t\t\t\t<div class=\"elementor-element elementor-element-0dfa777 elementor-widget elementor-widget-text-editor\" data-id=\"0dfa777\" data-element_type=\"widget\" data-widget_type=\"text-editor.default\">\n\t\t\t\t<div class=\"elementor-widget-container\">\n\t\t\t\t\t\t\t\t\t<p>2-16 OZ | 20-60 LBS | 7&rsquo;6&Prime;<\/p>\t\t\t\t\t\t\t\t<\/div>\n\t\t\t\t<\/div>\n\t\t\t\t\t<\/div>\n\t\t<\/div>\n\t\t\t\t\t<\/div>\n\t\t<\/section>\n\t\t\t\t<section class=\"elementor-section elementor-inner-section elementor-element elementor-element-7dd0fe4 elementor-section-boxed elementor-section-height-default elementor-section-height-default\" data-id=\"7dd0fe4\" data-element_type=\"section\">\n\t\t\t\t\t\t<div class=\"elementor-container elementor-column-gap-no\">\n\t\t\t\t\t<div class=\"elementor-column elementor-col-50 elementor-inner-column elementor-element elementor-element-6e92648\" data-id=\"6e92648\" data-element_type=\"column\">\n\t\t\t<div class=\"elementor-widget-wrap elementor-element-populated\">\n\t\t\t\t\t\t<div class=\"elementor-element elementor-element-96fb6b0 elementor-widget elementor-widget-text-editor\" data-id=\"96fb6b0\" data-element_type=\"widget\" data-widget_type=\"text-editor.default\">\n\t\t\t\t<div class=\"elementor-widget-container\">\n\t\t\t\t\t\t\t\t\t<p>Extra-lourd<\/p>\t\t\t\t\t\t\t\t<\/div>\n\t\t\t\t<\/div>\n\t\t\t\t\t<\/div>\n\t\t<\/div>\n\t\t\t\t<div class=\"elementor-column elementor-col-50 elementor-inner-column elementor-element elementor-element-78b3f50\" data-id=\"78b3f50\" data-element_type=\"column\">\n\t\t\t<div class=\"elementor-widget-wrap elementor-element-populated\">\n\t\t\t\t\t\t<div class=\"elementor-element elementor-element-44b9655 elementor-widget elementor-widget-text-editor\" data-id=\"44b9655\" data-element_type=\"widget\" data-widget_type=\"text-editor.default\">\n\t\t\t\t<div class=\"elementor-widget-container\">\n\t\t\t\t\t\t\t\t\t<p>4-20 OZ | 30-80 LBS | 7&rsquo;6&Prime;<\/p>\t\t\t\t\t\t\t\t<\/div>\n\t\t\t\t<\/div>\n\t\t\t\t\t<\/div>\n\t\t<\/div>\n\t\t\t\t\t<\/div>\n\t\t<\/section>\n\t\t\t\t<section class=\"elementor-section elementor-inner-section elementor-element elementor-element-653c742 elementor-section-boxed elementor-section-height-default elementor-section-height-default\" data-id=\"653c742\" data-element_type=\"section\">\n\t\t\t\t\t\t<div class=\"elementor-container elementor-column-gap-no\">\n\t\t\t\t\t<div class=\"elementor-column elementor-col-50 elementor-inner-column elementor-element elementor-element-ee583b7\" data-id=\"ee583b7\" data-element_type=\"column\">\n\t\t\t<div class=\"elementor-widget-wrap elementor-element-populated\">\n\t\t\t\t\t\t<div class=\"elementor-element elementor-element-a4a4745 elementor-widget elementor-widget-text-editor\" data-id=\"a4a4745\" data-element_type=\"widget\" data-widget_type=\"text-editor.default\">\n\t\t\t\t<div class=\"elementor-widget-container\">\n\t\t\t\t\t\t\t\t\t<p>Mat\u00e9riau de base<\/p>\t\t\t\t\t\t\t\t<\/div>\n\t\t\t\t<\/div>\n\t\t\t\t\t<\/div>\n\t\t<\/div>\n\t\t\t\t<div class=\"elementor-column elementor-col-50 elementor-inner-column elementor-element elementor-element-5e1f582\" data-id=\"5e1f582\" data-element_type=\"column\">\n\t\t\t<div class=\"elementor-widget-wrap elementor-element-populated\">\n\t\t\t\t\t\t<div class=\"elementor-element elementor-element-07c1f9f elementor-widget elementor-widget-text-editor\" data-id=\"07c1f9f\" data-element_type=\"widget\" data-widget_type=\"text-editor.default\">\n\t\t\t\t<div class=\"elementor-widget-container\">\n\t\t\t\t\t\t\t\t\t<p>Construction monobloc en carbone et verre S<\/p>\t\t\t\t\t\t\t\t<\/div>\n\t\t\t\t<\/div>\n\t\t\t\t\t<\/div>\n\t\t<\/div>\n\t\t\t\t\t<\/div>\n\t\t<\/section>\n\t\t\t\t<section class=\"elementor-section elementor-inner-section elementor-element elementor-element-4d8288c elementor-section-boxed elementor-section-height-default elementor-section-height-default\" data-id=\"4d8288c\" data-element_type=\"section\">\n\t\t\t\t\t\t<div class=\"elementor-container elementor-column-gap-no\">\n\t\t\t\t\t<div class=\"elementor-column elementor-col-50 elementor-inner-column elementor-element elementor-element-4f3d00c\" data-id=\"4f3d00c\" data-element_type=\"column\">\n\t\t\t<div class=\"elementor-widget-wrap elementor-element-populated\">\n\t\t\t\t\t\t<div class=\"elementor-element elementor-element-0c6a201 elementor-widget elementor-widget-text-editor\" data-id=\"0c6a201\" data-element_type=\"widget\" data-widget_type=\"text-editor.default\">\n\t\t\t\t<div class=\"elementor-widget-container\">\n\t\t\t\t\t\t\t\t\t<p>Mat\u00e9riau du manche<\/p>\t\t\t\t\t\t\t\t<\/div>\n\t\t\t\t<\/div>\n\t\t\t\t\t<\/div>\n\t\t<\/div>\n\t\t\t\t<div class=\"elementor-column elementor-col-50 elementor-inner-column elementor-element elementor-element-b91c59f\" data-id=\"b91c59f\" data-element_type=\"column\">\n\t\t\t<div class=\"elementor-widget-wrap elementor-element-populated\">\n\t\t\t\t\t\t<div class=\"elementor-element elementor-element-f2b2468 elementor-widget elementor-widget-text-editor\" data-id=\"f2b2468\" data-element_type=\"widget\" data-widget_type=\"text-editor.default\">\n\t\t\t\t<div class=\"elementor-widget-container\">\n\t\t\t\t\t\t\t\t\t<p>Poign\u00e9e en mousse EVA \u00e0 double enveloppe avec cardan<\/p>\t\t\t\t\t\t\t\t<\/div>\n\t\t\t\t<\/div>\n\t\t\t\t\t<\/div>\n\t\t<\/div>\n\t\t\t\t\t<\/div>\n\t\t<\/section>\n\t\t\t\t<section class=\"elementor-section elementor-inner-section elementor-element elementor-element-9434114 elementor-section-boxed elementor-section-height-default elementor-section-height-default\" data-id=\"9434114\" data-element_type=\"section\">\n\t\t\t\t\t\t<div class=\"elementor-container elementor-column-gap-no\">\n\t\t\t\t\t<div class=\"elementor-column elementor-col-50 elementor-inner-column elementor-element elementor-element-9d4be79\" data-id=\"9d4be79\" data-element_type=\"column\">\n\t\t\t<div class=\"elementor-widget-wrap elementor-element-populated\">\n\t\t\t\t\t\t<div class=\"elementor-element elementor-element-9b820d2 elementor-widget elementor-widget-text-editor\" data-id=\"9b820d2\" data-element_type=\"widget\" data-widget_type=\"text-editor.default\">\n\t\t\t\t<div class=\"elementor-widget-container\">\n\t\t\t\t\t\t\t\t\t<p>Si\u00e8ge du moulinet :<\/p>\t\t\t\t\t\t\t\t<\/div>\n\t\t\t\t<\/div>\n\t\t\t\t\t<\/div>\n\t\t<\/div>\n\t\t\t\t<div class=\"elementor-column elementor-col-50 elementor-inner-column elementor-element elementor-element-c6971d8\" data-id=\"c6971d8\" data-element_type=\"column\">\n\t\t\t<div class=\"elementor-widget-wrap elementor-element-populated\">\n\t\t\t\t\t\t<div class=\"elementor-element elementor-element-c8f9912 elementor-widget elementor-widget-text-editor\" data-id=\"c8f9912\" data-element_type=\"widget\" data-widget_type=\"text-editor.default\">\n\t\t\t\t<div class=\"elementor-widget-container\">\n\t\t\t\t\t\t\t\t\t<p>Porte-moulinet en aluminium solide \u00e0 double verrouillage avec rail de guidage<\/p>\t\t\t\t\t\t\t\t<\/div>\n\t\t\t\t<\/div>\n\t\t\t\t\t<\/div>\n\t\t<\/div>\n\t\t\t\t\t<\/div>\n\t\t<\/section>\n\t\t\t\t<section class=\"elementor-section elementor-inner-section elementor-element elementor-element-4c1b182 elementor-section-boxed elementor-section-height-default elementor-section-height-default\" data-id=\"4c1b182\" data-element_type=\"section\">\n\t\t\t\t\t\t<div class=\"elementor-container elementor-column-gap-no\">\n\t\t\t\t\t<div class=\"elementor-column elementor-col-50 elementor-inner-column elementor-element elementor-element-d44fc1b\" data-id=\"d44fc1b\" data-element_type=\"column\">\n\t\t\t<div class=\"elementor-widget-wrap elementor-element-populated\">\n\t\t\t\t\t\t<div class=\"elementor-element elementor-element-76b353d elementor-widget elementor-widget-text-editor\" data-id=\"76b353d\" data-element_type=\"widget\" data-widget_type=\"text-editor.default\">\n\t\t\t\t<div class=\"elementor-widget-container\">\n\t\t\t\t\t\t\t\t\t<p>Guides et conseils<\/p>\t\t\t\t\t\t\t\t<\/div>\n\t\t\t\t<\/div>\n\t\t\t\t\t<\/div>\n\t\t<\/div>\n\t\t\t\t<div class=\"elementor-column elementor-col-50 elementor-inner-column elementor-element elementor-element-1de8037\" data-id=\"1de8037\" data-element_type=\"column\">\n\t\t\t<div class=\"elementor-widget-wrap elementor-element-populated\">\n\t\t\t\t\t\t<div class=\"elementor-element elementor-element-e802610 elementor-widget elementor-widget-text-editor\" data-id=\"e802610\" data-element_type=\"widget\" data-widget_type=\"text-editor.default\">\n\t\t\t\t<div class=\"elementor-widget-container\">\n\t\t\t\t\t\t\t\t\t<p>Dix guides en acier inoxydable rev\u00eatus et pointe<\/p>\t\t\t\t\t\t\t\t<\/div>\n\t\t\t\t<\/div>\n\t\t\t\t\t<\/div>\n\t\t<\/div>\n\t\t\t\t\t<\/div>\n\t\t<\/section>\n\t\t\t\t<section class=\"elementor-section elementor-inner-section elementor-element elementor-element-c33500b elementor-section-boxed elementor-section-height-default elementor-section-height-default\" data-id=\"c33500b\" data-element_type=\"section\">\n\t\t\t\t\t\t<div class=\"elementor-container elementor-column-gap-no\">\n\t\t\t\t\t<div class=\"elementor-column elementor-col-50 elementor-inner-column elementor-element elementor-element-ae0cd63\" data-id=\"ae0cd63\" data-element_type=\"column\">\n\t\t\t<div class=\"elementor-widget-wrap elementor-element-populated\">\n\t\t\t\t\t\t<div class=\"elementor-element elementor-element-3c29d6a elementor-widget elementor-widget-text-editor\" data-id=\"3c29d6a\" data-element_type=\"widget\" data-widget_type=\"text-editor.default\">\n\t\t\t\t<div class=\"elementor-widget-container\">\n\t\t\t\t\t\t\t\t\tAmortissement\t\t\t\t\t\t\t\t<\/div>\n\t\t\t\t<\/div>\n\t\t\t\t\t<\/div>\n\t\t<\/div>\n\t\t\t\t<div class=\"elementor-column elementor-col-50 elementor-inner-column elementor-element elementor-element-df32969\" data-id=\"df32969\" data-element_type=\"column\">\n\t\t\t<div class=\"elementor-widget-wrap elementor-element-populated\">\n\t\t\t\t\t\t<div class=\"elementor-element elementor-element-922946a elementor-widget elementor-widget-text-editor\" data-id=\"922946a\" data-element_type=\"widget\" data-widget_type=\"text-editor.default\">\n\t\t\t\t<div class=\"elementor-widget-container\">\n\t\t\t\t\t\t\t\t\t  8\/10\t\t\t\t\t\t\t\t<\/div>\n\t\t\t\t<\/div>\n\t\t\t\t\t<\/div>\n\t\t<\/div>\n\t\t\t\t\t<\/div>\n\t\t<\/section>\n\t\t\t\t\t<\/div>\n\t\t<\/div>\n\t\t\t\t\t<\/div>\n\t\t<\/section>\n\t\t\t\t<\/div>\n\t\t","protected":false},"excerpt":{"rendered":"<p>\u00cates-vous pr\u00eat \u00e0 passer \u00e0 la vitesse sup\u00e9rieure en mati\u00e8re de p\u00eache ? Les cannes Catch The Fever HellCat sont l\u00e0 pour enflammer votre passion pour la p\u00eache comme jamais auparavant. Con\u00e7ues pour le p\u00eacheur passionn\u00e9 qui exige performance, polyvalence et style, ces cannes sont votre ticket d&rsquo;entr\u00e9e pour ramener votre plus grosse prise.  <\/p>\n","protected":false},"featured_media":66925,"comment_status":"open","ping_status":"closed","template":"","meta":[],"etheme_brands":[{"term_id":88,"name":"Catch The Fever","slug":"catch-the-fever","term_group":0,"term_taxonomy_id":88,"taxonomy":"brand","description":"","parent":0,"count":136,"filter":"raw"}],"product_brand":[],"product_cat":[351,349,311,312,350],"product_tag":[316,352,315],"class_list":{"0":"post-75017","1":"product","2":"type-product","3":"status-publish","4":"has-post-thumbnail","6":"brand-catch-the-fever","7":"product_cat-canne-a-peche-au-lancer","8":"product_cat-serie-hellcat-patriot","9":"product_cat-tiges","10":"product_cat-tiges-hellcat","11":"product_cat-type-de-tige","12":"product_tag-baguettes-catch-the-fever-attraper-la-fievre","13":"product_tag-serie-hellcat-patriot","14":"product_tag-tiges-hellcat","15":"product_shipping_class-ctf-cannes","17":"first","18":"outofstock","19":"sale","20":"taxable","21":"shipping-taxable","22":"purchasable","23":"product-type-variable"},"aioseo_notices":[],"jetpack_sharing_enabled":true,"_links":{"self":[{"href":"https:\/\/catchthefever.com\/fr\/wp-json\/wp\/v2\/product\/75017","targetHints":{"allow":["GET"]}}],"collection":[{"href":"https:\/\/catchthefever.com\/fr\/wp-json\/wp\/v2\/product"}],"about":[{"href":"https:\/\/catchthefever.com\/fr\/wp-json\/wp\/v2\/types\/product"}],"replies":[{"embeddable":true,"href":"https:\/\/catchthefever.com\/fr\/wp-json\/wp\/v2\/comments?post=75017"}],"version-history":[{"count":0,"href":"https:\/\/catchthefever.com\/fr\/wp-json\/wp\/v2\/product\/75017\/revisions"}],"wp:featuredmedia":[{"embeddable":true,"href":"https:\/\/catchthefever.com\/fr\/wp-json\/wp\/v2\/media\/66925"}],"wp:attachment":[{"href":"https:\/\/catchthefever.com\/fr\/wp-json\/wp\/v2\/media?parent=75017"}],"wp:term":[{"taxonomy":"brand","embeddable":true,"href":"https:\/\/catchthefever.com\/fr\/wp-json\/wp\/v2\/etheme_brands?post=75017"},{"taxonomy":"product_brand","embeddable":true,"href":"https:\/\/catchthefever.com\/fr\/wp-json\/wp\/v2\/product_brand?post=75017"},{"taxonomy":"product_cat","embeddable":true,"href":"https:\/\/catchthefever.com\/fr\/wp-json\/wp\/v2\/product_cat?post=75017"},{"taxonomy":"product_tag","embeddable":true,"href":"https:\/\/catchthefever.com\/fr\/wp-json\/wp\/v2\/product_tag?post=75017"}],"curies":[{"name":"wp","href":"https:\/\/api.w.org\/{rel}","templated":true}]}}