{"id":75314,"date":"2024-08-20T21:30:21","date_gmt":"2024-08-21T02:30:21","guid":{"rendered":"https:\/\/catchthefever.com\/vente-en-gros\/"},"modified":"2025-09-17T12:29:38","modified_gmt":"2025-09-17T17:29:38","slug":"vente-en-gros","status":"publish","type":"page","link":"https:\/\/catchthefever.com\/fr\/vente-en-gros\/","title":{"rendered":"Vente en gros"},"content":{"rendered":"\t\t<div data-elementor-type=\"wp-page\" data-elementor-id=\"75314\" class=\"elementor elementor-75314 elementor-3029\" data-elementor-post-type=\"page\">\n\t\t\t\t\t\t<section class=\"elementor-section elementor-top-section elementor-element elementor-element-d13fbcd elementor-section-boxed elementor-section-height-default elementor-section-height-default elementor-invisible\" data-id=\"d13fbcd\" data-element_type=\"section\" data-settings=\"{&quot;background_background&quot;:&quot;classic&quot;,&quot;animation&quot;:&quot;fadeIn&quot;}\">\n\t\t\t\t\t\t<div class=\"elementor-container elementor-column-gap-no\">\n\t\t\t\t\t<div class=\"elementor-column elementor-col-100 elementor-top-column elementor-element elementor-element-691355f\" data-id=\"691355f\" data-element_type=\"column\">\n\t\t\t<div class=\"elementor-widget-wrap elementor-element-populated\">\n\t\t\t\t\t\t<div class=\"elementor-element elementor-element-5ecd315 elementor-widget elementor-widget-spacer\" data-id=\"5ecd315\" data-element_type=\"widget\" data-widget_type=\"spacer.default\">\n\t\t\t\t<div class=\"elementor-widget-container\">\n\t\t\t\t\t\t\t<div class=\"elementor-spacer\">\n\t\t\t<div class=\"elementor-spacer-inner\"><\/div>\n\t\t<\/div>\n\t\t\t\t\t\t<\/div>\n\t\t\t\t<\/div>\n\t\t\t\t\t<\/div>\n\t\t<\/div>\n\t\t\t\t\t<\/div>\n\t\t<\/section>\n\t\t\t\t<section class=\"elementor-section elementor-top-section elementor-element elementor-element-481a78a elementor-section-boxed elementor-section-height-default elementor-section-height-default elementor-invisible\" data-id=\"481a78a\" data-element_type=\"section\" data-settings=\"{&quot;animation&quot;:&quot;fadeIn&quot;}\">\n\t\t\t\t\t\t<div class=\"elementor-container elementor-column-gap-no\">\n\t\t\t\t\t<div class=\"elementor-column elementor-col-50 elementor-top-column elementor-element elementor-element-2a00ff8 elementor-invisible\" data-id=\"2a00ff8\" data-element_type=\"column\" data-settings=\"{&quot;animation&quot;:&quot;fadeInLeft&quot;}\">\n\t\t\t<div class=\"elementor-widget-wrap elementor-element-populated\">\n\t\t\t\t\t\t<div class=\"elementor-element elementor-element-a8dd187 elementor-widget elementor-widget-heading\" data-id=\"a8dd187\" data-element_type=\"widget\" data-widget_type=\"heading.default\">\n\t\t\t\t<div class=\"elementor-widget-container\">\n\t\t\t\t\t<h2 class=\"elementor-heading-title elementor-size-default\">Souhaitez-vous distribuer notre gamme de produits ?<\/h2>\t\t\t\t<\/div>\n\t\t\t\t<\/div>\n\t\t\t\t<div class=\"elementor-element elementor-element-ed2382c elementor-widget elementor-widget-text-editor\" data-id=\"ed2382c\" data-element_type=\"widget\" data-widget_type=\"text-editor.default\">\n\t\t\t\t<div class=\"elementor-widget-container\">\n\t\t\t\t\t\t\t\t\t<p>En tant que l&rsquo;une des entreprises de plein air connaissant la croissance la plus rapide du pays, Catch the Fever vous offre l&rsquo;opportunit\u00e9 de proposer des produits authentiques qui sont non seulement largement reconnus sur le plan national, mais qui b\u00e9n\u00e9ficient \u00e9galement d&rsquo;une forte pr\u00e9sence internationale. Notre marque apporte cr\u00e9dibilit\u00e9 et affluence \u00e0 votre magasin, vous aidant ainsi \u00e0 attirer davantage de clients qui accordent de l&rsquo;importance \u00e0 la qualit\u00e9 et \u00e0 la performance. <\/p><p>Nous comprenons en profondeur le mod\u00e8le \u00e9conomique de la vente en gros et au d\u00e9tail, et nos politiques sont con\u00e7ues pour soutenir pleinement nos partenaires. Lorsque vous collaborez avec nous, vous n&rsquo;\u00eates pas simplement un client, mais un partenaire estim\u00e9. Nous nous engageons \u00e0 vous assurer le m\u00eame niveau de service et de respect que toute autre partie de notre entreprise, sans jamais sacrifier vos besoins ni vous traiter comme un client de seconde classe.  <\/p>\t\t\t\t\t\t\t\t<\/div>\n\t\t\t\t<\/div>\n\t\t\t\t<div class=\"elementor-element elementor-element-4976c51 elementor-widget elementor-widget-text-editor\" data-id=\"4976c51\" data-element_type=\"widget\" data-widget_type=\"text-editor.default\">\n\t\t\t\t<div class=\"elementor-widget-container\">\n\t\t\t\t\t\t\t\t\t<p>Des questions ? Nous sommes toujours l\u00e0 pour vous aider et rendre nos programmes accessibles. Appelez-nous ou visitez notre page de contact.   <\/p>\t\t\t\t\t\t\t\t<\/div>\n\t\t\t\t<\/div>\n\t\t\t\t\t<\/div>\n\t\t<\/div>\n\t\t\t\t<div class=\"elementor-column elementor-col-50 elementor-top-column elementor-element elementor-element-5474d30\" data-id=\"5474d30\" data-element_type=\"column\">\n\t\t\t<div class=\"elementor-widget-wrap elementor-element-populated\">\n\t\t\t\t\t\t<div class=\"elementor-element elementor-element-2f30537 elementor-position-left elementor-vertical-align-top elementor-invisible elementor-widget elementor-widget-image-box\" data-id=\"2f30537\" data-element_type=\"widget\" data-settings=\"{&quot;_animation&quot;:&quot;fadeInRight&quot;,&quot;_animation_delay&quot;:400}\" data-widget_type=\"image-box.default\">\n\t\t\t\t<div class=\"elementor-widget-container\">\n\t\t\t\t\t<div class=\"elementor-image-box-wrapper\"><figure class=\"elementor-image-box-img\"><img decoding=\"async\" width=\"46\" height=\"46\" src=\"https:\/\/catchthefever.com\/wp-content\/uploads\/2021\/08\/Icon-2.png\" class=\"attachment-full size-full wp-image-49\" alt=\"\" title=\"Icon (2) - Catch the Fever Outdoors\" srcset=\"https:\/\/catchthefever.com\/wp-content\/uploads\/2021\/08\/Icon-2.png 46w, https:\/\/catchthefever.com\/wp-content\/uploads\/2021\/08\/Icon-2-1x1.webp 1w, https:\/\/catchthefever.com\/wp-content\/uploads\/2021\/08\/Icon-2-10x10.webp 10w\" sizes=\"(max-width: 46px) 100vw, 46px\" \/><\/figure><div class=\"elementor-image-box-content\"><h3 class=\"elementor-image-box-title\">Candidature rapide et facile<\/h3><p class=\"elementor-image-box-description\">Compl\u00e9tez votre candidature en moins de 2 minutes<\/p><\/div><\/div>\t\t\t\t<\/div>\n\t\t\t\t<\/div>\n\t\t\t\t<div class=\"elementor-element elementor-element-f63d241 elementor-position-left elementor-vertical-align-top elementor-invisible elementor-widget elementor-widget-image-box\" data-id=\"f63d241\" data-element_type=\"widget\" data-settings=\"{&quot;_animation&quot;:&quot;fadeInRight&quot;,&quot;_animation_delay&quot;:600}\" data-widget_type=\"image-box.default\">\n\t\t\t\t<div class=\"elementor-widget-container\">\n\t\t\t\t\t<div class=\"elementor-image-box-wrapper\"><figure class=\"elementor-image-box-img\"><img decoding=\"async\" width=\"47\" height=\"47\" src=\"https:\/\/catchthefever.com\/wp-content\/uploads\/2021\/08\/Vector.webp\" class=\"attachment-full size-full wp-image-56\" alt=\"\" title=\"Vector - Catch the Fever Outdoors\" srcset=\"https:\/\/catchthefever.com\/wp-content\/uploads\/2021\/08\/Vector.webp 47w, https:\/\/catchthefever.com\/wp-content\/uploads\/2021\/08\/Vector-1x1.webp 1w, https:\/\/catchthefever.com\/wp-content\/uploads\/2021\/08\/Vector-10x10.webp 10w\" sizes=\"(max-width: 47px) 100vw, 47px\" \/><\/figure><div class=\"elementor-image-box-content\"><h3 class=\"elementor-image-box-title\">Port\u00e9e mondiale<\/h3><p class=\"elementor-image-box-description\">Nous acceptons les candidatures des \u00c9tats-Unis et internationales.<\/p><\/div><\/div>\t\t\t\t<\/div>\n\t\t\t\t<\/div>\n\t\t\t\t<div class=\"elementor-element elementor-element-07bca25 elementor-position-left elementor-vertical-align-top elementor-invisible elementor-widget elementor-widget-image-box\" data-id=\"07bca25\" data-element_type=\"widget\" data-settings=\"{&quot;_animation&quot;:&quot;fadeInRight&quot;,&quot;_animation_delay&quot;:600}\" data-widget_type=\"image-box.default\">\n\t\t\t\t<div class=\"elementor-widget-container\">\n\t\t\t\t\t<div class=\"elementor-image-box-wrapper\"><figure class=\"elementor-image-box-img\"><img decoding=\"async\" width=\"47\" height=\"47\" src=\"https:\/\/catchthefever.com\/wp-content\/uploads\/2021\/08\/Vector.webp\" class=\"attachment-full size-full wp-image-56\" alt=\"\" title=\"Vector - Catch the Fever Outdoors\" srcset=\"https:\/\/catchthefever.com\/wp-content\/uploads\/2021\/08\/Vector.webp 47w, https:\/\/catchthefever.com\/wp-content\/uploads\/2021\/08\/Vector-1x1.webp 1w, https:\/\/catchthefever.com\/wp-content\/uploads\/2021\/08\/Vector-10x10.webp 10w\" sizes=\"(max-width: 47px) 100vw, 47px\" \/><\/figure><div class=\"elementor-image-box-content\"><h3 class=\"elementor-image-box-title\">Contact vente en gros<\/h3><p class=\"elementor-image-box-description\">Contactez Shane Walser <br>Directeur des ventes<br><br>\nwholesale@catchthefever.com<br>T\u00e9l\u00e9phone (743)244-5568\n<\/p><\/div><\/div>\t\t\t\t<\/div>\n\t\t\t\t<\/div>\n\t\t\t\t\t<\/div>\n\t\t<\/div>\n\t\t\t\t\t<\/div>\n\t\t<\/section>\n\t\t<div class=\"elementor-element elementor-element-be5c5ef e-flex e-con-boxed e-con e-parent\" data-id=\"be5c5ef\" data-element_type=\"container\">\n\t\t\t\t\t<div class=\"e-con-inner\">\n\t\t\t\t<div class=\"elementor-element elementor-element-15a45bb elementor-widget elementor-widget-html\" data-id=\"15a45bb\" data-element_type=\"widget\" data-widget_type=\"html.default\">\n\t\t\t\t<div class=\"elementor-widget-container\">\n\t\t\t\t\t<div data-tf-live=\"01JBCBPKQVBGG6WQC01KKJDKAC\"><\/div><script src=\"\/\/embed.typeform.com\/next\/embed.js\"><\/script>\t\t\t\t<\/div>\n\t\t\t\t<\/div>\n\t\t\t\t\t<\/div>\n\t\t\t\t<\/div>\n\t\t\t\t<\/div>\n\t\t","protected":false},"excerpt":{"rendered":"<p>Catch The Fever vous r\u00e9compense pour votre fid\u00e9lit\u00e9, votre passion et vos comp\u00e9tences. D\u00e9couvrez comment d\u00e9bloquer jusqu&rsquo;\u00e0 25 000 $ de prix en p\u00eachant avec nos cannes et\/ou en portant nos v\u00eatements.  <\/p>\n","protected":false},"author":2,"featured_media":0,"parent":0,"menu_order":0,"comment_status":"closed","ping_status":"closed","template":"","meta":{"footnotes":""},"class_list":["post-75314","page","type-page","status-publish","hentry"],"aioseo_notices":[],"jetpack_sharing_enabled":true,"_links":{"self":[{"href":"https:\/\/catchthefever.com\/fr\/wp-json\/wp\/v2\/pages\/75314","targetHints":{"allow":["GET"]}}],"collection":[{"href":"https:\/\/catchthefever.com\/fr\/wp-json\/wp\/v2\/pages"}],"about":[{"href":"https:\/\/catchthefever.com\/fr\/wp-json\/wp\/v2\/types\/page"}],"author":[{"embeddable":true,"href":"https:\/\/catchthefever.com\/fr\/wp-json\/wp\/v2\/users\/2"}],"replies":[{"embeddable":true,"href":"https:\/\/catchthefever.com\/fr\/wp-json\/wp\/v2\/comments?post=75314"}],"version-history":[{"count":0,"href":"https:\/\/catchthefever.com\/fr\/wp-json\/wp\/v2\/pages\/75314\/revisions"}],"wp:attachment":[{"href":"https:\/\/catchthefever.com\/fr\/wp-json\/wp\/v2\/media?parent=75314"}],"curies":[{"name":"wp","href":"https:\/\/api.w.org\/{rel}","templated":true}]}}