{"id":74945,"date":"2024-08-20T21:36:58","date_gmt":"2024-08-21T02:36:58","guid":{"rendered":"https:\/\/catchthefever.com\/conditions-dutilisation-et-contrat-dachat\/"},"modified":"2025-06-08T15:09:07","modified_gmt":"2025-06-08T20:09:07","slug":"conditions-dutilisation-et-contrat-dachat","status":"publish","type":"page","link":"https:\/\/catchthefever.com\/fr\/conditions-dutilisation-et-contrat-dachat\/","title":{"rendered":"Conditions d&rsquo;utilisation et contrat d&rsquo;achat"},"content":{"rendered":"\t\t<div data-elementor-type=\"wp-page\" data-elementor-id=\"74945\" class=\"elementor elementor-74945 elementor-3040\" data-elementor-post-type=\"page\">\n\t\t\t\t\t\t<section class=\"elementor-section elementor-top-section elementor-element elementor-element-d13fbcd elementor-section-boxed elementor-section-height-default elementor-section-height-default elementor-invisible\" data-id=\"d13fbcd\" data-element_type=\"section\" data-settings=\"{&quot;background_background&quot;:&quot;classic&quot;,&quot;animation&quot;:&quot;fadeIn&quot;}\">\n\t\t\t\t\t\t<div class=\"elementor-container elementor-column-gap-no\">\n\t\t\t\t\t<div class=\"elementor-column elementor-col-100 elementor-top-column elementor-element elementor-element-691355f\" data-id=\"691355f\" data-element_type=\"column\">\n\t\t\t<div class=\"elementor-widget-wrap elementor-element-populated\">\n\t\t\t\t\t\t<div class=\"elementor-element elementor-element-5ecd315 elementor-widget elementor-widget-spacer\" data-id=\"5ecd315\" data-element_type=\"widget\" data-widget_type=\"spacer.default\">\n\t\t\t\t<div class=\"elementor-widget-container\">\n\t\t\t\t\t\t\t<div class=\"elementor-spacer\">\n\t\t\t<div class=\"elementor-spacer-inner\"><\/div>\n\t\t<\/div>\n\t\t\t\t\t\t<\/div>\n\t\t\t\t<\/div>\n\t\t\t\t\t<\/div>\n\t\t<\/div>\n\t\t\t\t\t<\/div>\n\t\t<\/section>\n\t\t\t\t<section class=\"elementor-section elementor-top-section elementor-element elementor-element-481a78a elementor-section-boxed elementor-section-height-default elementor-section-height-default elementor-invisible\" data-id=\"481a78a\" data-element_type=\"section\" data-settings=\"{&quot;animation&quot;:&quot;fadeIn&quot;}\">\n\t\t\t\t\t\t<div class=\"elementor-container elementor-column-gap-no\">\n\t\t\t\t\t<div class=\"elementor-column elementor-col-100 elementor-top-column elementor-element elementor-element-2a00ff8 elementor-invisible\" data-id=\"2a00ff8\" data-element_type=\"column\" data-settings=\"{&quot;animation&quot;:&quot;fadeInLeft&quot;}\">\n\t\t\t<div class=\"elementor-widget-wrap elementor-element-populated\">\n\t\t\t\t\t\t<div class=\"elementor-element elementor-element-a8dd187 elementor-widget elementor-widget-heading\" data-id=\"a8dd187\" data-element_type=\"widget\" data-widget_type=\"heading.default\">\n\t\t\t\t<div class=\"elementor-widget-container\">\n\t\t\t\t\t<h2 class=\"elementor-heading-title elementor-size-default\">Conditions d'utilisation | Accord g\u00e9n\u00e9ral<\/h2>\t\t\t\t<\/div>\n\t\t\t\t<\/div>\n\t\t\t\t<div class=\"elementor-element elementor-element-ed2382c elementor-widget elementor-widget-text-editor\" data-id=\"ed2382c\" data-element_type=\"widget\" data-widget_type=\"text-editor.default\">\n\t\t\t\t<div class=\"elementor-widget-container\">\n\t\t\t\t\t\t\t\t\t<p><b>Bienvenue dans la boutique en ligne de Catch The Fever !<\/b>  Veuillez prendre connaissance des conditions g\u00e9n\u00e9rales suivantes qui r\u00e9gissent l&rsquo;utilisation et l&rsquo;achat de produits sur notre site. Veuillez noter qu&rsquo;en utilisant notre site, vous acceptez de vous conformer \u00e0 ces conditions et d&rsquo;\u00eatre li\u00e9 par elles. <\/p>\t\t\t\t\t\t\t\t<\/div>\n\t\t\t\t<\/div>\n\t\t\t\t<div class=\"elementor-element elementor-element-4976c51 elementor-widget elementor-widget-text-editor\" data-id=\"4976c51\" data-element_type=\"widget\" data-widget_type=\"text-editor.default\">\n\t\t\t\t<div class=\"elementor-widget-container\">\n\t\t\t\t\t\t\t\t\t<p>Vous avez des questions ? Nous sommes toujours pr\u00eats \u00e0 vous aider et \u00e0 rendre nos politiques accessibles. Appelez-nous ou consultez notre page de contact.    <\/p>\t\t\t\t\t\t\t\t<\/div>\n\t\t\t\t<\/div>\n\t\t\t\t\t<\/div>\n\t\t<\/div>\n\t\t\t\t\t<\/div>\n\t\t<\/section>\n\t\t<div class=\"elementor-element elementor-element-689f8da e-flex e-con-boxed e-con e-parent\" data-id=\"689f8da\" data-element_type=\"container\">\n\t\t\t\t\t<div class=\"e-con-inner\">\n\t\t\t\t<div class=\"elementor-element elementor-element-e2170ec elementor-position-left elementor-vertical-align-top elementor-invisible elementor-widget elementor-widget-image-box\" data-id=\"e2170ec\" data-element_type=\"widget\" data-settings=\"{&quot;_animation&quot;:&quot;fadeInRight&quot;,&quot;_animation_delay&quot;:200}\" data-widget_type=\"image-box.default\">\n\t\t\t\t<div class=\"elementor-widget-container\">\n\t\t\t\t\t<div class=\"elementor-image-box-wrapper\"><figure class=\"elementor-image-box-img\"><img decoding=\"async\" width=\"50\" height=\"49\" src=\"https:\/\/catchthefever.com\/wp-content\/uploads\/2021\/08\/Icon-1.png\" class=\"attachment-full size-full wp-image-48\" alt=\"\" title=\"Icon (1) - Catch the Fever Outdoors\" srcset=\"https:\/\/catchthefever.com\/wp-content\/uploads\/2021\/08\/Icon-1.png 50w, https:\/\/catchthefever.com\/wp-content\/uploads\/2021\/08\/Icon-1-1x1.webp 1w, https:\/\/catchthefever.com\/wp-content\/uploads\/2021\/08\/Icon-1-10x10.webp 10w\" sizes=\"(max-width: 50px) 100vw, 50px\" \/><\/figure><div class=\"elementor-image-box-content\"><h3 class=\"elementor-image-box-title\">G\u00e9n\u00e9ral<\/h3><p class=\"elementor-image-box-description\">En utilisant notre site web, vous acceptez les conditions d'utilisation. Nous pouvons modifier ou mettre \u00e0 jour les conditions d'utilisation sans vous en avertir, c'est pourquoi nous vous invitons \u00e0 consulter r\u00e9guli\u00e8rement cette page. Nous ne garantissons pas l'exactitude, l'exhaustivit\u00e9 ou l'actualit\u00e9 des informations figurant sur notre site web.\nCela inclut les informations relatives aux prix et \u00e0 la disponibilit\u00e9. Nous nous r\u00e9servons le droit de corriger toute erreur ou omission, et de modifier ou d'actualiser les informations \u00e0 tout moment sans pr\u00e9avis.   <\/p><\/div><\/div>\t\t\t\t<\/div>\n\t\t\t\t<\/div>\n\t\t\t\t<div class=\"elementor-element elementor-element-d60b813 elementor-position-left elementor-vertical-align-top elementor-invisible elementor-widget elementor-widget-image-box\" data-id=\"d60b813\" data-element_type=\"widget\" data-settings=\"{&quot;_animation&quot;:&quot;fadeInRight&quot;,&quot;_animation_delay&quot;:200}\" data-widget_type=\"image-box.default\">\n\t\t\t\t<div class=\"elementor-widget-container\">\n\t\t\t\t\t<div class=\"elementor-image-box-wrapper\"><figure class=\"elementor-image-box-img\"><img decoding=\"async\" width=\"50\" height=\"49\" src=\"https:\/\/catchthefever.com\/wp-content\/uploads\/2021\/08\/Icon-1.png\" class=\"attachment-full size-full wp-image-48\" alt=\"\" title=\"Icon (1) - Catch the Fever Outdoors\" srcset=\"https:\/\/catchthefever.com\/wp-content\/uploads\/2021\/08\/Icon-1.png 50w, https:\/\/catchthefever.com\/wp-content\/uploads\/2021\/08\/Icon-1-1x1.webp 1w, https:\/\/catchthefever.com\/wp-content\/uploads\/2021\/08\/Icon-1-10x10.webp 10w\" sizes=\"(max-width: 50px) 100vw, 50px\" \/><\/figure><div class=\"elementor-image-box-content\"><h3 class=\"elementor-image-box-title\">Droits d'auteur et marques<\/h3><p class=\"elementor-image-box-description\">Sauf indication contraire, tous les \u00e9l\u00e9ments, y compris, mais sans s'y limiter, les images, les illustrations, les dessins, les ic\u00f4nes, les photographies, les clips vid\u00e9o, les \u00e9crits et les autres \u00e9l\u00e9ments qui apparaissent dans ce site sont des droits d'auteur, des marques de commerce, des pr\u00e9sentations commerciales et\/ou\nd'autres formes de propri\u00e9t\u00e9 intellectuelle d\u00e9tenues, contr\u00f4l\u00e9es et\/ou utilis\u00e9es sous licence ou avec d'autres autorisations l\u00e9gales par Catch The Fever Outdoors, LLC. Le site dans son ensemble est prot\u00e9g\u00e9 par le droit d'auteur et l'habillage commercial, et tous les droits, titres et int\u00e9r\u00eats mondiaux\nsont la propri\u00e9t\u00e9 de Catch The Fever Outdoors, LLC. Correction des erreurs et des inexactitudes : Les informations figurant sur le site peuvent contenir des erreurs typographiques ou des inexactitudes et peuvent ne pas \u00eatre compl\u00e8tes ou \u00e0 jour.\nCatch The Fever Outdoors, LLC se r\u00e9serve donc le droit de corriger toute erreur, inexactitude ou omission et de modifier ou mettre \u00e0 jour les informations \u00e0 tout moment avec ou sans pr\u00e9avis (y compris apr\u00e8s que vous ayez soumis votre commande). Veuillez noter que ces erreurs, inexactitudes ou omissions\npeuvent concerner la description du produit, le prix, la disponibilit\u00e9 du produit ou autre.    <\/p><\/div><\/div>\t\t\t\t<\/div>\n\t\t\t\t<\/div>\n\t\t\t\t<div class=\"elementor-element elementor-element-09ddff9 elementor-position-left elementor-vertical-align-top elementor-invisible elementor-widget elementor-widget-image-box\" data-id=\"09ddff9\" data-element_type=\"widget\" data-settings=\"{&quot;_animation&quot;:&quot;fadeInRight&quot;,&quot;_animation_delay&quot;:200}\" data-widget_type=\"image-box.default\">\n\t\t\t\t<div class=\"elementor-widget-container\">\n\t\t\t\t\t<div class=\"elementor-image-box-wrapper\"><figure class=\"elementor-image-box-img\"><img decoding=\"async\" width=\"50\" height=\"49\" src=\"https:\/\/catchthefever.com\/wp-content\/uploads\/2021\/08\/Icon-1.png\" class=\"attachment-full size-full wp-image-48\" alt=\"\" title=\"Icon (1) - Catch the Fever Outdoors\" srcset=\"https:\/\/catchthefever.com\/wp-content\/uploads\/2021\/08\/Icon-1.png 50w, https:\/\/catchthefever.com\/wp-content\/uploads\/2021\/08\/Icon-1-1x1.webp 1w, https:\/\/catchthefever.com\/wp-content\/uploads\/2021\/08\/Icon-1-10x10.webp 10w\" sizes=\"(max-width: 50px) 100vw, 50px\" \/><\/figure><div class=\"elementor-image-box-content\"><h3 class=\"elementor-image-box-title\">Politique d'utilisation et d'abus des codes de coupon<\/h3><p class=\"elementor-image-box-description\">\nChez CatchTheFever.com, nous accordons une grande importance \u00e0 nos clients et \u00e0 nos partenaires, et nous fournissons des codes de r\u00e9duction par l'interm\u00e9diaire du service client\u00e8le, des affili\u00e9s et des partenaires de communication afin de r\u00e9compenser nos utilisateurs et leur public.  <br><br>Toutefois, pour garantir une utilisation \u00e9quitable, nous appliquons la politique suivante en ce qui concerne les codes de coupon :\n<br><br>1. Utilisation unique par commande : Un seul code de r\u00e9duction peut \u00eatre appliqu\u00e9 par commande. La combinaison de plusieurs coupons pour obtenir une r\u00e9duction indue est strictement interdite et constitue un abus de nos conditions de vente. \n<br><br>2. Cons\u00e9quences des abus : Les commandes dans lesquelles plusieurs codes de r\u00e9duction ont \u00e9t\u00e9 appliqu\u00e9s seront rembours\u00e9es et annul\u00e9es.<br><br>\n3. Violations r\u00e9p\u00e9t\u00e9es : Les utilisateurs qui enfreignent cette politique de mani\u00e8re r\u00e9p\u00e9t\u00e9e, malgr\u00e9 un avertissement, s'exposent aux mesures suivantes :\n<br><br>Interdiction permanente d'acc\u00e9der \u00e0 notre site web et de l'utiliser.\nAction en justice jug\u00e9e appropri\u00e9e par CatchTheFever.com.\nNous encourageons tous les utilisateurs \u00e0 respecter cette politique afin de garantir une exp\u00e9rience positive pour tous. Pour toute question ou assistance, veuillez contacter notre service client\u00e8le. <\/p><\/div><\/div>\t\t\t\t<\/div>\n\t\t\t\t<\/div>\n\t\t\t\t<div class=\"elementor-element elementor-element-ab068a4 elementor-position-left elementor-vertical-align-top elementor-invisible elementor-widget elementor-widget-image-box\" data-id=\"ab068a4\" data-element_type=\"widget\" data-settings=\"{&quot;_animation&quot;:&quot;fadeInRight&quot;,&quot;_animation_delay&quot;:200}\" data-widget_type=\"image-box.default\">\n\t\t\t\t<div class=\"elementor-widget-container\">\n\t\t\t\t\t<div class=\"elementor-image-box-wrapper\"><figure class=\"elementor-image-box-img\"><img decoding=\"async\" width=\"50\" height=\"49\" src=\"https:\/\/catchthefever.com\/wp-content\/uploads\/2021\/08\/Icon-1.png\" class=\"attachment-full size-full wp-image-48\" alt=\"\" title=\"Icon (1) - Catch the Fever Outdoors\" srcset=\"https:\/\/catchthefever.com\/wp-content\/uploads\/2021\/08\/Icon-1.png 50w, https:\/\/catchthefever.com\/wp-content\/uploads\/2021\/08\/Icon-1-1x1.webp 1w, https:\/\/catchthefever.com\/wp-content\/uploads\/2021\/08\/Icon-1-10x10.webp 10w\" sizes=\"(max-width: 50px) 100vw, 50px\" \/><\/figure><div class=\"elementor-image-box-content\"><h3 class=\"elementor-image-box-title\">Couleurs<\/h3><p class=\"elementor-image-box-description\">Nous nous sommes efforc\u00e9s d'afficher avec pr\u00e9cision les couleurs des produits qui apparaissent sur le site. Cependant, comme les couleurs r\u00e9elles que vous voyez d\u00e9pendent de votre moniteur et\/ou d'autres circonstances technologiques, nous ne pouvons pas garantir que l'affichage de toute couleur sur votre moniteur\nsera exact. <\/p><\/div><\/div>\t\t\t\t<\/div>\n\t\t\t\t<\/div>\n\t\t\t\t<div class=\"elementor-element elementor-element-25748f8 elementor-position-left elementor-vertical-align-top elementor-invisible elementor-widget elementor-widget-image-box\" data-id=\"25748f8\" data-element_type=\"widget\" data-settings=\"{&quot;_animation&quot;:&quot;fadeInRight&quot;,&quot;_animation_delay&quot;:200}\" data-widget_type=\"image-box.default\">\n\t\t\t\t<div class=\"elementor-widget-container\">\n\t\t\t\t\t<div class=\"elementor-image-box-wrapper\"><figure class=\"elementor-image-box-img\"><img decoding=\"async\" width=\"50\" height=\"49\" src=\"https:\/\/catchthefever.com\/wp-content\/uploads\/2021\/08\/Icon-1.png\" class=\"attachment-full size-full wp-image-48\" alt=\"\" title=\"Icon (1) - Catch the Fever Outdoors\" srcset=\"https:\/\/catchthefever.com\/wp-content\/uploads\/2021\/08\/Icon-1.png 50w, https:\/\/catchthefever.com\/wp-content\/uploads\/2021\/08\/Icon-1-1x1.webp 1w, https:\/\/catchthefever.com\/wp-content\/uploads\/2021\/08\/Icon-1-10x10.webp 10w\" sizes=\"(max-width: 50px) 100vw, 50px\" \/><\/figure><div class=\"elementor-image-box-content\"><h3 class=\"elementor-image-box-title\">Politique de retour<\/h3><p class=\"elementor-image-box-description\">Catch The Fever Outdoors, LLC n'accepte pas les retours pour remboursement, cr\u00e9dit ou \u00e9change pour le moment. Toutes les ventes sont d\u00e9finitives. Si une exception de retour ou d'\u00e9change a \u00e9t\u00e9 faite et que vous avez \u00e9t\u00e9 en contact avec nous pour faire approuver un retour\/\u00e9change\n, il est obligatoire d'inclure une preuve de contact avec notre soci\u00e9t\u00e9 dans votre envoi de retour. Veuillez noter que tous les retours doivent \u00eatre effectu\u00e9s dans l'emballage d'origine et accompagn\u00e9s d'une copie de la facture de la commande. Nous ne pouvons approuver aucun retour\/\u00e9change de\ndatant de plus de 90 jours, sans exception. Nous n'accepterons aucun colis envoy\u00e9 sans autorisation. De plus, tout envoi re\u00e7u sans autorisation sera refus\u00e9 et retourn\u00e9 \u00e0 l'acheteur. Veuillez vous assurer que vous avez soigneusement\nexamin\u00e9 votre commande avant de finaliser votre achat, car toutes les ventes sont d\u00e9finitives.       <\/p><\/div><\/div>\t\t\t\t<\/div>\n\t\t\t\t<\/div>\n\t\t\t\t<div class=\"elementor-element elementor-element-cf523dc elementor-position-left elementor-vertical-align-top elementor-invisible elementor-widget elementor-widget-image-box\" data-id=\"cf523dc\" data-element_type=\"widget\" data-settings=\"{&quot;_animation&quot;:&quot;fadeInRight&quot;,&quot;_animation_delay&quot;:200}\" data-widget_type=\"image-box.default\">\n\t\t\t\t<div class=\"elementor-widget-container\">\n\t\t\t\t\t<div class=\"elementor-image-box-wrapper\"><figure class=\"elementor-image-box-img\"><img decoding=\"async\" width=\"50\" height=\"49\" src=\"https:\/\/catchthefever.com\/wp-content\/uploads\/2021\/08\/Icon-1.png\" class=\"attachment-full size-full wp-image-48\" alt=\"\" title=\"Icon (1) - Catch the Fever Outdoors\" srcset=\"https:\/\/catchthefever.com\/wp-content\/uploads\/2021\/08\/Icon-1.png 50w, https:\/\/catchthefever.com\/wp-content\/uploads\/2021\/08\/Icon-1-1x1.webp 1w, https:\/\/catchthefever.com\/wp-content\/uploads\/2021\/08\/Icon-1-10x10.webp 10w\" sizes=\"(max-width: 50px) 100vw, 50px\" \/><\/figure><div class=\"elementor-image-box-content\"><h3 class=\"elementor-image-box-title\">Exp\u00e9dition et livraison  <\/h3><p class=\"elementor-image-box-description\">Toutes les commandes nationales sont exp\u00e9di\u00e9es par USPS Ground. Les tarifs sont calcul\u00e9s \u00e0 l'aide du calculateur USPS. Les clients internationaux doivent s'acquitter des droits de douane et\/ou des frais de courtage en plus des frais d'exp\u00e9dition calcul\u00e9s lors de la validation de la commande. Tous les r\u00e9sidents de Caroline du Nord (\n) devront s'acquitter de la taxe de vente fix\u00e9e par l'\u00c9tat de Caroline du Nord et\/ou le comt\u00e9 dans lequel votre commande sera exp\u00e9di\u00e9e. Veuillez noter que USPS ne livre pas aux adresses APO\/FPO ou aux bo\u00eetes postales. Veuillez compter 3 jours ouvrables pour le traitement de la commande\net la v\u00e9rification du paiement, et 7 \u00e0 10 jours ouvrables suppl\u00e9mentaires pour la livraison. N'h\u00e9sitez pas \u00e0 nous consulter r\u00e9guli\u00e8rement pour toute mise \u00e0 jour concernant nos politiques d'exp\u00e9dition. N'h\u00e9sitez pas \u00e0 nous contacter \u00e0 l'adresse support@catchthefever.com si vous avez des questions.       <\/p><\/div><\/div>\t\t\t\t<\/div>\n\t\t\t\t<\/div>\n\t\t\t\t<div class=\"elementor-element elementor-element-c5a952f elementor-position-left elementor-vertical-align-top elementor-invisible elementor-widget elementor-widget-image-box\" data-id=\"c5a952f\" data-element_type=\"widget\" data-settings=\"{&quot;_animation&quot;:&quot;fadeInRight&quot;,&quot;_animation_delay&quot;:200}\" data-widget_type=\"image-box.default\">\n\t\t\t\t<div class=\"elementor-widget-container\">\n\t\t\t\t\t<div class=\"elementor-image-box-wrapper\"><figure class=\"elementor-image-box-img\"><img decoding=\"async\" width=\"50\" height=\"49\" src=\"https:\/\/catchthefever.com\/wp-content\/uploads\/2021\/08\/Icon-1.png\" class=\"attachment-full size-full wp-image-48\" alt=\"\" title=\"Icon (1) - Catch the Fever Outdoors\" srcset=\"https:\/\/catchthefever.com\/wp-content\/uploads\/2021\/08\/Icon-1.png 50w, https:\/\/catchthefever.com\/wp-content\/uploads\/2021\/08\/Icon-1-1x1.webp 1w, https:\/\/catchthefever.com\/wp-content\/uploads\/2021\/08\/Icon-1-10x10.webp 10w\" sizes=\"(max-width: 50px) 100vw, 50px\" \/><\/figure><div class=\"elementor-image-box-content\"><h3 class=\"elementor-image-box-title\">Disponibilit\u00e9 du produit<\/h3><p class=\"elementor-image-box-description\">Bien que la disponibilit\u00e9 soit indiqu\u00e9e sur notre site, nous ne pouvons pas garantir la disponibilit\u00e9 des produits ou leur livraison imm\u00e9diate. Nous nous r\u00e9servons le droit, sans responsabilit\u00e9 ni pr\u00e9avis, de r\u00e9viser, d'interrompre ou de cesser de mettre \u00e0 disposition tout ou partie des produits ou d'annuler toute commande. Les remises suppl\u00e9mentaires ou les promotions ne peuvent pas \u00eatre combin\u00e9es avec les prix de vente, sauf indication contraire.  <\/p><\/div><\/div>\t\t\t\t<\/div>\n\t\t\t\t<\/div>\n\t\t\t\t<div class=\"elementor-element elementor-element-32b9f7c elementor-position-left elementor-vertical-align-top elementor-invisible elementor-widget elementor-widget-image-box\" data-id=\"32b9f7c\" data-element_type=\"widget\" data-settings=\"{&quot;_animation&quot;:&quot;fadeInRight&quot;,&quot;_animation_delay&quot;:200}\" data-widget_type=\"image-box.default\">\n\t\t\t\t<div class=\"elementor-widget-container\">\n\t\t\t\t\t<div class=\"elementor-image-box-wrapper\"><figure class=\"elementor-image-box-img\"><img decoding=\"async\" width=\"50\" height=\"49\" src=\"https:\/\/catchthefever.com\/wp-content\/uploads\/2021\/08\/Icon-1.png\" class=\"attachment-full size-full wp-image-48\" alt=\"\" title=\"Icon (1) - Catch the Fever Outdoors\" srcset=\"https:\/\/catchthefever.com\/wp-content\/uploads\/2021\/08\/Icon-1.png 50w, https:\/\/catchthefever.com\/wp-content\/uploads\/2021\/08\/Icon-1-1x1.webp 1w, https:\/\/catchthefever.com\/wp-content\/uploads\/2021\/08\/Icon-1-10x10.webp 10w\" sizes=\"(max-width: 50px) 100vw, 50px\" \/><\/figure><div class=\"elementor-image-box-content\"><h3 class=\"elementor-image-box-title\">Protection de la vie priv\u00e9e des clients<\/h3><p class=\"elementor-image-box-description\">CatchTheFever.com respecte les informations de compte de ses clients en tant qu'informations priv\u00e9es et confidentielles et ne les partagera jamais avec des afflictions ou des individus ext\u00e9rieurs. En soumettant votre email \u00e0 notre site web, vous acceptez de recevoir automatiquement des emails promotionnels qui peuvent cependant \u00eatre d\u00e9sabonn\u00e9s en suivant le lien contenu dans l'email. <\/p><\/div><\/div>\t\t\t\t<\/div>\n\t\t\t\t<\/div>\n\t\t\t\t<div class=\"elementor-element elementor-element-59f4cf9 elementor-position-left elementor-vertical-align-top elementor-invisible elementor-widget elementor-widget-image-box\" data-id=\"59f4cf9\" data-element_type=\"widget\" data-settings=\"{&quot;_animation&quot;:&quot;fadeInRight&quot;,&quot;_animation_delay&quot;:200}\" data-widget_type=\"image-box.default\">\n\t\t\t\t<div class=\"elementor-widget-container\">\n\t\t\t\t\t<div class=\"elementor-image-box-wrapper\"><figure class=\"elementor-image-box-img\"><img decoding=\"async\" width=\"50\" height=\"49\" src=\"https:\/\/catchthefever.com\/wp-content\/uploads\/2021\/08\/Icon-1.png\" class=\"attachment-full size-full wp-image-48\" alt=\"\" title=\"Icon (1) - Catch the Fever Outdoors\" srcset=\"https:\/\/catchthefever.com\/wp-content\/uploads\/2021\/08\/Icon-1.png 50w, https:\/\/catchthefever.com\/wp-content\/uploads\/2021\/08\/Icon-1-1x1.webp 1w, https:\/\/catchthefever.com\/wp-content\/uploads\/2021\/08\/Icon-1-10x10.webp 10w\" sizes=\"(max-width: 50px) 100vw, 50px\" \/><\/figure><div class=\"elementor-image-box-content\"><h3 class=\"elementor-image-box-title\">Num\u00e9ro de t\u00e9l\u00e9phone et message texte<\/h3><p class=\"elementor-image-box-description\">En communiquant votre num\u00e9ro de t\u00e9l\u00e9phone \u00e0 Catch The Fever LLC, vous acceptez de recevoir des SMS limit\u00e9s aux mises \u00e0 jour des commandes et aux mises \u00e0 jour concernant Catch The Fever LLC.<\/p><\/div><\/div>\t\t\t\t<\/div>\n\t\t\t\t<\/div>\n\t\t\t\t\t<\/div>\n\t\t\t\t<\/div>\n\t\t\t\t<\/div>\n\t\t","protected":false},"excerpt":{"rendered":"<p>Catch The Fever vous r\u00e9compense pour votre fid\u00e9lit\u00e9, votre passion et vos comp\u00e9tences. D\u00e9couvrez comment d\u00e9bloquer jusqu&rsquo;\u00e0 25 000 $ de prix en p\u00eachant avec nos cannes \u00e0 p\u00eache et\/ou en portant nos v\u00eatements.   <\/p>\n","protected":false},"author":2,"featured_media":0,"parent":0,"menu_order":0,"comment_status":"closed","ping_status":"closed","template":"","meta":{"footnotes":""},"class_list":["post-74945","page","type-page","status-publish","hentry"],"aioseo_notices":[],"jetpack_sharing_enabled":true,"_links":{"self":[{"href":"https:\/\/catchthefever.com\/fr\/wp-json\/wp\/v2\/pages\/74945","targetHints":{"allow":["GET"]}}],"collection":[{"href":"https:\/\/catchthefever.com\/fr\/wp-json\/wp\/v2\/pages"}],"about":[{"href":"https:\/\/catchthefever.com\/fr\/wp-json\/wp\/v2\/types\/page"}],"author":[{"embeddable":true,"href":"https:\/\/catchthefever.com\/fr\/wp-json\/wp\/v2\/users\/2"}],"replies":[{"embeddable":true,"href":"https:\/\/catchthefever.com\/fr\/wp-json\/wp\/v2\/comments?post=74945"}],"version-history":[{"count":0,"href":"https:\/\/catchthefever.com\/fr\/wp-json\/wp\/v2\/pages\/74945\/revisions"}],"wp:attachment":[{"href":"https:\/\/catchthefever.com\/fr\/wp-json\/wp\/v2\/media?parent=74945"}],"curies":[{"name":"wp","href":"https:\/\/api.w.org\/{rel}","templated":true}]}}