{"id":74937,"date":"2024-08-20T17:30:14","date_gmt":"2024-08-20T22:30:14","guid":{"rendered":"https:\/\/catchthefever.com\/marques-et-propriete-intellectuelle\/"},"modified":"2025-06-08T15:09:04","modified_gmt":"2025-06-08T20:09:04","slug":"marques-et-propriete-intellectuelle","status":"publish","type":"page","link":"https:\/\/catchthefever.com\/fr\/marques-et-propriete-intellectuelle\/","title":{"rendered":"Marques et propri\u00e9t\u00e9 intellectuelle"},"content":{"rendered":"\t\t<div data-elementor-type=\"wp-page\" data-elementor-id=\"74937\" class=\"elementor elementor-74937 elementor-2973\" data-elementor-post-type=\"page\">\n\t\t\t\t\t\t<section class=\"elementor-section elementor-top-section elementor-element elementor-element-d13fbcd elementor-section-boxed elementor-section-height-default elementor-section-height-default elementor-invisible\" data-id=\"d13fbcd\" data-element_type=\"section\" data-settings=\"{&quot;background_background&quot;:&quot;classic&quot;,&quot;animation&quot;:&quot;fadeIn&quot;}\">\n\t\t\t\t\t\t<div class=\"elementor-container elementor-column-gap-no\">\n\t\t\t\t\t<div class=\"elementor-column elementor-col-100 elementor-top-column elementor-element elementor-element-691355f\" data-id=\"691355f\" data-element_type=\"column\">\n\t\t\t<div class=\"elementor-widget-wrap elementor-element-populated\">\n\t\t\t\t\t\t<div class=\"elementor-element elementor-element-5ecd315 elementor-widget elementor-widget-spacer\" data-id=\"5ecd315\" data-element_type=\"widget\" data-widget_type=\"spacer.default\">\n\t\t\t\t<div class=\"elementor-widget-container\">\n\t\t\t\t\t\t\t<div class=\"elementor-spacer\">\n\t\t\t<div class=\"elementor-spacer-inner\"><\/div>\n\t\t<\/div>\n\t\t\t\t\t\t<\/div>\n\t\t\t\t<\/div>\n\t\t\t\t\t<\/div>\n\t\t<\/div>\n\t\t\t\t\t<\/div>\n\t\t<\/section>\n\t\t\t\t<section class=\"elementor-section elementor-top-section elementor-element elementor-element-481a78a elementor-section-boxed elementor-section-height-default elementor-section-height-default elementor-invisible\" data-id=\"481a78a\" data-element_type=\"section\" data-settings=\"{&quot;animation&quot;:&quot;fadeIn&quot;}\">\n\t\t\t\t\t\t<div class=\"elementor-container elementor-column-gap-no\">\n\t\t\t\t\t<div class=\"elementor-column elementor-col-50 elementor-top-column elementor-element elementor-element-2a00ff8 elementor-invisible\" data-id=\"2a00ff8\" data-element_type=\"column\" data-settings=\"{&quot;animation&quot;:&quot;fadeInLeft&quot;}\">\n\t\t\t<div class=\"elementor-widget-wrap elementor-element-populated\">\n\t\t\t\t\t\t<div class=\"elementor-element elementor-element-a8dd187 elementor-widget elementor-widget-heading\" data-id=\"a8dd187\" data-element_type=\"widget\" data-widget_type=\"heading.default\">\n\t\t\t\t<div class=\"elementor-widget-container\">\n\t\t\t\t\t<h2 class=\"elementor-heading-title elementor-size-default\">Nos marques<\/h2>\t\t\t\t<\/div>\n\t\t\t\t<\/div>\n\t\t\t\t<div class=\"elementor-element elementor-element-ed2382c elementor-widget elementor-widget-text-editor\" data-id=\"ed2382c\" data-element_type=\"widget\" data-widget_type=\"text-editor.default\">\n\t\t\t\t<div class=\"elementor-widget-container\">\n\t\t\t\t\t\t\t\t\t<p>Chez Catch The Fever, nous accordons une grande importance \u00e0 la propri\u00e9t\u00e9 intellectuelle. L&rsquo;attention que nous portons aux d\u00e9tails signifie que nous prot\u00e9geons nos actifs les plus pr\u00e9cieux : notre nom.   <\/p><h3><strong>Pourquoi c&rsquo;est important<\/strong><\/h3><p>Le respect des droits de propri\u00e9t\u00e9 intellectuelle permet \u00e0 des marques comme Catch the Fever de continuer \u00e0 innover et \u00e0 fournir des produits de qualit\u00e9 que nos clients appr\u00e9cient. En suivant ces lignes directrices, vous contribuez \u00e0 prot\u00e9ger l&rsquo;int\u00e9grit\u00e9 de notre marque tout en appr\u00e9ciant et en partageant vos exp\u00e9riences avec nos produits. <\/p><p>Nous appr\u00e9cions votre soutien et sommes toujours heureux de travailler avec notre communaut\u00e9 pour trouver des moyens cr\u00e9atifs de pr\u00e9senter Catch the Fever !<\/p><p>Notre objectif est de permettre au public d&rsquo;acc\u00e9der plus rapidement aux marques dont nous sommes propri\u00e9taires et\/ou que nous utilisons sous licence. Vous trouverez ci-dessous une liste (parfois incompl\u00e8te) des demandes les plus courantes.   <\/p>\t\t\t\t\t\t\t\t<\/div>\n\t\t\t\t<\/div>\n\t\t\t\t<div class=\"elementor-element elementor-element-4976c51 elementor-widget elementor-widget-text-editor\" data-id=\"4976c51\" data-element_type=\"widget\" data-widget_type=\"text-editor.default\">\n\t\t\t\t<div class=\"elementor-widget-container\">\n\t\t\t\t\t\t\t\t\t<p>Vous avez des questions ? Nous sommes toujours pr\u00eats \u00e0 vous aider et \u00e0 rendre nos programmes de r\u00e9compense accessibles. Appelez-nous ou visitez notre page de contact.    <\/p>\t\t\t\t\t\t\t\t<\/div>\n\t\t\t\t<\/div>\n\t\t\t\t\t<\/div>\n\t\t<\/div>\n\t\t\t\t<div class=\"elementor-column elementor-col-50 elementor-top-column elementor-element elementor-element-5474d30\" data-id=\"5474d30\" data-element_type=\"column\">\n\t\t\t<div class=\"elementor-widget-wrap\">\n\t\t\t\t\t\t\t<\/div>\n\t\t<\/div>\n\t\t\t\t\t<\/div>\n\t\t<\/section>\n\t\t<div class=\"elementor-element elementor-element-689f8da e-flex e-con-boxed e-con e-parent\" data-id=\"689f8da\" data-element_type=\"container\">\n\t\t\t\t\t<div class=\"e-con-inner\">\n\t\t\t\t<div class=\"elementor-element elementor-element-e2170ec elementor-position-left elementor-vertical-align-top elementor-invisible elementor-widget elementor-widget-image-box\" data-id=\"e2170ec\" data-element_type=\"widget\" data-settings=\"{&quot;_animation&quot;:&quot;fadeInRight&quot;,&quot;_animation_delay&quot;:200}\" data-widget_type=\"image-box.default\">\n\t\t\t\t<div class=\"elementor-widget-container\">\n\t\t\t\t\t<div class=\"elementor-image-box-wrapper\"><figure class=\"elementor-image-box-img\"><img fetchpriority=\"high\" decoding=\"async\" width=\"1200\" height=\"480\" src=\"https:\/\/catchthefever.com\/wp-content\/uploads\/2024\/08\/Green-HEllcat-Logo-TM.webp\" class=\"attachment-full size-full wp-image-2976\" alt=\"\" srcset=\"https:\/\/catchthefever.com\/wp-content\/uploads\/2024\/08\/Green-HEllcat-Logo-TM.webp 1200w, https:\/\/catchthefever.com\/wp-content\/uploads\/2024\/08\/Green-HEllcat-Logo-TM-450x180.webp 450w, https:\/\/catchthefever.com\/wp-content\/uploads\/2024\/08\/Green-HEllcat-Logo-TM-768x307.webp 768w, https:\/\/catchthefever.com\/wp-content\/uploads\/2024\/08\/Green-HEllcat-Logo-TM-1024x410.webp 1024w, https:\/\/catchthefever.com\/wp-content\/uploads\/2024\/08\/Green-HEllcat-Logo-TM-600x240.webp 600w, https:\/\/catchthefever.com\/wp-content\/uploads\/2024\/08\/Green-HEllcat-Logo-TM-100x40.webp 100w, https:\/\/catchthefever.com\/wp-content\/uploads\/2024\/08\/Green-HEllcat-Logo-TM-900x360.webp 900w, https:\/\/catchthefever.com\/wp-content\/uploads\/2024\/08\/Green-HEllcat-Logo-TM-1x1.webp 1w, https:\/\/catchthefever.com\/wp-content\/uploads\/2024\/08\/Green-HEllcat-Logo-TM-10x4.webp 10w, https:\/\/catchthefever.com\/wp-content\/uploads\/2024\/08\/Green-HEllcat-Logo-TM-300x120.webp 300w, https:\/\/catchthefever.com\/wp-content\/uploads\/2024\/08\/Green-HEllcat-Logo-TM-800x320.webp 800w\" sizes=\"(max-width: 1200px) 100vw, 1200px\" \/><\/figure><div class=\"elementor-image-box-content\"><h3 class=\"elementor-image-box-title\">1. \u00ab Logo vert \u00bb Hellcat Rod Series<\/h3><p class=\"elementor-image-box-description\">Enregistrement aupr\u00e8s de l'USPTO : Orange HellcatHellcat (88\/938,272)<\/p><\/div><\/div>\t\t\t\t<\/div>\n\t\t\t\t<\/div>\n\t\t\t\t<div class=\"elementor-element elementor-element-d60b813 elementor-position-left elementor-vertical-align-top elementor-invisible elementor-widget elementor-widget-image-box\" data-id=\"d60b813\" data-element_type=\"widget\" data-settings=\"{&quot;_animation&quot;:&quot;fadeInRight&quot;,&quot;_animation_delay&quot;:200}\" data-widget_type=\"image-box.default\">\n\t\t\t\t<div class=\"elementor-widget-container\">\n\t\t\t\t\t<div class=\"elementor-image-box-wrapper\"><figure class=\"elementor-image-box-img\"><img decoding=\"async\" width=\"1200\" height=\"480\" src=\"https:\/\/catchthefever.com\/wp-content\/uploads\/2024\/08\/Orange-Hellcat-Logo-TM.webp\" class=\"attachment-full size-full wp-image-2977\" alt=\"\" srcset=\"https:\/\/catchthefever.com\/wp-content\/uploads\/2024\/08\/Orange-Hellcat-Logo-TM.webp 1200w, https:\/\/catchthefever.com\/wp-content\/uploads\/2024\/08\/Orange-Hellcat-Logo-TM-450x180.webp 450w, https:\/\/catchthefever.com\/wp-content\/uploads\/2024\/08\/Orange-Hellcat-Logo-TM-768x307.webp 768w, https:\/\/catchthefever.com\/wp-content\/uploads\/2024\/08\/Orange-Hellcat-Logo-TM-1024x410.webp 1024w, https:\/\/catchthefever.com\/wp-content\/uploads\/2024\/08\/Orange-Hellcat-Logo-TM-600x240.webp 600w, https:\/\/catchthefever.com\/wp-content\/uploads\/2024\/08\/Orange-Hellcat-Logo-TM-100x40.webp 100w, https:\/\/catchthefever.com\/wp-content\/uploads\/2024\/08\/Orange-Hellcat-Logo-TM-900x360.webp 900w, https:\/\/catchthefever.com\/wp-content\/uploads\/2024\/08\/Orange-Hellcat-Logo-TM-1x1.webp 1w, https:\/\/catchthefever.com\/wp-content\/uploads\/2024\/08\/Orange-Hellcat-Logo-TM-10x4.webp 10w, https:\/\/catchthefever.com\/wp-content\/uploads\/2024\/08\/Orange-Hellcat-Logo-TM-300x120.webp 300w, https:\/\/catchthefever.com\/wp-content\/uploads\/2024\/08\/Orange-Hellcat-Logo-TM-800x320.webp 800w\" sizes=\"(max-width: 1200px) 100vw, 1200px\" \/><\/figure><div class=\"elementor-image-box-content\"><h3 class=\"elementor-image-box-title\">2. Logo \u00ab Hellcat Rod Series \u00bb - Logo orange<\/h3><p class=\"elementor-image-box-description\">Les d\u00e9tails seront publi\u00e9s prochainement.<\/p><\/div><\/div>\t\t\t\t<\/div>\n\t\t\t\t<\/div>\n\t\t\t\t<div class=\"elementor-element elementor-element-ab068a4 elementor-position-left elementor-vertical-align-top elementor-invisible elementor-widget elementor-widget-image-box\" data-id=\"ab068a4\" data-element_type=\"widget\" data-settings=\"{&quot;_animation&quot;:&quot;fadeInRight&quot;,&quot;_animation_delay&quot;:200}\" data-widget_type=\"image-box.default\">\n\t\t\t\t<div class=\"elementor-widget-container\">\n\t\t\t\t\t<div class=\"elementor-image-box-wrapper\"><figure class=\"elementor-image-box-img\"><img decoding=\"async\" width=\"648\" height=\"274\" src=\"https:\/\/catchthefever.com\/wp-content\/uploads\/2024\/08\/Slime-Line.webp\" class=\"attachment-full size-full wp-image-2978\" alt=\"\" srcset=\"https:\/\/catchthefever.com\/wp-content\/uploads\/2024\/08\/Slime-Line.webp 648w, https:\/\/catchthefever.com\/wp-content\/uploads\/2024\/08\/Slime-Line-450x190.webp 450w, https:\/\/catchthefever.com\/wp-content\/uploads\/2024\/08\/Slime-Line-600x254.webp 600w, https:\/\/catchthefever.com\/wp-content\/uploads\/2024\/08\/Slime-Line-100x42.webp 100w, https:\/\/catchthefever.com\/wp-content\/uploads\/2024\/08\/Slime-Line-1x1.webp 1w, https:\/\/catchthefever.com\/wp-content\/uploads\/2024\/08\/Slime-Line-10x4.webp 10w, https:\/\/catchthefever.com\/wp-content\/uploads\/2024\/08\/Slime-Line-300x127.webp 300w\" sizes=\"(max-width: 648px) 100vw, 648px\" \/><\/figure><div class=\"elementor-image-box-content\"><h3 class=\"elementor-image-box-title\">3. \u00ab Logo \u00bb Slime Line<\/h3><p class=\"elementor-image-box-description\">Enregistrement aupr\u00e8s de l'USPTO : Slime Line (86\/506,799)<\/p><\/div><\/div>\t\t\t\t<\/div>\n\t\t\t\t<\/div>\n\t\t\t\t<div class=\"elementor-element elementor-element-25748f8 elementor-position-left elementor-vertical-align-top elementor-invisible elementor-widget elementor-widget-image-box\" data-id=\"25748f8\" data-element_type=\"widget\" data-settings=\"{&quot;_animation&quot;:&quot;fadeInRight&quot;,&quot;_animation_delay&quot;:200}\" data-widget_type=\"image-box.default\">\n\t\t\t\t<div class=\"elementor-widget-container\">\n\t\t\t\t\t<div class=\"elementor-image-box-wrapper\"><figure class=\"elementor-image-box-img\"><img loading=\"lazy\" decoding=\"async\" width=\"518\" height=\"166\" src=\"https:\/\/catchthefever.com\/wp-content\/uploads\/2024\/08\/Screenshot-2024-08-20-at-1.20.10\u202fPM.webp\" class=\"attachment-full size-full wp-image-2982\" alt=\"\" srcset=\"https:\/\/catchthefever.com\/wp-content\/uploads\/2024\/08\/Screenshot-2024-08-20-at-1.20.10\u202fPM.webp 518w, https:\/\/catchthefever.com\/wp-content\/uploads\/2024\/08\/Screenshot-2024-08-20-at-1.20.10\u202fPM-450x144.webp 450w, https:\/\/catchthefever.com\/wp-content\/uploads\/2024\/08\/Screenshot-2024-08-20-at-1.20.10\u202fPM-100x32.webp 100w, https:\/\/catchthefever.com\/wp-content\/uploads\/2024\/08\/Screenshot-2024-08-20-at-1.20.10\u202fPM-1x1.webp 1w, https:\/\/catchthefever.com\/wp-content\/uploads\/2024\/08\/Screenshot-2024-08-20-at-1.20.10\u202fPM-10x3.webp 10w, https:\/\/catchthefever.com\/wp-content\/uploads\/2024\/08\/Screenshot-2024-08-20-at-1.20.10\u202fPM-300x96.webp 300w\" sizes=\"(max-width: 518px) 100vw, 518px\" \/><\/figure><div class=\"elementor-image-box-content\"><h3 class=\"elementor-image-box-title\">4. \u00ab Logo \u00bb Striper Stealth Rod Series<\/h3><p class=\"elementor-image-box-description\">Enregistrement aupr\u00e8s de l'USPTO : Striper Stealth (88\/072,723)<\/p><\/div><\/div>\t\t\t\t<\/div>\n\t\t\t\t<\/div>\n\t\t\t\t<div class=\"elementor-element elementor-element-cf523dc elementor-position-left elementor-vertical-align-top elementor-invisible elementor-widget elementor-widget-image-box\" data-id=\"cf523dc\" data-element_type=\"widget\" data-settings=\"{&quot;_animation&quot;:&quot;fadeInRight&quot;,&quot;_animation_delay&quot;:200}\" data-widget_type=\"image-box.default\">\n\t\t\t\t<div class=\"elementor-widget-container\">\n\t\t\t\t\t<div class=\"elementor-image-box-wrapper\"><figure class=\"elementor-image-box-img\"><img loading=\"lazy\" decoding=\"async\" width=\"320\" height=\"249\" src=\"https:\/\/catchthefever.com\/wp-content\/uploads\/2024\/08\/Big-Cat-Fever-TM.webp\" class=\"attachment-full size-full wp-image-2980\" alt=\"\" srcset=\"https:\/\/catchthefever.com\/wp-content\/uploads\/2024\/08\/Big-Cat-Fever-TM.webp 320w, https:\/\/catchthefever.com\/wp-content\/uploads\/2024\/08\/Big-Cat-Fever-TM-300x233.webp 300w, https:\/\/catchthefever.com\/wp-content\/uploads\/2024\/08\/Big-Cat-Fever-TM-100x78.webp 100w, https:\/\/catchthefever.com\/wp-content\/uploads\/2024\/08\/Big-Cat-Fever-TM-1x1.webp 1w, https:\/\/catchthefever.com\/wp-content\/uploads\/2024\/08\/Big-Cat-Fever-TM-10x8.webp 10w\" sizes=\"(max-width: 320px) 100vw, 320px\" \/><\/figure><div class=\"elementor-image-box-content\"><h3 class=\"elementor-image-box-title\">5. \u00ab Logo \u00bb Big Cat Fever<\/h3><p class=\"elementor-image-box-description\">Enregistrement aupr\u00e8s de l'USPTO : Big Cat Fever Catch The Fever (86\/854,074)<\/p><\/div><\/div>\t\t\t\t<\/div>\n\t\t\t\t<\/div>\n\t\t\t\t<div class=\"elementor-element elementor-element-c5a952f elementor-position-left elementor-vertical-align-top elementor-invisible elementor-widget elementor-widget-image-box\" data-id=\"c5a952f\" data-element_type=\"widget\" data-settings=\"{&quot;_animation&quot;:&quot;fadeInRight&quot;,&quot;_animation_delay&quot;:200}\" data-widget_type=\"image-box.default\">\n\t\t\t\t<div class=\"elementor-widget-container\">\n\t\t\t\t\t<div class=\"elementor-image-box-wrapper\"><figure class=\"elementor-image-box-img\"><img loading=\"lazy\" decoding=\"async\" width=\"476\" height=\"238\" src=\"https:\/\/catchthefever.com\/wp-content\/uploads\/2024\/08\/Screenshot-2024-08-20-at-1.19.21\u202fPM.png\" class=\"attachment-full size-full wp-image-2981\" alt=\"\" srcset=\"https:\/\/catchthefever.com\/wp-content\/uploads\/2024\/08\/Screenshot-2024-08-20-at-1.19.21\u202fPM.png 476w, https:\/\/catchthefever.com\/wp-content\/uploads\/2024\/08\/Screenshot-2024-08-20-at-1.19.21\u202fPM-450x225.webp 450w, https:\/\/catchthefever.com\/wp-content\/uploads\/2024\/08\/Screenshot-2024-08-20-at-1.19.21\u202fPM-100x50.webp 100w, https:\/\/catchthefever.com\/wp-content\/uploads\/2024\/08\/Screenshot-2024-08-20-at-1.19.21\u202fPM-1x1.webp 1w, https:\/\/catchthefever.com\/wp-content\/uploads\/2024\/08\/Screenshot-2024-08-20-at-1.19.21\u202fPM-10x5.webp 10w, https:\/\/catchthefever.com\/wp-content\/uploads\/2024\/08\/Screenshot-2024-08-20-at-1.19.21\u202fPM-300x150.webp 300w\" sizes=\"(max-width: 476px) 100vw, 476px\" \/><\/figure><div class=\"elementor-image-box-content\"><h3 class=\"elementor-image-box-title\">6. \u00ab Logo \u00bb Catch The Fever<\/h3><p class=\"elementor-image-box-description\">Enregistrement aupr\u00e8s de l'USPTO : Catch The Fever (86\/616,316)<\/p><\/div><\/div>\t\t\t\t<\/div>\n\t\t\t\t<\/div>\n\t\t\t\t<div class=\"elementor-element elementor-element-ad3b7f6 elementor-vertical-align-top elementor-invisible elementor-widget elementor-widget-image-box\" data-id=\"ad3b7f6\" data-element_type=\"widget\" data-settings=\"{&quot;_animation&quot;:&quot;fadeInRight&quot;,&quot;_animation_delay&quot;:200}\" data-widget_type=\"image-box.default\">\n\t\t\t\t<div class=\"elementor-widget-container\">\n\t\t\t\t\t<div class=\"elementor-image-box-wrapper\"><div class=\"elementor-image-box-content\"><h3 class=\"elementor-image-box-title\">7. Champion de la ligne Slime (88\/072 711)<\/h3><\/div><\/div>\t\t\t\t<\/div>\n\t\t\t\t<\/div>\n\t\t\t\t<div class=\"elementor-element elementor-element-f262403 elementor-vertical-align-top elementor-invisible elementor-widget elementor-widget-image-box\" data-id=\"f262403\" data-element_type=\"widget\" data-settings=\"{&quot;_animation&quot;:&quot;fadeInRight&quot;,&quot;_animation_delay&quot;:200}\" data-widget_type=\"image-box.default\">\n\t\t\t\t<div class=\"elementor-widget-container\">\n\t\t\t\t\t<div class=\"elementor-image-box-wrapper\"><div class=\"elementor-image-box-content\"><h3 class=\"elementor-image-box-title\">8. Super Stretch (88\/077 076)<\/h3><\/div><\/div>\t\t\t\t<\/div>\n\t\t\t\t<\/div>\n\t\t\t\t<div class=\"elementor-element elementor-element-911580b elementor-vertical-align-top elementor-invisible elementor-widget elementor-widget-image-box\" data-id=\"911580b\" data-element_type=\"widget\" data-settings=\"{&quot;_animation&quot;:&quot;fadeInRight&quot;,&quot;_animation_delay&quot;:200}\" data-widget_type=\"image-box.default\">\n\t\t\t\t<div class=\"elementor-widget-container\">\n\t\t\t\t\t<div class=\"elementor-image-box-wrapper\"><div class=\"elementor-image-box-content\"><h3 class=\"elementor-image-box-title\">9. Bleu fant\u00f4me (88\/902,260)<\/h3><\/div><\/div>\t\t\t\t<\/div>\n\t\t\t\t<\/div>\n\t\t\t\t<div class=\"elementor-element elementor-element-fe1618e elementor-vertical-align-top elementor-invisible elementor-widget elementor-widget-image-box\" data-id=\"fe1618e\" data-element_type=\"widget\" data-settings=\"{&quot;_animation&quot;:&quot;fadeInRight&quot;,&quot;_animation_delay&quot;:200}\" data-widget_type=\"image-box.default\">\n\t\t\t\t<div class=\"elementor-widget-container\">\n\t\t\t\t\t<div class=\"elementor-image-box-wrapper\"><div class=\"elementor-image-box-content\"><h3 class=\"elementor-image-box-title\">10. La marque qui paie pour p\u00eacher (86\/616 320)<\/h3><\/div><\/div>\t\t\t\t<\/div>\n\t\t\t\t<\/div>\n\t\t\t\t\t<\/div>\n\t\t\t\t<\/div>\n\t\t<div class=\"elementor-element elementor-element-3f4fb15e twbb_section e-flex e-con-boxed e-con e-parent\" data-id=\"3f4fb15e\" data-element_type=\"container\" data-settings=\"{&quot;background_background&quot;:&quot;classic&quot;}\">\n\t\t\t\t\t<div class=\"e-con-inner\">\n\t\t\t\t<div class=\"elementor-element elementor-element-537bdb1a elementor-widget__width-initial elementor-widget-tablet__width-initial elementor-widget-mobile__width-inherit elementor-invisible elementor-widget elementor-widget-heading\" data-id=\"537bdb1a\" data-element_type=\"widget\" data-settings=\"{&quot;_animation&quot;:&quot;fadeInUp&quot;}\" data-widget_type=\"heading.default\">\n\t\t\t\t<div class=\"elementor-widget-container\">\n\t\t\t\t\t<h2 class=\"elementor-heading-title elementor-size-default\">Avis de non-responsabilit\u00e9<\/h2>\t\t\t\t<\/div>\n\t\t\t\t<\/div>\n\t\t\t\t<div class=\"elementor-element elementor-element-12d8c75a elementor-widget__width-initial elementor-widget-tablet__width-initial elementor-widget-mobile__width-inherit elementor-invisible elementor-widget elementor-widget-text-editor\" data-id=\"12d8c75a\" data-element_type=\"widget\" data-settings=\"{&quot;_animation&quot;:&quot;fadeInUp&quot;}\" data-widget_type=\"text-editor.default\">\n\t\t\t\t<div class=\"elementor-widget-container\">\n\t\t\t\t\t\t\t\t\t<h2>Avis sur la propri\u00e9t\u00e9 intellectuelle<\/h2><h3> <\/h3><h3><strong>Utilisation de la propri\u00e9t\u00e9 intellectuelle de Catch the Fever<\/strong><\/h3><p>Chez <strong>Catch the Fever<\/strong>, nous encourageons la passion et la cr\u00e9ativit\u00e9 de notre communaut\u00e9. Nous comprenons que vous souhaitiez partager votre amour pour nos produits sur les m\u00e9dias sociaux, dans des vid\u00e9os ou par d&rsquo;autres moyens cr\u00e9atifs. Cependant, il est important de suivre les directives suivantes afin de garantir le respect de nos droits de propri\u00e9t\u00e9 intellectuelle :  <\/p><h4><strong>Utilisations autoris\u00e9es<\/strong><\/h4><ul><li><strong>Partage sur les m\u00e9dias sociaux<\/strong>: Vous pouvez partager des images ou des vid\u00e9os de votre utilisation personnelle des produits Catch the Fever sur vos plateformes de m\u00e9dias sociaux, \u00e0 condition de ne pas modifier nos logos ou notre marque. Merci de nous taguer en utilisant nos handles officiels sur les m\u00e9dias sociaux ! <\/li><li><strong>Vid\u00e9os de fans<\/strong>: Vous pouvez cr\u00e9er et partager des vid\u00e9os pr\u00e9sentant les produits Catch the Fever en action. Nous vous demandons de nous citer en mentionnant notre nom et un lien vers notre site web. <\/li><li><strong>Critiques de produits<\/strong>: Vous pouvez commenter nos produits sur des blogs, des vlogs ou des m\u00e9dias sociaux. Assurez-vous d&rsquo;inclure une d\u00e9claration claire indiquant que vous n&rsquo;\u00eates pas affili\u00e9 ou sponsoris\u00e9 par Catch the Fever, \u00e0 moins que vous n&rsquo;ayez un accord officiel avec nous. <\/li><\/ul><h4><strong>Utilisations interdites<\/strong><\/h4><ul><li><strong>Utilisation commerciale<\/strong>: vous ne pouvez pas utiliser nos marques, nos logos ou toute autre propri\u00e9t\u00e9 intellectuelle \u00e0 des fins commerciales sans autorisation \u00e9crite pr\u00e9alable. Cela inclut la vente de marchandises portant notre marque ou l&rsquo;utilisation de nos logos dans du mat\u00e9riel promotionnel pour votre propre entreprise. <\/li><li><strong>Alt\u00e9ration de la marque<\/strong>: Ne modifiez pas, ne d\u00e9formez pas ou n&rsquo;alt\u00e9rez pas nos logos ou marques de quelque mani\u00e8re que ce soit, y compris en changeant les couleurs, en redimensionnant ou en combinant avec d&rsquo;autres graphiques.<\/li><li><strong>Utilisation trompeuse<\/strong>: N&rsquo;utilisez pas notre propri\u00e9t\u00e9 intellectuelle d&rsquo;une mani\u00e8re qui pourrait induire les autres en erreur et leur faire croire que vous \u00eates affili\u00e9 \u00e0 Catch the Fever ou que vous l&rsquo;approuvez sans notre autorisation.<\/li><\/ul><h4><strong>Demande d&rsquo;autorisation<\/strong><\/h4><p>Si vous souhaitez utiliser notre propri\u00e9t\u00e9 intellectuelle d&rsquo;une mani\u00e8re qui n&rsquo;est pas mentionn\u00e9e ci-dessus, veuillez nous contacter directement \u00e0 l&rsquo;adresse support@catchthefever.com. Fournissez une description d\u00e9taill\u00e9e de la mani\u00e8re dont vous avez l&rsquo;intention d&rsquo;utiliser notre marque, et nous vous r\u00e9pondrons rapidement. <\/p><p><strong>Catch the Fever Outdoors, LLC<\/strong> et ses marques associ\u00e9es, y compris, mais sans s&rsquo;y limiter, <strong>Big Cat Fever<\/strong>, <strong>Slime Line<\/strong> et <strong>Hellcat Rods<\/strong>, d\u00e9tiennent diverses marques, droits d&rsquo;auteur et autres droits de propri\u00e9t\u00e9 intellectuelle (collectivement d\u00e9sign\u00e9s sous le terme de \u00ab propri\u00e9t\u00e9 intellectuelle \u00bb). Ces marques et droits d&rsquo;auteur sont enregistr\u00e9s et prot\u00e9g\u00e9s par la l\u00e9gislation des \u00c9tats-Unis et les trait\u00e9s internationaux sur la propri\u00e9t\u00e9 intellectuelle. <\/p><p><strong>Aucune utilisation ou reproduction de notre propri\u00e9t\u00e9 intellectuelle n&rsquo;est autoris\u00e9e sans notre consentement \u00e9crit expr\u00e8s.<\/strong>  Cela inclut, sans s&rsquo;y limiter, l&rsquo;utilisation de nos logos, noms de marque, conceptions de produits et tout autre mat\u00e9riel distinctif associ\u00e9 \u00e0 Catch the Fever.<\/p><p>Nous surveillons et d\u00e9fendons activement nos droits de propri\u00e9t\u00e9 intellectuelle afin de nous assurer qu&rsquo;ils ne sont pas enfreints. L&rsquo;utilisation non autoris\u00e9e de nos marques, de nos logos ou de notre mat\u00e9riel prot\u00e9g\u00e9 par le droit d&rsquo;auteur donnera lieu \u00e0 des poursuites judiciaires. <\/p><p> <\/p><p>2016-2024 Catch The Fever Outdoors, LLC. Tous droits r\u00e9serv\u00e9s <\/p>\t\t\t\t\t\t\t\t<\/div>\n\t\t\t\t<\/div>\n\t\t\t\t\t<\/div>\n\t\t\t\t<\/div>\n\t\t\t\t<\/div>\n\t\t","protected":false},"excerpt":{"rendered":"<p>Nos marques Chez Catch The Fever, nous accordons une grande importance \u00e0 la propri\u00e9t\u00e9 intellectuelle. L&rsquo;attention que nous portons aux d\u00e9tails signifie que nous prot\u00e9geons&#8230;<\/p>\n","protected":false},"author":2,"featured_media":0,"parent":0,"menu_order":0,"comment_status":"closed","ping_status":"closed","template":"","meta":{"footnotes":""},"class_list":["post-74937","page","type-page","status-publish","hentry"],"aioseo_notices":[],"jetpack_sharing_enabled":true,"_links":{"self":[{"href":"https:\/\/catchthefever.com\/fr\/wp-json\/wp\/v2\/pages\/74937","targetHints":{"allow":["GET"]}}],"collection":[{"href":"https:\/\/catchthefever.com\/fr\/wp-json\/wp\/v2\/pages"}],"about":[{"href":"https:\/\/catchthefever.com\/fr\/wp-json\/wp\/v2\/types\/page"}],"author":[{"embeddable":true,"href":"https:\/\/catchthefever.com\/fr\/wp-json\/wp\/v2\/users\/2"}],"replies":[{"embeddable":true,"href":"https:\/\/catchthefever.com\/fr\/wp-json\/wp\/v2\/comments?post=74937"}],"version-history":[{"count":0,"href":"https:\/\/catchthefever.com\/fr\/wp-json\/wp\/v2\/pages\/74937\/revisions"}],"wp:attachment":[{"href":"https:\/\/catchthefever.com\/fr\/wp-json\/wp\/v2\/media?parent=74937"}],"curies":[{"name":"wp","href":"https:\/\/api.w.org\/{rel}","templated":true}]}}