{"id":74935,"date":"2021-08-14T09:58:07","date_gmt":"2021-08-14T14:58:07","guid":{"rendered":"https:\/\/catchthefever.com\/contactez-nous\/"},"modified":"2025-09-17T11:51:31","modified_gmt":"2025-09-17T16:51:31","slug":"contactez-nous","status":"publish","type":"page","link":"https:\/\/catchthefever.com\/fr\/contactez-nous\/","title":{"rendered":"Contactez nous"},"content":{"rendered":"\t\t<div data-elementor-type=\"wp-page\" data-elementor-id=\"74935\" class=\"elementor elementor-74935 elementor-1621\" data-elementor-post-type=\"page\">\n\t\t\t\t<div class=\"elementor-element elementor-element-af75b30 e-flex e-con-boxed e-con e-parent\" data-id=\"af75b30\" data-element_type=\"container\">\n\t\t\t\t\t<div class=\"e-con-inner\">\n\t\t\t\t<div class=\"elementor-element elementor-element-4cab6eb elementor-widget elementor-widget-google_maps\" data-id=\"4cab6eb\" data-element_type=\"widget\" data-widget_type=\"google_maps.default\">\n\t\t\t\t<div class=\"elementor-widget-container\">\n\t\t\t\t\t\t\t<div class=\"elementor-custom-embed\">\n\t\t\t<iframe loading=\"lazy\"\n\t\t\t\t\tsrc=\"https:\/\/maps.google.com\/maps?q=1458%20Old%20Durham%20Road%2C%20Roxboro%2C%20North%20Carolina&#038;t=m&#038;z=10&#038;output=embed&#038;iwloc=near\"\n\t\t\t\t\ttitle=\"1458 Old Durham Road, Roxboro, North Carolina\"\n\t\t\t\t\taria-label=\"1458 Old Durham Road, Roxboro, North Carolina\"\n\t\t\t><\/iframe>\n\t\t<\/div>\n\t\t\t\t\t\t<\/div>\n\t\t\t\t<\/div>\n\t\t\t\t\t<\/div>\n\t\t\t\t<\/div>\n\t\t\t\t<section class=\"elementor-section elementor-top-section elementor-element elementor-element-c5d9e9b elementor-section-content-middle elementor-section-boxed elementor-section-height-default elementor-section-height-default\" data-id=\"c5d9e9b\" data-element_type=\"section\">\n\t\t\t\t\t\t<div class=\"elementor-container elementor-column-gap-no\">\n\t\t\t\t\t<div class=\"elementor-column elementor-col-50 elementor-top-column elementor-element elementor-element-8401cca elementor-invisible\" data-id=\"8401cca\" data-element_type=\"column\" data-settings=\"{&quot;animation&quot;:&quot;fadeInLeft&quot;}\">\n\t\t\t<div class=\"elementor-widget-wrap elementor-element-populated\">\n\t\t\t\t\t\t<div class=\"elementor-element elementor-element-7856a2a elementor-widget elementor-widget-heading\" data-id=\"7856a2a\" data-element_type=\"widget\" data-widget_type=\"heading.default\">\n\t\t\t\t<div class=\"elementor-widget-container\">\n\t\t\t\t\t<h2 class=\"elementor-heading-title elementor-size-default\">CONTACTEZ-NOUS.<\/h2>\t\t\t\t<\/div>\n\t\t\t\t<\/div>\n\t\t\t\t<div class=\"elementor-element elementor-element-edbb863 elementor-widget elementor-widget-text-editor\" data-id=\"edbb863\" data-element_type=\"widget\" data-widget_type=\"text-editor.default\">\n\t\t\t\t<div class=\"elementor-widget-container\">\n\t\t\t\t\t\t\t\t\t<p>Il est plus facile que jamais de prendre contact avec l&rsquo;\u00e9quipe de Catch The Fever. Nous sommes disponibles sur la plupart des comptes de m\u00e9dias sociaux et par les moyens traditionnels \u00e9num\u00e9r\u00e9s ci-dessous.   <\/p>\t\t\t\t\t\t\t\t<\/div>\n\t\t\t\t<\/div>\n\t\t\t\t<section class=\"elementor-section elementor-inner-section elementor-element elementor-element-3820c0f elementor-section-boxed elementor-section-height-default elementor-section-height-default\" data-id=\"3820c0f\" data-element_type=\"section\">\n\t\t\t\t\t\t<div class=\"elementor-container elementor-column-gap-no\">\n\t\t\t\t\t<div class=\"elementor-column elementor-col-100 elementor-inner-column elementor-element elementor-element-f6e2f74\" data-id=\"f6e2f74\" data-element_type=\"column\">\n\t\t\t<div class=\"elementor-widget-wrap elementor-element-populated\">\n\t\t\t\t\t\t<div class=\"elementor-element elementor-element-a8a0444 elementor-widget elementor-widget-heading\" data-id=\"a8a0444\" data-element_type=\"widget\" data-widget_type=\"heading.default\">\n\t\t\t\t<div class=\"elementor-widget-container\">\n\t\t\t\t\t<h2 class=\"elementor-heading-title elementor-size-default\">Bureau principal<\/h2>\t\t\t\t<\/div>\n\t\t\t\t<\/div>\n\t\t\t\t<div class=\"elementor-element elementor-element-1993519 elementor-position-left elementor-vertical-align-middle elementor-invisible elementor-widget elementor-widget-image-box\" data-id=\"1993519\" data-element_type=\"widget\" data-settings=\"{&quot;_animation&quot;:&quot;fadeInLeft&quot;,&quot;_animation_delay&quot;:100}\" data-widget_type=\"image-box.default\">\n\t\t\t\t<div class=\"elementor-widget-container\">\n\t\t\t\t\t<div class=\"elementor-image-box-wrapper\"><figure class=\"elementor-image-box-img\"><img decoding=\"async\" width=\"18\" height=\"18\" src=\"https:\/\/catchthefever.com\/wp-content\/uploads\/2021\/08\/Icon.jpg\" class=\"attachment-full size-full wp-image-337\" alt=\"\" srcset=\"https:\/\/catchthefever.com\/wp-content\/uploads\/2021\/08\/Icon.jpg 18w, https:\/\/catchthefever.com\/wp-content\/uploads\/2021\/08\/Icon-1x1.webp 1w, https:\/\/catchthefever.com\/wp-content\/uploads\/2021\/08\/Icon-10x10.webp 10w\" sizes=\"(max-width: 18px) 100vw, 18px\" \/><\/figure><div class=\"elementor-image-box-content\"><p class=\"elementor-image-box-description\">+1 (984) 234-9634<\/p><\/div><\/div>\t\t\t\t<\/div>\n\t\t\t\t<\/div>\n\t\t\t\t<div class=\"elementor-element elementor-element-52764de elementor-position-left elementor-vertical-align-middle elementor-invisible elementor-widget elementor-widget-image-box\" data-id=\"52764de\" data-element_type=\"widget\" data-settings=\"{&quot;_animation&quot;:&quot;fadeInLeft&quot;,&quot;_animation_delay&quot;:200}\" data-widget_type=\"image-box.default\">\n\t\t\t\t<div class=\"elementor-widget-container\">\n\t\t\t\t\t<div class=\"elementor-image-box-wrapper\"><figure class=\"elementor-image-box-img\"><img decoding=\"async\" src=\"https:\/\/xstore.8theme.com\/elementor\/demos\/sneakers\/wp-content\/uploads\/sites\/67\/2021\/08\/Icon-4.png\" title=\"\" alt=\"\" loading=\"lazy\" \/><\/figure><div class=\"elementor-image-box-content\"><p class=\"elementor-image-box-description\">1458 Old Durham Rd, Roxboro, NC 27573, USA<\/p><\/div><\/div>\t\t\t\t<\/div>\n\t\t\t\t<\/div>\n\t\t\t\t<div class=\"elementor-element elementor-element-374e59c elementor-position-left elementor-vertical-align-middle elementor-invisible elementor-widget elementor-widget-image-box\" data-id=\"374e59c\" data-element_type=\"widget\" data-settings=\"{&quot;_animation&quot;:&quot;fadeInLeft&quot;,&quot;_animation_delay&quot;:300}\" data-widget_type=\"image-box.default\">\n\t\t\t\t<div class=\"elementor-widget-container\">\n\t\t\t\t\t<div class=\"elementor-image-box-wrapper\"><figure class=\"elementor-image-box-img\"><img decoding=\"async\" width=\"22\" height=\"21\" src=\"https:\/\/catchthefever.com\/wp-content\/uploads\/2021\/08\/Icon-1-1.webp\" class=\"attachment-full size-full wp-image-335\" alt=\"\" srcset=\"https:\/\/catchthefever.com\/wp-content\/uploads\/2021\/08\/Icon-1-1.webp 22w, https:\/\/catchthefever.com\/wp-content\/uploads\/2021\/08\/Icon-1-1-1x1.png 1w, https:\/\/catchthefever.com\/wp-content\/uploads\/2021\/08\/Icon-1-1-10x10.webp 10w\" sizes=\"(max-width: 22px) 100vw, 22px\" \/><\/figure><div class=\"elementor-image-box-content\"><p class=\"elementor-image-box-description\">support@catchthefever.com<\/p><\/div><\/div>\t\t\t\t<\/div>\n\t\t\t\t<\/div>\n\t\t\t\t<div class=\"elementor-element elementor-element-a64b68f elementor-position-left elementor-vertical-align-middle elementor-invisible elementor-widget elementor-widget-image-box\" data-id=\"a64b68f\" data-element_type=\"widget\" data-settings=\"{&quot;_animation&quot;:&quot;fadeInLeft&quot;,&quot;_animation_delay&quot;:400}\" data-widget_type=\"image-box.default\">\n\t\t\t\t<div class=\"elementor-widget-container\">\n\t\t\t\t\t<div class=\"elementor-image-box-wrapper\"><figure class=\"elementor-image-box-img\"><img decoding=\"async\" width=\"21\" height=\"21\" src=\"https:\/\/catchthefever.com\/wp-content\/uploads\/2021\/08\/Icon-2-1.png\" class=\"attachment-full size-full wp-image-336\" alt=\"\" srcset=\"https:\/\/catchthefever.com\/wp-content\/uploads\/2021\/08\/Icon-2-1.png 21w, https:\/\/catchthefever.com\/wp-content\/uploads\/2021\/08\/Icon-2-1-1x1.webp 1w, https:\/\/catchthefever.com\/wp-content\/uploads\/2021\/08\/Icon-2-1-10x10.webp 10w\" sizes=\"(max-width: 21px) 100vw, 21px\" \/><\/figure><div class=\"elementor-image-box-content\"><p class=\"elementor-image-box-description\">Du lundi au vendredi : de 9h \u00e0 16h<\/p><\/div><\/div>\t\t\t\t<\/div>\n\t\t\t\t<\/div>\n\t\t\t\t\t<\/div>\n\t\t<\/div>\n\t\t\t\t\t<\/div>\n\t\t<\/section>\n\t\t\t\t\t<\/div>\n\t\t<\/div>\n\t\t\t\t<div class=\"elementor-column elementor-col-50 elementor-top-column elementor-element elementor-element-a96f61d elementor-invisible\" data-id=\"a96f61d\" data-element_type=\"column\" data-settings=\"{&quot;animation&quot;:&quot;fadeInRight&quot;}\">\n\t\t\t<div class=\"elementor-widget-wrap elementor-element-populated\">\n\t\t\t\t\t\t<div class=\"elementor-element elementor-element-8b5dc0f elementor-widget elementor-widget-image\" data-id=\"8b5dc0f\" data-element_type=\"widget\" data-widget_type=\"image.default\">\n\t\t\t\t<div class=\"elementor-widget-container\">\n\t\t\t\t\t\t\t\t\t\t\t\t\t\t\t<img loading=\"lazy\" decoding=\"async\" width=\"1024\" height=\"683\" src=\"https:\/\/catchthefever.com\/wp-content\/uploads\/2025\/06\/2331d9b71765c56f75763d9fa2be12325643f2bdffdf77389aca64482f332498-1024x683.png\" class=\"attachment-large size-large wp-image-76689\" alt=\"Catch The Fever warehouse support agent examining order data on a computer while speaking on the phone, with branded shipping tubes in sharp foreground focus.\" srcset=\"https:\/\/catchthefever.com\/wp-content\/uploads\/2025\/06\/2331d9b71765c56f75763d9fa2be12325643f2bdffdf77389aca64482f332498-1024x683.png 1024w, https:\/\/catchthefever.com\/wp-content\/uploads\/2025\/06\/2331d9b71765c56f75763d9fa2be12325643f2bdffdf77389aca64482f332498-450x300.png 450w, https:\/\/catchthefever.com\/wp-content\/uploads\/2025\/06\/2331d9b71765c56f75763d9fa2be12325643f2bdffdf77389aca64482f332498-768x512.png 768w, https:\/\/catchthefever.com\/wp-content\/uploads\/2025\/06\/2331d9b71765c56f75763d9fa2be12325643f2bdffdf77389aca64482f332498-900x600.png 900w, https:\/\/catchthefever.com\/wp-content\/uploads\/2025\/06\/2331d9b71765c56f75763d9fa2be12325643f2bdffdf77389aca64482f332498-100x67.png 100w, https:\/\/catchthefever.com\/wp-content\/uploads\/2025\/06\/2331d9b71765c56f75763d9fa2be12325643f2bdffdf77389aca64482f332498-1x1.png 1w, https:\/\/catchthefever.com\/wp-content\/uploads\/2025\/06\/2331d9b71765c56f75763d9fa2be12325643f2bdffdf77389aca64482f332498-10x7.png 10w, https:\/\/catchthefever.com\/wp-content\/uploads\/2025\/06\/2331d9b71765c56f75763d9fa2be12325643f2bdffdf77389aca64482f332498.png 1536w\" sizes=\"(max-width: 1024px) 100vw, 1024px\" \/>\t\t\t\t\t\t\t\t\t\t\t\t\t\t\t<\/div>\n\t\t\t\t<\/div>\n\t\t\t\t\t<\/div>\n\t\t<\/div>\n\t\t\t\t\t<\/div>\n\t\t<\/section>\n\t\t\t\t<\/div>\n\t\t","protected":false},"excerpt":{"rendered":"<p>CONTACTEZ-NOUS. Il est plus facile que jamais de prendre contact avec l&rsquo;\u00e9quipe de Catch The Fever. Nous sommes disponibles sur la plupart des comptes de&#8230;<\/p>\n","protected":false},"author":2,"featured_media":0,"parent":0,"menu_order":0,"comment_status":"closed","ping_status":"closed","template":"","meta":{"footnotes":""},"class_list":["post-74935","page","type-page","status-publish","hentry"],"aioseo_notices":[],"jetpack_sharing_enabled":true,"_links":{"self":[{"href":"https:\/\/catchthefever.com\/fr\/wp-json\/wp\/v2\/pages\/74935","targetHints":{"allow":["GET"]}}],"collection":[{"href":"https:\/\/catchthefever.com\/fr\/wp-json\/wp\/v2\/pages"}],"about":[{"href":"https:\/\/catchthefever.com\/fr\/wp-json\/wp\/v2\/types\/page"}],"author":[{"embeddable":true,"href":"https:\/\/catchthefever.com\/fr\/wp-json\/wp\/v2\/users\/2"}],"replies":[{"embeddable":true,"href":"https:\/\/catchthefever.com\/fr\/wp-json\/wp\/v2\/comments?post=74935"}],"version-history":[{"count":0,"href":"https:\/\/catchthefever.com\/fr\/wp-json\/wp\/v2\/pages\/74935\/revisions"}],"wp:attachment":[{"href":"https:\/\/catchthefever.com\/fr\/wp-json\/wp\/v2\/media?parent=74935"}],"curies":[{"name":"wp","href":"https:\/\/api.w.org\/{rel}","templated":true}]}}