{"id":74933,"date":"2024-08-20T12:23:08","date_gmt":"2024-08-20T17:23:08","guid":{"rendered":"https:\/\/catchthefever.com\/rencontrez-lequipe\/"},"modified":"2025-08-13T10:37:47","modified_gmt":"2025-08-13T15:37:47","slug":"rencontrez-lequipe","status":"publish","type":"page","link":"https:\/\/catchthefever.com\/fr\/rencontrez-lequipe\/","title":{"rendered":"Rencontrez l&rsquo;\u00e9quipe"},"content":{"rendered":"\t\t<div data-elementor-type=\"wp-page\" data-elementor-id=\"74933\" class=\"elementor elementor-74933 elementor-2906\" data-elementor-post-type=\"page\">\n\t\t\t\t\t\t<section class=\"elementor-section elementor-top-section elementor-element elementor-element-d13fbcd elementor-section-boxed elementor-section-height-default elementor-section-height-default elementor-invisible\" data-id=\"d13fbcd\" data-element_type=\"section\" data-settings=\"{&quot;background_background&quot;:&quot;classic&quot;,&quot;animation&quot;:&quot;fadeIn&quot;}\">\n\t\t\t\t\t\t<div class=\"elementor-container elementor-column-gap-no\">\n\t\t\t\t\t<div class=\"elementor-column elementor-col-100 elementor-top-column elementor-element elementor-element-691355f\" data-id=\"691355f\" data-element_type=\"column\">\n\t\t\t<div class=\"elementor-widget-wrap elementor-element-populated\">\n\t\t\t\t\t\t<div class=\"elementor-element elementor-element-5ecd315 elementor-widget elementor-widget-spacer\" data-id=\"5ecd315\" data-element_type=\"widget\" data-widget_type=\"spacer.default\">\n\t\t\t\t<div class=\"elementor-widget-container\">\n\t\t\t\t\t\t\t<div class=\"elementor-spacer\">\n\t\t\t<div class=\"elementor-spacer-inner\"><\/div>\n\t\t<\/div>\n\t\t\t\t\t\t<\/div>\n\t\t\t\t<\/div>\n\t\t\t\t\t<\/div>\n\t\t<\/div>\n\t\t\t\t\t<\/div>\n\t\t<\/section>\n\t\t\t\t<section class=\"elementor-section elementor-top-section elementor-element elementor-element-80f50c7 elementor-section-boxed elementor-section-height-default elementor-section-height-default elementor-invisible\" data-id=\"80f50c7\" data-element_type=\"section\" data-settings=\"{&quot;animation&quot;:&quot;fadeIn&quot;}\">\n\t\t\t\t\t\t<div class=\"elementor-container elementor-column-gap-no\">\n\t\t\t\t\t<div class=\"elementor-column elementor-col-100 elementor-top-column elementor-element elementor-element-67da966\" data-id=\"67da966\" data-element_type=\"column\">\n\t\t\t<div class=\"elementor-widget-wrap elementor-element-populated\">\n\t\t\t\t\t\t<div class=\"elementor-element elementor-element-395a868 elementor-widget elementor-widget-heading\" data-id=\"395a868\" data-element_type=\"widget\" data-widget_type=\"heading.default\">\n\t\t\t\t<div class=\"elementor-widget-container\">\n\t\t\t\t\t<h2 class=\"elementor-heading-title elementor-size-default\">Rencontrez l'\u00e9quipe de Catch The Fever <\/h2>\t\t\t\t<\/div>\n\t\t\t\t<\/div>\n\t\t\t\t<section class=\"elementor-section elementor-inner-section elementor-element elementor-element-07184bd elementor-section-boxed elementor-section-height-default elementor-section-height-default\" data-id=\"07184bd\" data-element_type=\"section\">\n\t\t\t\t\t\t<div class=\"elementor-container elementor-column-gap-no\">\n\t\t\t\t\t<div class=\"elementor-column elementor-col-33 elementor-inner-column elementor-element elementor-element-1027c25 elementor-invisible\" data-id=\"1027c25\" data-element_type=\"column\" data-settings=\"{&quot;animation&quot;:&quot;fadeInLeft&quot;}\">\n\t\t\t<div class=\"elementor-widget-wrap elementor-element-populated\">\n\t\t\t\t\t\t<div class=\"elementor-element elementor-element-510f028 elementor-widget elementor-widget-image\" data-id=\"510f028\" data-element_type=\"widget\" data-widget_type=\"image.default\">\n\t\t\t\t<div class=\"elementor-widget-container\">\n\t\t\t\t\t\t\t\t\t\t\t\t\t\t\t<img fetchpriority=\"high\" decoding=\"async\" width=\"1200\" height=\"750\" src=\"https:\/\/catchthefever.com\/wp-content\/uploads\/2024\/08\/Kaleb-Page-Meet-The-team.webp\" class=\"elementor-animation-shrink attachment-full size-full wp-image-2911\" alt=\"\" srcset=\"https:\/\/catchthefever.com\/wp-content\/uploads\/2024\/08\/Kaleb-Page-Meet-The-team.webp 1200w, https:\/\/catchthefever.com\/wp-content\/uploads\/2024\/08\/Kaleb-Page-Meet-The-team-450x281.webp 450w, https:\/\/catchthefever.com\/wp-content\/uploads\/2024\/08\/Kaleb-Page-Meet-The-team-768x480.webp 768w, https:\/\/catchthefever.com\/wp-content\/uploads\/2024\/08\/Kaleb-Page-Meet-The-team-1024x640.webp 1024w, https:\/\/catchthefever.com\/wp-content\/uploads\/2024\/08\/Kaleb-Page-Meet-The-team-600x375.webp 600w, https:\/\/catchthefever.com\/wp-content\/uploads\/2024\/08\/Kaleb-Page-Meet-The-team-100x63.webp 100w, https:\/\/catchthefever.com\/wp-content\/uploads\/2024\/08\/Kaleb-Page-Meet-The-team-900x563.webp 900w, https:\/\/catchthefever.com\/wp-content\/uploads\/2024\/08\/Kaleb-Page-Meet-The-team-1x1.webp 1w, https:\/\/catchthefever.com\/wp-content\/uploads\/2024\/08\/Kaleb-Page-Meet-The-team-10x6.webp 10w, https:\/\/catchthefever.com\/wp-content\/uploads\/2024\/08\/Kaleb-Page-Meet-The-team-300x188.webp 300w, https:\/\/catchthefever.com\/wp-content\/uploads\/2024\/08\/Kaleb-Page-Meet-The-team-800x500.webp 800w\" sizes=\"(max-width: 1200px) 100vw, 1200px\" title=\"Kaleb Page - Meet the Team - Catch the Fever Outdoors\" \/>\t\t\t\t\t\t\t\t\t\t\t\t\t\t\t<\/div>\n\t\t\t\t<\/div>\n\t\t\t\t<div class=\"elementor-element elementor-element-a637e1f elementor-widget elementor-widget-heading\" data-id=\"a637e1f\" data-element_type=\"widget\" data-widget_type=\"heading.default\">\n\t\t\t\t<div class=\"elementor-widget-container\">\n\t\t\t\t\t<h2 class=\"elementor-heading-title elementor-size-default\">Kaleb Page<\/h2>\t\t\t\t<\/div>\n\t\t\t\t<\/div>\n\t\t\t\t<div class=\"elementor-element elementor-element-985fcc8 elementor-widget elementor-widget-text-editor\" data-id=\"985fcc8\" data-element_type=\"widget\" data-widget_type=\"text-editor.default\">\n\t\t\t\t<div class=\"elementor-widget-container\">\n\t\t\t\t\t\t\t\t\t<p>Directeur g\u00e9n\u00e9ral, cofondateur<\/p>\t\t\t\t\t\t\t\t<\/div>\n\t\t\t\t<\/div>\n\t\t\t\t\t<\/div>\n\t\t<\/div>\n\t\t\t\t<div class=\"elementor-column elementor-col-33 elementor-inner-column elementor-element elementor-element-c8061bb elementor-hidden-desktop elementor-hidden-tablet elementor-hidden-mobile elementor-invisible\" data-id=\"c8061bb\" data-element_type=\"column\" data-settings=\"{&quot;animation&quot;:&quot;fadeInUp&quot;}\">\n\t\t\t<div class=\"elementor-widget-wrap elementor-element-populated\">\n\t\t\t\t\t\t<div class=\"elementor-element elementor-element-345393b elementor-widget elementor-widget-image\" data-id=\"345393b\" data-element_type=\"widget\" data-widget_type=\"image.default\">\n\t\t\t\t<div class=\"elementor-widget-container\">\n\t\t\t\t\t\t\t\t\t\t\t\t\t\t\t<img decoding=\"async\" width=\"900\" height=\"562\" src=\"https:\/\/catchthefever.com\/wp-content\/uploads\/2024\/08\/Tony-Clayton-Meet-The-team.webp\" class=\"elementor-animation-shrink attachment-full size-full wp-image-2910\" alt=\"\" srcset=\"https:\/\/catchthefever.com\/wp-content\/uploads\/2024\/08\/Tony-Clayton-Meet-The-team.webp 900w, https:\/\/catchthefever.com\/wp-content\/uploads\/2024\/08\/Tony-Clayton-Meet-The-team-450x281.webp 450w, https:\/\/catchthefever.com\/wp-content\/uploads\/2024\/08\/Tony-Clayton-Meet-The-team-768x480.webp 768w, https:\/\/catchthefever.com\/wp-content\/uploads\/2024\/08\/Tony-Clayton-Meet-The-team-600x375.webp 600w, https:\/\/catchthefever.com\/wp-content\/uploads\/2024\/08\/Tony-Clayton-Meet-The-team-100x62.webp 100w, https:\/\/catchthefever.com\/wp-content\/uploads\/2024\/08\/Tony-Clayton-Meet-The-team-800x500.webp 800w, https:\/\/catchthefever.com\/wp-content\/uploads\/2024\/08\/Tony-Clayton-Meet-The-team-1x1.webp 1w, https:\/\/catchthefever.com\/wp-content\/uploads\/2024\/08\/Tony-Clayton-Meet-The-team-10x6.webp 10w, https:\/\/catchthefever.com\/wp-content\/uploads\/2024\/08\/Tony-Clayton-Meet-The-team-300x187.webp 300w\" sizes=\"(max-width: 900px) 100vw, 900px\" title=\"Tony Clayton - Meet the Team - Catch the Fever Outdoors\" \/>\t\t\t\t\t\t\t\t\t\t\t\t\t\t\t<\/div>\n\t\t\t\t<\/div>\n\t\t\t\t<div class=\"elementor-element elementor-element-1640a60 elementor-widget elementor-widget-heading\" data-id=\"1640a60\" data-element_type=\"widget\" data-widget_type=\"heading.default\">\n\t\t\t\t<div class=\"elementor-widget-container\">\n\t\t\t\t\t<h2 class=\"elementor-heading-title elementor-size-default\">Tony Cayton<\/h2>\t\t\t\t<\/div>\n\t\t\t\t<\/div>\n\t\t\t\t<div class=\"elementor-element elementor-element-e58c7aa elementor-widget elementor-widget-text-editor\" data-id=\"e58c7aa\" data-element_type=\"widget\" data-widget_type=\"text-editor.default\">\n\t\t\t\t<div class=\"elementor-widget-container\">\n\t\t\t\t\t\t\t\t\t<p>Co-fondateur<\/p>\t\t\t\t\t\t\t\t<\/div>\n\t\t\t\t<\/div>\n\t\t\t\t\t<\/div>\n\t\t<\/div>\n\t\t\t\t<div class=\"elementor-column elementor-col-33 elementor-inner-column elementor-element elementor-element-27f4e04 elementor-invisible\" data-id=\"27f4e04\" data-element_type=\"column\" data-settings=\"{&quot;animation&quot;:&quot;fadeInRight&quot;}\">\n\t\t\t<div class=\"elementor-widget-wrap elementor-element-populated\">\n\t\t\t\t\t\t<div class=\"elementor-element elementor-element-285613a elementor-widget elementor-widget-image\" data-id=\"285613a\" data-element_type=\"widget\" data-widget_type=\"image.default\">\n\t\t\t\t<div class=\"elementor-widget-container\">\n\t\t\t\t\t\t\t\t\t\t\t\t\t\t\t<img decoding=\"async\" width=\"768\" height=\"395\" src=\"https:\/\/catchthefever.com\/wp-content\/uploads\/2024\/08\/Amanda-Hanson-Meet-The-Team-e1724161320996-768x395.webp\" class=\"elementor-animation-shrink attachment-medium_large size-medium_large wp-image-2908\" alt=\"\" srcset=\"https:\/\/catchthefever.com\/wp-content\/uploads\/2024\/08\/Amanda-Hanson-Meet-The-Team-e1724161320996-768x395.webp 768w, https:\/\/catchthefever.com\/wp-content\/uploads\/2024\/08\/Amanda-Hanson-Meet-The-Team-e1724161320996-450x232.webp 450w, https:\/\/catchthefever.com\/wp-content\/uploads\/2024\/08\/Amanda-Hanson-Meet-The-Team-e1724161320996-600x309.webp 600w, https:\/\/catchthefever.com\/wp-content\/uploads\/2024\/08\/Amanda-Hanson-Meet-The-Team-e1724161320996-100x51.webp 100w, https:\/\/catchthefever.com\/wp-content\/uploads\/2024\/08\/Amanda-Hanson-Meet-The-Team-e1724161320996-800x412.webp 800w, https:\/\/catchthefever.com\/wp-content\/uploads\/2024\/08\/Amanda-Hanson-Meet-The-Team-e1724161320996-1x1.webp 1w, https:\/\/catchthefever.com\/wp-content\/uploads\/2024\/08\/Amanda-Hanson-Meet-The-Team-e1724161320996-10x5.webp 10w, https:\/\/catchthefever.com\/wp-content\/uploads\/2024\/08\/Amanda-Hanson-Meet-The-Team-e1724161320996-300x154.webp 300w, https:\/\/catchthefever.com\/wp-content\/uploads\/2024\/08\/Amanda-Hanson-Meet-The-Team-e1724161320996.webp 900w\" sizes=\"(max-width: 768px) 100vw, 768px\" title=\"Amanda Hanson - Meet the Team - Catch the Fever Outdoors\" \/>\t\t\t\t\t\t\t\t\t\t\t\t\t\t\t<\/div>\n\t\t\t\t<\/div>\n\t\t\t\t<div class=\"elementor-element elementor-element-c30c1ba elementor-widget elementor-widget-heading\" data-id=\"c30c1ba\" data-element_type=\"widget\" data-widget_type=\"heading.default\">\n\t\t\t\t<div class=\"elementor-widget-container\">\n\t\t\t\t\t<h2 class=\"elementor-heading-title elementor-size-default\">Amanda Hanson<\/h2>\t\t\t\t<\/div>\n\t\t\t\t<\/div>\n\t\t\t\t<div class=\"elementor-element elementor-element-3fd8401 elementor-widget elementor-widget-text-editor\" data-id=\"3fd8401\" data-element_type=\"widget\" data-widget_type=\"text-editor.default\">\n\t\t\t\t<div class=\"elementor-widget-container\">\n\t\t\t\t\t\t\t\t\t<p>Chef de bureau<\/p>\t\t\t\t\t\t\t\t<\/div>\n\t\t\t\t<\/div>\n\t\t\t\t\t<\/div>\n\t\t<\/div>\n\t\t\t\t\t<\/div>\n\t\t<\/section>\n\t\t\t\t<section class=\"elementor-section elementor-inner-section elementor-element elementor-element-d024e32 elementor-section-boxed elementor-section-height-default elementor-section-height-default\" data-id=\"d024e32\" data-element_type=\"section\">\n\t\t\t\t\t\t<div class=\"elementor-container elementor-column-gap-no\">\n\t\t\t\t\t<div class=\"elementor-column elementor-col-33 elementor-inner-column elementor-element elementor-element-8d07149 elementor-invisible\" data-id=\"8d07149\" data-element_type=\"column\" data-settings=\"{&quot;animation&quot;:&quot;fadeInLeft&quot;}\">\n\t\t\t<div class=\"elementor-widget-wrap elementor-element-populated\">\n\t\t\t\t\t\t<div class=\"elementor-element elementor-element-2af7dbe elementor-widget elementor-widget-image\" data-id=\"2af7dbe\" data-element_type=\"widget\" data-widget_type=\"image.default\">\n\t\t\t\t<div class=\"elementor-widget-container\">\n\t\t\t\t\t\t\t\t\t\t\t\t\t\t\t<img loading=\"lazy\" decoding=\"async\" width=\"1200\" height=\"675\" src=\"https:\/\/catchthefever.com\/wp-content\/uploads\/2024\/08\/Nick.webp\" class=\"elementor-animation-shrink attachment-full size-full wp-image-2912\" alt=\"\" srcset=\"https:\/\/catchthefever.com\/wp-content\/uploads\/2024\/08\/Nick.webp 1200w, https:\/\/catchthefever.com\/wp-content\/uploads\/2024\/08\/Nick-450x253.webp 450w, https:\/\/catchthefever.com\/wp-content\/uploads\/2024\/08\/Nick-768x432.webp 768w, https:\/\/catchthefever.com\/wp-content\/uploads\/2024\/08\/Nick-1024x576.webp 1024w, https:\/\/catchthefever.com\/wp-content\/uploads\/2024\/08\/Nick-600x338.webp 600w, https:\/\/catchthefever.com\/wp-content\/uploads\/2024\/08\/Nick-100x56.webp 100w, https:\/\/catchthefever.com\/wp-content\/uploads\/2024\/08\/Nick-900x506.webp 900w, https:\/\/catchthefever.com\/wp-content\/uploads\/2024\/08\/Nick-1x1.webp 1w, https:\/\/catchthefever.com\/wp-content\/uploads\/2024\/08\/Nick-10x6.webp 10w, https:\/\/catchthefever.com\/wp-content\/uploads\/2024\/08\/Nick-300x169.webp 300w, https:\/\/catchthefever.com\/wp-content\/uploads\/2024\/08\/Nick-800x450.webp 800w\" sizes=\"(max-width: 1200px) 100vw, 1200px\" title=\"Nick - Catch the Fever Outdoors\" \/>\t\t\t\t\t\t\t\t\t\t\t\t\t\t\t<\/div>\n\t\t\t\t<\/div>\n\t\t\t\t<div class=\"elementor-element elementor-element-61d712f elementor-widget elementor-widget-heading\" data-id=\"61d712f\" data-element_type=\"widget\" data-widget_type=\"heading.default\">\n\t\t\t\t<div class=\"elementor-widget-container\">\n\t\t\t\t\t<h2 class=\"elementor-heading-title elementor-size-default\">Nick Dillehay<\/h2>\t\t\t\t<\/div>\n\t\t\t\t<\/div>\n\t\t\t\t<div class=\"elementor-element elementor-element-2020389 elementor-widget elementor-widget-text-editor\" data-id=\"2020389\" data-element_type=\"widget\" data-widget_type=\"text-editor.default\">\n\t\t\t\t<div class=\"elementor-widget-container\">\n\t\t\t\t\t\t\t\t\t<p>Gestionnaire d&rsquo;entrep\u00f4t, assistant marketing, gestion des m\u00e9dias sociaux<\/p>\t\t\t\t\t\t\t\t<\/div>\n\t\t\t\t<\/div>\n\t\t\t\t\t<\/div>\n\t\t<\/div>\n\t\t\t\t<div class=\"elementor-column elementor-col-33 elementor-inner-column elementor-element elementor-element-3cb72a1 elementor-invisible\" data-id=\"3cb72a1\" data-element_type=\"column\" data-settings=\"{&quot;animation&quot;:&quot;fadeInUp&quot;}\">\n\t\t\t<div class=\"elementor-widget-wrap elementor-element-populated\">\n\t\t\t\t\t\t<div class=\"elementor-element elementor-element-7e45df0 elementor-widget elementor-widget-image\" data-id=\"7e45df0\" data-element_type=\"widget\" data-widget_type=\"image.default\">\n\t\t\t\t<div class=\"elementor-widget-container\">\n\t\t\t\t\t\t\t\t\t\t\t\t\t\t\t<img loading=\"lazy\" decoding=\"async\" width=\"1200\" height=\"675\" src=\"https:\/\/catchthefever.com\/wp-content\/uploads\/2024\/08\/Dillon.webp\" class=\"elementor-animation-shrink attachment-full size-full wp-image-2913\" alt=\"\" srcset=\"https:\/\/catchthefever.com\/wp-content\/uploads\/2024\/08\/Dillon.webp 1200w, https:\/\/catchthefever.com\/wp-content\/uploads\/2024\/08\/Dillon-450x253.webp 450w, https:\/\/catchthefever.com\/wp-content\/uploads\/2024\/08\/Dillon-768x432.webp 768w, https:\/\/catchthefever.com\/wp-content\/uploads\/2024\/08\/Dillon-1024x576.webp 1024w, https:\/\/catchthefever.com\/wp-content\/uploads\/2024\/08\/Dillon-600x338.webp 600w, https:\/\/catchthefever.com\/wp-content\/uploads\/2024\/08\/Dillon-100x56.webp 100w, https:\/\/catchthefever.com\/wp-content\/uploads\/2024\/08\/Dillon-900x506.webp 900w, https:\/\/catchthefever.com\/wp-content\/uploads\/2024\/08\/Dillon-1x1.webp 1w, https:\/\/catchthefever.com\/wp-content\/uploads\/2024\/08\/Dillon-10x6.webp 10w, https:\/\/catchthefever.com\/wp-content\/uploads\/2024\/08\/Dillon-300x169.webp 300w, https:\/\/catchthefever.com\/wp-content\/uploads\/2024\/08\/Dillon-800x450.webp 800w\" sizes=\"(max-width: 1200px) 100vw, 1200px\" title=\"Dillon - Catch the Fever Outdoors\" \/>\t\t\t\t\t\t\t\t\t\t\t\t\t\t\t<\/div>\n\t\t\t\t<\/div>\n\t\t\t\t<div class=\"elementor-element elementor-element-3528fc5 elementor-widget elementor-widget-heading\" data-id=\"3528fc5\" data-element_type=\"widget\" data-widget_type=\"heading.default\">\n\t\t\t\t<div class=\"elementor-widget-container\">\n\t\t\t\t\t<h2 class=\"elementor-heading-title elementor-size-default\">Dillon Weaver<\/h2>\t\t\t\t<\/div>\n\t\t\t\t<\/div>\n\t\t\t\t<div class=\"elementor-element elementor-element-3632b65 elementor-widget elementor-widget-text-editor\" data-id=\"3632b65\" data-element_type=\"widget\" data-widget_type=\"text-editor.default\">\n\t\t\t\t<div class=\"elementor-widget-container\">\n\t\t\t\t\t\t\t\t\t<p>Assistante ex\u00e9cutive en marketing<\/p>\t\t\t\t\t\t\t\t<\/div>\n\t\t\t\t<\/div>\n\t\t\t\t\t<\/div>\n\t\t<\/div>\n\t\t\t\t<div class=\"elementor-column elementor-col-33 elementor-inner-column elementor-element elementor-element-e1da1db elementor-invisible\" data-id=\"e1da1db\" data-element_type=\"column\" data-settings=\"{&quot;animation&quot;:&quot;fadeInRight&quot;}\">\n\t\t\t<div class=\"elementor-widget-wrap elementor-element-populated\">\n\t\t\t\t\t\t<div class=\"elementor-element elementor-element-5a07375 elementor-widget elementor-widget-image\" data-id=\"5a07375\" data-element_type=\"widget\" data-widget_type=\"image.default\">\n\t\t\t\t<div class=\"elementor-widget-container\">\n\t\t\t\t\t\t\t\t\t\t\t\t\t\t\t<img loading=\"lazy\" decoding=\"async\" width=\"1200\" height=\"750\" src=\"https:\/\/catchthefever.com\/wp-content\/uploads\/2024\/08\/Mollie.webp\" class=\"elementor-animation-shrink attachment-full size-full wp-image-2914\" alt=\"\" srcset=\"https:\/\/catchthefever.com\/wp-content\/uploads\/2024\/08\/Mollie.webp 1200w, https:\/\/catchthefever.com\/wp-content\/uploads\/2024\/08\/Mollie-450x281.webp 450w, https:\/\/catchthefever.com\/wp-content\/uploads\/2024\/08\/Mollie-768x480.webp 768w, https:\/\/catchthefever.com\/wp-content\/uploads\/2024\/08\/Mollie-1024x640.webp 1024w, https:\/\/catchthefever.com\/wp-content\/uploads\/2024\/08\/Mollie-600x375.webp 600w, https:\/\/catchthefever.com\/wp-content\/uploads\/2024\/08\/Mollie-100x63.webp 100w, https:\/\/catchthefever.com\/wp-content\/uploads\/2024\/08\/Mollie-900x563.webp 900w, https:\/\/catchthefever.com\/wp-content\/uploads\/2024\/08\/Mollie-1x1.webp 1w, https:\/\/catchthefever.com\/wp-content\/uploads\/2024\/08\/Mollie-10x6.webp 10w, https:\/\/catchthefever.com\/wp-content\/uploads\/2024\/08\/Mollie-300x188.webp 300w, https:\/\/catchthefever.com\/wp-content\/uploads\/2024\/08\/Mollie-800x500.webp 800w\" sizes=\"(max-width: 1200px) 100vw, 1200px\" title=\"Mollie - Catch the Fever Outdoors\" \/>\t\t\t\t\t\t\t\t\t\t\t\t\t\t\t<\/div>\n\t\t\t\t<\/div>\n\t\t\t\t<div class=\"elementor-element elementor-element-0c5fa81 elementor-widget elementor-widget-heading\" data-id=\"0c5fa81\" data-element_type=\"widget\" data-widget_type=\"heading.default\">\n\t\t\t\t<div class=\"elementor-widget-container\">\n\t\t\t\t\t<h2 class=\"elementor-heading-title elementor-size-default\">Mollie Page<\/h2>\t\t\t\t<\/div>\n\t\t\t\t<\/div>\n\t\t\t\t<div class=\"elementor-element elementor-element-1523046 elementor-widget elementor-widget-text-editor\" data-id=\"1523046\" data-element_type=\"widget\" data-widget_type=\"text-editor.default\">\n\t\t\t\t<div class=\"elementor-widget-container\">\n\t\t\t\t\t\t\t\t\t<p>Responsable du soutien \u00e0 la marque et bien plus encore.&nbsp;<\/p>\t\t\t\t\t\t\t\t<\/div>\n\t\t\t\t<\/div>\n\t\t\t\t\t<\/div>\n\t\t<\/div>\n\t\t\t\t\t<\/div>\n\t\t<\/section>\n\t\t\t\t\t<\/div>\n\t\t<\/div>\n\t\t\t\t\t<\/div>\n\t\t<\/section>\n\t\t\t\t<\/div>\n\t\t","protected":false},"excerpt":{"rendered":"<p>Rencontrez l&rsquo;\u00e9quipe de Catch The Fever Kaleb Page Directeur g\u00e9n\u00e9ral, cofondateur Tony Cayton Co-fondateur Amanda Hanson Chef de bureau Nick Dillehay Gestionnaire d&rsquo;entrep\u00f4t, assistant marketing,&#8230;<\/p>\n","protected":false},"author":2,"featured_media":0,"parent":0,"menu_order":0,"comment_status":"closed","ping_status":"closed","template":"","meta":{"footnotes":""},"class_list":["post-74933","page","type-page","status-publish","hentry"],"aioseo_notices":[],"jetpack_sharing_enabled":true,"_links":{"self":[{"href":"https:\/\/catchthefever.com\/fr\/wp-json\/wp\/v2\/pages\/74933","targetHints":{"allow":["GET"]}}],"collection":[{"href":"https:\/\/catchthefever.com\/fr\/wp-json\/wp\/v2\/pages"}],"about":[{"href":"https:\/\/catchthefever.com\/fr\/wp-json\/wp\/v2\/types\/page"}],"author":[{"embeddable":true,"href":"https:\/\/catchthefever.com\/fr\/wp-json\/wp\/v2\/users\/2"}],"replies":[{"embeddable":true,"href":"https:\/\/catchthefever.com\/fr\/wp-json\/wp\/v2\/comments?post=74933"}],"version-history":[{"count":0,"href":"https:\/\/catchthefever.com\/fr\/wp-json\/wp\/v2\/pages\/74933\/revisions"}],"wp:attachment":[{"href":"https:\/\/catchthefever.com\/fr\/wp-json\/wp\/v2\/media?parent=74933"}],"curies":[{"name":"wp","href":"https:\/\/api.w.org\/{rel}","templated":true}]}}