{"id":75301,"date":"2024-08-20T21:33:44","date_gmt":"2024-08-21T02:33:44","guid":{"rendered":"https:\/\/catchthefever.com\/devoluciones\/"},"modified":"2025-06-10T21:04:18","modified_gmt":"2025-06-11T02:04:18","slug":"devoluciones","status":"publish","type":"page","link":"https:\/\/catchthefever.com\/es\/devoluciones\/","title":{"rendered":"Devoluciones"},"content":{"rendered":"\t\t<div data-elementor-type=\"wp-page\" data-elementor-id=\"75301\" class=\"elementor elementor-75301 elementor-3034\" data-elementor-post-type=\"page\">\n\t\t\t\t\t\t<section class=\"elementor-section elementor-top-section elementor-element elementor-element-d13fbcd elementor-section-boxed elementor-section-height-default elementor-section-height-default elementor-invisible\" data-id=\"d13fbcd\" data-element_type=\"section\" data-settings=\"{&quot;background_background&quot;:&quot;classic&quot;,&quot;animation&quot;:&quot;fadeIn&quot;}\">\n\t\t\t\t\t\t<div class=\"elementor-container elementor-column-gap-no\">\n\t\t\t\t\t<div class=\"elementor-column elementor-col-100 elementor-top-column elementor-element elementor-element-691355f\" data-id=\"691355f\" data-element_type=\"column\">\n\t\t\t<div class=\"elementor-widget-wrap elementor-element-populated\">\n\t\t\t\t\t\t<div class=\"elementor-element elementor-element-5ecd315 elementor-widget elementor-widget-spacer\" data-id=\"5ecd315\" data-element_type=\"widget\" data-widget_type=\"spacer.default\">\n\t\t\t\t<div class=\"elementor-widget-container\">\n\t\t\t\t\t\t\t<div class=\"elementor-spacer\">\n\t\t\t<div class=\"elementor-spacer-inner\"><\/div>\n\t\t<\/div>\n\t\t\t\t\t\t<\/div>\n\t\t\t\t<\/div>\n\t\t\t\t\t<\/div>\n\t\t<\/div>\n\t\t\t\t\t<\/div>\n\t\t<\/section>\n\t\t\t\t<section class=\"elementor-section elementor-top-section elementor-element elementor-element-481a78a elementor-section-boxed elementor-section-height-default elementor-section-height-default elementor-invisible\" data-id=\"481a78a\" data-element_type=\"section\" data-settings=\"{&quot;animation&quot;:&quot;fadeIn&quot;}\">\n\t\t\t\t\t\t<div class=\"elementor-container elementor-column-gap-no\">\n\t\t\t\t\t<div class=\"elementor-column elementor-col-50 elementor-top-column elementor-element elementor-element-2a00ff8 elementor-invisible\" data-id=\"2a00ff8\" data-element_type=\"column\" data-settings=\"{&quot;animation&quot;:&quot;fadeInLeft&quot;}\">\n\t\t\t<div class=\"elementor-widget-wrap elementor-element-populated\">\n\t\t\t\t\t\t<div class=\"elementor-element elementor-element-a8dd187 elementor-widget elementor-widget-heading\" data-id=\"a8dd187\" data-element_type=\"widget\" data-widget_type=\"heading.default\">\n\t\t\t\t<div class=\"elementor-widget-container\">\n\t\t\t\t\t<h2 class=\"elementor-heading-title elementor-size-default\">Pol\u00edtica de devoluciones<\/h2>\t\t\t\t<\/div>\n\t\t\t\t<\/div>\n\t\t\t\t<div class=\"elementor-element elementor-element-ed2382c elementor-widget elementor-widget-text-editor\" data-id=\"ed2382c\" data-element_type=\"widget\" data-widget_type=\"text-editor.default\">\n\t\t\t\t<div class=\"elementor-widget-container\">\n\t\t\t\t\t\t\t\t\t<p><b>Pol\u00edtica de devoluciones:<\/b><\/p><p>Catch The Fever Outdoors, LLC no acepta devoluciones para reembolsos, cr\u00e9ditos o intercambios en este momento. Todas las ventas son definitivas. Si se ha hecho una excepci\u00f3n de devoluci\u00f3n o intercambio y usted ha estado en contacto con nosotros con respecto a la aprobaci\u00f3n de una devoluci\u00f3n\/intercambio, es obligatorio que incluya prueba de contacto con nuestra empresa en su env\u00edo de devoluci\u00f3n. Por favor, tenga en cuenta que todas las devoluciones deben incluirse en el embalaje original acompa\u00f1adas de una copia de la factura del pedido. No podemos aprobar ninguna devoluci\u00f3n\/intercambio de m\u00e1s de 90 d\u00edas de antig\u00fcedad, sin excepciones. No aceptaremos ning\u00fan paquete enviado sin autorizaci\u00f3n. Adem\u00e1s, cualquier env\u00edo recibido que no haya sido autorizado ser\u00e1 rechazado y devuelto al comprador. Por favor, aseg\u00farese de haber revisado cuidadosamente su pedido antes de finalizar su compra, ya que todas las ventas son definitivas.       <\/p>\t\t\t\t\t\t\t\t<\/div>\n\t\t\t\t<\/div>\n\t\t\t\t<div class=\"elementor-element elementor-element-4976c51 elementor-widget elementor-widget-text-editor\" data-id=\"4976c51\" data-element_type=\"widget\" data-widget_type=\"text-editor.default\">\n\t\t\t\t<div class=\"elementor-widget-container\">\n\t\t\t\t\t\t\t\t\t<p>\u00bfPreguntas? Siempre estamos aqu\u00ed para ayudar y hacer que nuestra pol\u00edtica de devoluciones sea accesible. Ll\u00e1menos o visite nuestra p\u00e1gina de contacto.   <\/p>\t\t\t\t\t\t\t\t<\/div>\n\t\t\t\t<\/div>\n\t\t\t\t\t<\/div>\n\t\t<\/div>\n\t\t\t\t<div class=\"elementor-column elementor-col-50 elementor-top-column elementor-element elementor-element-5474d30\" data-id=\"5474d30\" data-element_type=\"column\">\n\t\t\t<div class=\"elementor-widget-wrap\">\n\t\t\t\t\t\t\t<\/div>\n\t\t<\/div>\n\t\t\t\t\t<\/div>\n\t\t<\/section>\n\t\t\t\t<\/div>\n\t\t","protected":false},"excerpt":{"rendered":"<p>Catch The Fever le recompensa por su lealtad, por su pasi\u00f3n y sus habilidades. Descubra c\u00f3mo desbloquear hasta $25,000 en premios pescando con nuestras ca\u00f1as y\/o vistiendo nuestra indumentaria.  <\/p>\n","protected":false},"author":2,"featured_media":0,"parent":0,"menu_order":0,"comment_status":"closed","ping_status":"closed","template":"","meta":{"footnotes":""},"class_list":["post-75301","page","type-page","status-publish","hentry"],"aioseo_notices":[],"jetpack_sharing_enabled":true,"_links":{"self":[{"href":"https:\/\/catchthefever.com\/es\/wp-json\/wp\/v2\/pages\/75301","targetHints":{"allow":["GET"]}}],"collection":[{"href":"https:\/\/catchthefever.com\/es\/wp-json\/wp\/v2\/pages"}],"about":[{"href":"https:\/\/catchthefever.com\/es\/wp-json\/wp\/v2\/types\/page"}],"author":[{"embeddable":true,"href":"https:\/\/catchthefever.com\/es\/wp-json\/wp\/v2\/users\/2"}],"replies":[{"embeddable":true,"href":"https:\/\/catchthefever.com\/es\/wp-json\/wp\/v2\/comments?post=75301"}],"version-history":[{"count":0,"href":"https:\/\/catchthefever.com\/es\/wp-json\/wp\/v2\/pages\/75301\/revisions"}],"wp:attachment":[{"href":"https:\/\/catchthefever.com\/es\/wp-json\/wp\/v2\/media?parent=75301"}],"curies":[{"name":"wp","href":"https:\/\/api.w.org\/{rel}","templated":true}]}}