{"id":75256,"date":"2024-08-20T21:34:48","date_gmt":"2024-08-21T02:34:48","guid":{"rendered":"https:\/\/catchthefever.com\/faq\/"},"modified":"2025-09-17T12:29:28","modified_gmt":"2025-09-17T17:29:28","slug":"faq","status":"publish","type":"page","link":"https:\/\/catchthefever.com\/es\/faq\/","title":{"rendered":"FAQ"},"content":{"rendered":"\t\t<div data-elementor-type=\"wp-page\" data-elementor-id=\"75256\" class=\"elementor elementor-75256 elementor-3036\" data-elementor-post-type=\"page\">\n\t\t\t\t\t\t<section class=\"elementor-section elementor-top-section elementor-element elementor-element-d13fbcd elementor-section-boxed elementor-section-height-default elementor-section-height-default elementor-invisible\" data-id=\"d13fbcd\" data-element_type=\"section\" data-settings=\"{&quot;background_background&quot;:&quot;classic&quot;,&quot;animation&quot;:&quot;fadeIn&quot;}\">\n\t\t\t\t\t\t<div class=\"elementor-container elementor-column-gap-no\">\n\t\t\t\t\t<div class=\"elementor-column elementor-col-100 elementor-top-column elementor-element elementor-element-691355f\" data-id=\"691355f\" data-element_type=\"column\">\n\t\t\t<div class=\"elementor-widget-wrap elementor-element-populated\">\n\t\t\t\t\t\t<div class=\"elementor-element elementor-element-5ecd315 elementor-widget elementor-widget-spacer\" data-id=\"5ecd315\" data-element_type=\"widget\" data-widget_type=\"spacer.default\">\n\t\t\t\t<div class=\"elementor-widget-container\">\n\t\t\t\t\t\t\t<div class=\"elementor-spacer\">\n\t\t\t<div class=\"elementor-spacer-inner\"><\/div>\n\t\t<\/div>\n\t\t\t\t\t\t<\/div>\n\t\t\t\t<\/div>\n\t\t\t\t\t<\/div>\n\t\t<\/div>\n\t\t\t\t\t<\/div>\n\t\t<\/section>\n\t\t\t\t<section class=\"elementor-section elementor-top-section elementor-element elementor-element-481a78a elementor-section-boxed elementor-section-height-default elementor-section-height-default elementor-invisible\" data-id=\"481a78a\" data-element_type=\"section\" data-settings=\"{&quot;animation&quot;:&quot;fadeIn&quot;}\">\n\t\t\t\t\t\t<div class=\"elementor-container elementor-column-gap-no\">\n\t\t\t\t\t<div class=\"elementor-column elementor-col-50 elementor-top-column elementor-element elementor-element-2a00ff8 elementor-invisible\" data-id=\"2a00ff8\" data-element_type=\"column\" data-settings=\"{&quot;animation&quot;:&quot;fadeInLeft&quot;}\">\n\t\t\t<div class=\"elementor-widget-wrap elementor-element-populated\">\n\t\t\t\t\t\t<div class=\"elementor-element elementor-element-a8dd187 elementor-widget elementor-widget-heading\" data-id=\"a8dd187\" data-element_type=\"widget\" data-widget_type=\"heading.default\">\n\t\t\t\t<div class=\"elementor-widget-container\">\n\t\t\t\t\t<h2 class=\"elementor-heading-title elementor-size-default\">FAQ - preguntas frecuentes<\/h2>\t\t\t\t<\/div>\n\t\t\t\t<\/div>\n\t\t\t\t<div class=\"elementor-element elementor-element-ed2382c elementor-widget elementor-widget-text-editor\" data-id=\"ed2382c\" data-element_type=\"widget\" data-widget_type=\"text-editor.default\">\n\t\t\t\t<div class=\"elementor-widget-container\">\n\t\t\t\t\t\t\t\t\t<h2 class=\"mb-3\">Preguntas frecuentes<\/h2><p><strong>\u00bfQu\u00e9 m\u00e9todos de pago se aceptan en la Tienda en L\u00ednea?<\/strong><\/p><div class=\"accordion\"><div class=\"accordion-item\"><div class=\"accordion-inner\"><p>Aceptamos todas las principales tarjetas de cr\u00e9dito y PayPal.<\/p><\/div><\/div><div class=\"accordion-item\"><strong>\u00bfCu\u00e1nto tiempo tardar\u00e1 la entrega?<\/strong><div class=\"accordion-inner\"><p>Todos los env\u00edos se despachan dentro de 1 a 3 d\u00edas h\u00e1biles. La entrega puede esperarse de 2 a 7 d\u00edas h\u00e1biles despu\u00e9s de su pedido. No obstante, debido a retrasos del transportista, este plazo puede prolongarse.  <\/p><p><strong>\u00bfCu\u00e1n seguro es comprar en la Tienda en L\u00ednea? \u00bfEst\u00e1n protegidos mis datos? <\/strong><\/p><p>Nuestro sitio web est\u00e1 protegido con un certificado SSL que garantiza una comunicaci\u00f3n segura con nuestro sitio web.<br>Cumplimos con todas las normativas de conformidad PCI para tarjetas de cr\u00e9dito.<\/p><\/div><\/div><div class=\"accordion-item\"><strong>\u00bfRealizan env\u00edos internacionales?<\/strong><div class=\"accordion-inner\"><p>Lamentablemente, en este momento no realizamos env\u00edos fuera de los Estados Unidos.<\/p><\/div><\/div><div class=\"accordion-item\"><strong>\u00bfQu\u00e9 sucede exactamente despu\u00e9s de realizar un pedido?<\/strong><div class=\"accordion-inner\"><p>Su pedido se procesa y se env\u00eda normalmente el siguiente d\u00eda h\u00e1bil.<\/p><\/div><\/div><div class=\"accordion-item\"><strong>\u00bfPor qu\u00e9 el env\u00edo de la ca\u00f1a cuesta $30?<\/strong><div class=\"accordion-inner\"><p>Nuestras ca\u00f1as no son plegables y deben enviarse en un tubo de 92 pulgadas. Podemos acomodar hasta 10 ca\u00f1as en cada tubo. <\/p><p><strong>\u00bfRecibo una factura por mi pedido?<\/strong><\/p><\/div><\/div><div class=\"accordion-item\"><div class=\"accordion-inner\"><p>S\u00ed. Deber\u00eda recibir un correo electr\u00f3nico despu\u00e9s de realizar su pedido. Desde all\u00ed puede ver su factura.  <\/p><\/div><\/div><\/div>\t\t\t\t\t\t\t\t<\/div>\n\t\t\t\t<\/div>\n\t\t\t\t<div class=\"elementor-element elementor-element-4976c51 elementor-widget elementor-widget-text-editor\" data-id=\"4976c51\" data-element_type=\"widget\" data-widget_type=\"text-editor.default\">\n\t\t\t\t<div class=\"elementor-widget-container\">\n\t\t\t\t\t\t\t\t\t<p>\u00bfPreguntas? Dado que es altamente improbable que hayamos considerado todo, su(s) pregunta(s) es\/son v\u00e1lida(s) y estamos dispuestos a responderla(s). Ll\u00e1menos o visite nuestra p\u00e1gina de contacto.   <\/p>\t\t\t\t\t\t\t\t<\/div>\n\t\t\t\t<\/div>\n\t\t\t\t\t<\/div>\n\t\t<\/div>\n\t\t\t\t<div class=\"elementor-column elementor-col-50 elementor-top-column elementor-element elementor-element-5474d30\" data-id=\"5474d30\" data-element_type=\"column\">\n\t\t\t<div class=\"elementor-widget-wrap elementor-element-populated\">\n\t\t\t\t\t\t<div class=\"elementor-element elementor-element-2f30537 elementor-position-left elementor-vertical-align-top elementor-invisible elementor-widget elementor-widget-image-box\" data-id=\"2f30537\" data-element_type=\"widget\" data-settings=\"{&quot;_animation&quot;:&quot;fadeInRight&quot;,&quot;_animation_delay&quot;:400}\" data-widget_type=\"image-box.default\">\n\t\t\t\t<div class=\"elementor-widget-container\">\n\t\t\t\t\t<div class=\"elementor-image-box-wrapper\"><figure class=\"elementor-image-box-img\"><img decoding=\"async\" width=\"46\" height=\"46\" src=\"https:\/\/catchthefever.com\/wp-content\/uploads\/2021\/08\/Icon-2.png\" class=\"attachment-full size-full wp-image-49\" alt=\"\" title=\"Icon (2) - Catch the Fever Outdoors\" srcset=\"https:\/\/catchthefever.com\/wp-content\/uploads\/2021\/08\/Icon-2.png 46w, https:\/\/catchthefever.com\/wp-content\/uploads\/2021\/08\/Icon-2-1x1.webp 1w, https:\/\/catchthefever.com\/wp-content\/uploads\/2021\/08\/Icon-2-10x10.webp 10w\" sizes=\"(max-width: 46px) 100vw, 46px\" \/><\/figure><div class=\"elementor-image-box-content\"><h3 class=\"elementor-image-box-title\">FAQ al por mayor<\/h3><p class=\"elementor-image-box-description\">Si usted es una cuenta mayorista, su FAQ le espera aqu\u00ed. <\/p><\/div><\/div>\t\t\t\t<\/div>\n\t\t\t\t<\/div>\n\t\t\t\t<div class=\"elementor-element elementor-element-f63d241 elementor-position-left elementor-vertical-align-top elementor-invisible elementor-widget elementor-widget-image-box\" data-id=\"f63d241\" data-element_type=\"widget\" data-settings=\"{&quot;_animation&quot;:&quot;fadeInRight&quot;,&quot;_animation_delay&quot;:600}\" data-widget_type=\"image-box.default\">\n\t\t\t\t<div class=\"elementor-widget-container\">\n\t\t\t\t\t<div class=\"elementor-image-box-wrapper\"><figure class=\"elementor-image-box-img\"><img decoding=\"async\" width=\"47\" height=\"47\" src=\"https:\/\/catchthefever.com\/wp-content\/uploads\/2021\/08\/Vector.webp\" class=\"attachment-full size-full wp-image-56\" alt=\"\" title=\"Vector - Catch the Fever Outdoors\" srcset=\"https:\/\/catchthefever.com\/wp-content\/uploads\/2021\/08\/Vector.webp 47w, https:\/\/catchthefever.com\/wp-content\/uploads\/2021\/08\/Vector-1x1.webp 1w, https:\/\/catchthefever.com\/wp-content\/uploads\/2021\/08\/Vector-10x10.webp 10w\" sizes=\"(max-width: 47px) 100vw, 47px\" \/><\/figure><div class=\"elementor-image-box-content\"><h3 class=\"elementor-image-box-title\">FAQ para afiliados<\/h3><p class=\"elementor-image-box-description\">Afiliados y socios, su FAQ le espera aqu\u00ed. <\/p><\/div><\/div>\t\t\t\t<\/div>\n\t\t\t\t<\/div>\n\t\t\t\t<div class=\"elementor-element elementor-element-07bca25 elementor-position-left elementor-vertical-align-top elementor-invisible elementor-widget elementor-widget-image-box\" data-id=\"07bca25\" data-element_type=\"widget\" data-settings=\"{&quot;_animation&quot;:&quot;fadeInRight&quot;,&quot;_animation_delay&quot;:600}\" data-widget_type=\"image-box.default\">\n\t\t\t\t<div class=\"elementor-widget-container\">\n\t\t\t\t\t<div class=\"elementor-image-box-wrapper\"><figure class=\"elementor-image-box-img\"><img decoding=\"async\" width=\"47\" height=\"47\" src=\"https:\/\/catchthefever.com\/wp-content\/uploads\/2021\/08\/Vector.webp\" class=\"attachment-full size-full wp-image-56\" alt=\"\" title=\"Vector - Catch the Fever Outdoors\" srcset=\"https:\/\/catchthefever.com\/wp-content\/uploads\/2021\/08\/Vector.webp 47w, https:\/\/catchthefever.com\/wp-content\/uploads\/2021\/08\/Vector-1x1.webp 1w, https:\/\/catchthefever.com\/wp-content\/uploads\/2021\/08\/Vector-10x10.webp 10w\" sizes=\"(max-width: 47px) 100vw, 47px\" \/><\/figure><div class=\"elementor-image-box-content\"><h3 class=\"elementor-image-box-title\">CONT\u00c1CTENOS<\/h3><p class=\"elementor-image-box-description\">Si no puede encontrar ayuda aqu\u00ed, no se preocupe - cont\u00e1ctenos ahora. <\/p><\/div><\/div>\t\t\t\t<\/div>\n\t\t\t\t<\/div>\n\t\t\t\t\t<\/div>\n\t\t<\/div>\n\t\t\t\t\t<\/div>\n\t\t<\/section>\n\t\t\t\t<\/div>\n\t\t","protected":false},"excerpt":{"rendered":"<p>Catch The Fever le recompensa por su lealtad, por su pasi\u00f3n y sus habilidades. Descubra c\u00f3mo desbloquear hasta $25,000 en premios pescando con nuestras ca\u00f1as y\/o vistiendo nuestra indumentaria.  <\/p>\n","protected":false},"author":2,"featured_media":0,"parent":0,"menu_order":0,"comment_status":"closed","ping_status":"closed","template":"","meta":{"footnotes":""},"class_list":["post-75256","page","type-page","status-publish","hentry"],"aioseo_notices":[],"jetpack_sharing_enabled":true,"_links":{"self":[{"href":"https:\/\/catchthefever.com\/es\/wp-json\/wp\/v2\/pages\/75256","targetHints":{"allow":["GET"]}}],"collection":[{"href":"https:\/\/catchthefever.com\/es\/wp-json\/wp\/v2\/pages"}],"about":[{"href":"https:\/\/catchthefever.com\/es\/wp-json\/wp\/v2\/types\/page"}],"author":[{"embeddable":true,"href":"https:\/\/catchthefever.com\/es\/wp-json\/wp\/v2\/users\/2"}],"replies":[{"embeddable":true,"href":"https:\/\/catchthefever.com\/es\/wp-json\/wp\/v2\/comments?post=75256"}],"version-history":[{"count":0,"href":"https:\/\/catchthefever.com\/es\/wp-json\/wp\/v2\/pages\/75256\/revisions"}],"wp:attachment":[{"href":"https:\/\/catchthefever.com\/es\/wp-json\/wp\/v2\/media?parent=75256"}],"curies":[{"name":"wp","href":"https:\/\/api.w.org\/{rel}","templated":true}]}}