{"id":75201,"date":"2024-12-15T23:27:59","date_gmt":"2024-12-16T04:27:59","guid":{"rendered":"https:\/\/catchthefever.com\/envios-internacionales\/"},"modified":"2025-06-10T21:09:55","modified_gmt":"2025-06-11T02:09:55","slug":"envios-internacionales","status":"publish","type":"page","link":"https:\/\/catchthefever.com\/es\/envios-internacionales\/","title":{"rendered":"Env\u00edos internacionales"},"content":{"rendered":"\t\t<div data-elementor-type=\"wp-page\" data-elementor-id=\"75201\" class=\"elementor elementor-75201 elementor-59031\" data-elementor-post-type=\"page\">\n\t\t\t\t\t\t<section class=\"elementor-section elementor-top-section elementor-element elementor-element-2f62dab6 elementor-section-stretched elementor-section-boxed elementor-section-height-default elementor-section-height-default\" data-id=\"2f62dab6\" data-element_type=\"section\" data-settings=\"{&quot;stretch_section&quot;:&quot;section-stretched&quot;}\">\n\t\t\t\t\t\t<div class=\"elementor-container elementor-column-gap-no\">\n\t\t\t\t\t<div class=\"elementor-column elementor-col-100 elementor-top-column elementor-element elementor-element-19da45c5\" data-id=\"19da45c5\" data-element_type=\"column\">\n\t\t\t<div class=\"elementor-widget-wrap elementor-element-populated\">\n\t\t\t\t\t\t<div class=\"elementor-element elementor-element-70dff824 elementor-widget elementor-widget-heading\" data-id=\"70dff824\" data-element_type=\"widget\" data-widget_type=\"heading.default\">\n\t\t\t\t<div class=\"elementor-widget-container\">\n\t\t\t\t\t<h2 class=\"elementor-heading-title elementor-size-default\">Realizamos env\u00edos a 23 pa\u00edses<\/h2>\t\t\t\t<\/div>\n\t\t\t\t<\/div>\n\t\t\t\t<div class=\"elementor-element elementor-element-2a1cebf3 elementor-widget elementor-widget-image\" data-id=\"2a1cebf3\" data-element_type=\"widget\" data-widget_type=\"image.default\">\n\t\t\t\t<div class=\"elementor-widget-container\">\n\t\t\t\t\t\t\t\t\t\t\t\t\t\t\t<img decoding=\"async\" width=\"160\" height=\"10\" src=\"https:\/\/catchthefever.com\/wp-content\/uploads\/2024\/12\/Underline.svg\" class=\"attachment-full size-full wp-image-67224\" alt=\"\" \/>\t\t\t\t\t\t\t\t\t\t\t\t\t\t\t<\/div>\n\t\t\t\t<\/div>\n\t\t\t\t<div class=\"elementor-element elementor-element-3f03e680 elementor-widget elementor-widget-text-editor\" data-id=\"3f03e680\" data-element_type=\"widget\" data-widget_type=\"text-editor.default\">\n\t\t\t\t<div class=\"elementor-widget-container\">\n\t\t\t\t\t\t\t\t\t<p>Estamos ampliando nuestra presencia a nivel mundial &#8211; actualmente abarcamos 23 pa\u00edses en Europa, Asia, Ocean\u00eda y Am\u00e9rica del Norte, lo que nos posiciona como una de las escasas marcas estadounidenses que otorga al mundo la consideraci\u00f3n que merece. <\/p>\t\t\t\t\t\t\t\t<\/div>\n\t\t\t\t<\/div>\n\t\t\t\t\t<\/div>\n\t\t<\/div>\n\t\t\t\t\t<\/div>\n\t\t<\/section>\n\t\t\t\t<section class=\"elementor-section elementor-top-section elementor-element elementor-element-636c51a elementor-section-stretched elementor-section-boxed elementor-section-height-default elementor-section-height-default\" data-id=\"636c51a\" data-element_type=\"section\" data-settings=\"{&quot;stretch_section&quot;:&quot;section-stretched&quot;}\">\n\t\t\t\t\t\t<div class=\"elementor-container elementor-column-gap-custom\">\n\t\t\t\t\t<div class=\"elementor-column elementor-col-33 elementor-top-column elementor-element elementor-element-7b0d3c2\" data-id=\"7b0d3c2\" data-element_type=\"column\">\n\t\t\t<div class=\"elementor-widget-wrap elementor-element-populated\">\n\t\t\t\t\t\t<div class=\"elementor-element elementor-element-3fee9f0b elementor-widget elementor-widget-etheme_flipbox\" data-id=\"3fee9f0b\" data-element_type=\"widget\" data-widget_type=\"etheme_flipbox.default\">\n\t\t\t\t<div class=\"elementor-widget-container\">\n\t\t\t\t\t<span class=\"etheme-ajaxify-lazy-wrapper etheme-ajaxify-replace\" data-type=\"elementor\" data-request=\"WyJlbGVtZW50b3IiLDc1MjAxLCI2ZDhmOWNmOCJd\"><\/span>\t\t\t\t<\/div>\n\t\t\t\t<\/div>\n\t\t\t\t\t<\/div>\n\t\t<\/div>\n\t\t\t\t<div class=\"elementor-column elementor-col-33 elementor-top-column elementor-element elementor-element-4dd2996a\" data-id=\"4dd2996a\" data-element_type=\"column\">\n\t\t\t<div class=\"elementor-widget-wrap elementor-element-populated\">\n\t\t\t\t\t\t<div class=\"elementor-element elementor-element-5995cfeb elementor-widget elementor-widget-etheme_flipbox\" data-id=\"5995cfeb\" data-element_type=\"widget\" data-widget_type=\"etheme_flipbox.default\">\n\t\t\t\t<div class=\"elementor-widget-container\">\n\t\t\t\t\t<span class=\"etheme-ajaxify-lazy-wrapper etheme-ajaxify-replace\" data-type=\"elementor\" data-request=\"WyJlbGVtZW50b3IiLDc1MjAxLCI5NzkwMGMzOSJd\"><\/span>\t\t\t\t<\/div>\n\t\t\t\t<\/div>\n\t\t\t\t\t<\/div>\n\t\t<\/div>\n\t\t\t\t<div class=\"elementor-column elementor-col-33 elementor-top-column elementor-element elementor-element-69174c23\" data-id=\"69174c23\" data-element_type=\"column\">\n\t\t\t<div class=\"elementor-widget-wrap elementor-element-populated\">\n\t\t\t\t\t\t<div class=\"elementor-element elementor-element-5dfae1b8 elementor-widget elementor-widget-etheme_flipbox\" data-id=\"5dfae1b8\" data-element_type=\"widget\" data-widget_type=\"etheme_flipbox.default\">\n\t\t\t\t<div class=\"elementor-widget-container\">\n\t\t\t\t\t<span class=\"etheme-ajaxify-lazy-wrapper etheme-ajaxify-replace\" data-type=\"elementor\" data-request=\"WyJlbGVtZW50b3IiLDc1MjAxLCI3YThkY2NiMiJd\"><\/span>\t\t\t\t<\/div>\n\t\t\t\t<\/div>\n\t\t\t\t\t<\/div>\n\t\t<\/div>\n\t\t\t\t\t<\/div>\n\t\t<\/section>\n\t\t<div class=\"elementor-element elementor-element-f65c811 e-grid e-con-boxed e-con e-parent\" data-id=\"f65c811\" data-element_type=\"container\">\n\t\t\t\t\t<div class=\"e-con-inner\">\n\t\t\t\t<div class=\"elementor-element elementor-element-b5b3569 elementor-widget elementor-widget-text-editor\" data-id=\"b5b3569\" data-element_type=\"widget\" data-widget_type=\"text-editor.default\">\n\t\t\t\t<div class=\"elementor-widget-container\">\n\t\t\t\t\t\t\t\t\t<p>T\u00e9rminos y condiciones del env\u00edo internacional gratuito y\/o pagado:<\/p><p class=\"p1\">Todos los umbrales de pedido m\u00ednimo se calculan despu\u00e9s de haber deducido cualquier cup\u00f3n aplicable. Nos reservamos el derecho de cancelar o modificar cualquier pedido a nuestra entera discreci\u00f3n, as\u00ed como de modificar los t\u00e9rminos para destinos canadienses e internacionales sin previo aviso ni explicaci\u00f3n. Para clientes internacionales, nos complace proporcionar cotizaciones personalizadas a destinos m\u00e1s all\u00e1 de nuestros 23 pa\u00edses listados: Alemania, Australia, Austria, B\u00e9lgica, Canad\u00e1, Corea del Sur, Dinamarca, Espa\u00f1a, Finlandia, Francia, Grecia, Irlanda, Italia, Jap\u00f3n, Luxemburgo, Noruega, Nueva Zelanda, Pa\u00edses Bajos, Portugal, Reino Unido, Suecia y Suiza.  <\/p><p class=\"p1\">Los pedidos internacionales est\u00e1n sujetos a protocolos de prevenci\u00f3n de fraude mejorados, que pueden incluir solicitudes de identificaci\u00f3n emitida por el gobierno, el requisito de que las direcciones de facturaci\u00f3n y env\u00edo coincidan, y un seguro de env\u00edo obligatorio. La propiedad y responsabilidad de los bienes se transfieren inmediatamente al salir de nuestras instalaciones en Estados Unidos, recayendo en el comprador la plena responsabilidad de cualquier arancel, impuesto, tasa de importaci\u00f3n y costo adicional subsiguiente, sin opci\u00f3n a devoluciones. Al realizar una compra a trav\u00e9s de nuestro sitio web con sede en Estados Unidos, los clientes reconocen y aceptan que las leyes de privacidad estadounidenses regir\u00e1n su transacci\u00f3n y datos personales, las cuales pueden diferir sustancialmente de las de otras jurisdicciones.  <\/p><p> <\/p>\t\t\t\t\t\t\t\t<\/div>\n\t\t\t\t<\/div>\n\t\t\t\t\t<\/div>\n\t\t\t\t<\/div>\n\t\t\t\t<\/div>\n\t\t","protected":false},"excerpt":{"rendered":"<p>Realizamos env\u00edos a 23 pa\u00edses Estamos ampliando nuestra presencia a nivel mundial &#8211; actualmente abarcamos 23 pa\u00edses en Europa, Asia, Ocean\u00eda y Am\u00e9rica del Norte,&#8230;<\/p>\n","protected":false},"author":2,"featured_media":0,"parent":0,"menu_order":0,"comment_status":"closed","ping_status":"closed","template":"","meta":{"footnotes":""},"class_list":["post-75201","page","type-page","status-publish","hentry"],"aioseo_notices":[],"jetpack_sharing_enabled":true,"_links":{"self":[{"href":"https:\/\/catchthefever.com\/es\/wp-json\/wp\/v2\/pages\/75201","targetHints":{"allow":["GET"]}}],"collection":[{"href":"https:\/\/catchthefever.com\/es\/wp-json\/wp\/v2\/pages"}],"about":[{"href":"https:\/\/catchthefever.com\/es\/wp-json\/wp\/v2\/types\/page"}],"author":[{"embeddable":true,"href":"https:\/\/catchthefever.com\/es\/wp-json\/wp\/v2\/users\/2"}],"replies":[{"embeddable":true,"href":"https:\/\/catchthefever.com\/es\/wp-json\/wp\/v2\/comments?post=75201"}],"version-history":[{"count":0,"href":"https:\/\/catchthefever.com\/es\/wp-json\/wp\/v2\/pages\/75201\/revisions"}],"wp:attachment":[{"href":"https:\/\/catchthefever.com\/es\/wp-json\/wp\/v2\/media?parent=75201"}],"curies":[{"name":"wp","href":"https:\/\/api.w.org\/{rel}","templated":true}]}}