{"id":75164,"date":"2024-08-20T21:26:35","date_gmt":"2024-08-21T02:26:35","guid":{"rendered":"https:\/\/catchthefever.com\/registro-de-garantia\/"},"modified":"2025-09-17T12:29:42","modified_gmt":"2025-09-17T17:29:42","slug":"registro-de-garantia","status":"publish","type":"page","link":"https:\/\/catchthefever.com\/es\/registro-de-garantia\/","title":{"rendered":"Registro de garant\u00eda"},"content":{"rendered":"\t\t<div data-elementor-type=\"wp-page\" data-elementor-id=\"75164\" class=\"elementor elementor-75164 elementor-3026\" data-elementor-post-type=\"page\">\n\t\t\t\t\t\t<section class=\"elementor-section elementor-top-section elementor-element elementor-element-d13fbcd elementor-section-boxed elementor-section-height-default elementor-section-height-default elementor-invisible\" data-id=\"d13fbcd\" data-element_type=\"section\" data-settings=\"{&quot;background_background&quot;:&quot;classic&quot;,&quot;animation&quot;:&quot;fadeIn&quot;}\">\n\t\t\t\t\t\t<div class=\"elementor-container elementor-column-gap-no\">\n\t\t\t\t\t<div class=\"elementor-column elementor-col-100 elementor-top-column elementor-element elementor-element-691355f\" data-id=\"691355f\" data-element_type=\"column\">\n\t\t\t<div class=\"elementor-widget-wrap elementor-element-populated\">\n\t\t\t\t\t\t<div class=\"elementor-element elementor-element-5ecd315 elementor-widget elementor-widget-spacer\" data-id=\"5ecd315\" data-element_type=\"widget\" data-widget_type=\"spacer.default\">\n\t\t\t\t<div class=\"elementor-widget-container\">\n\t\t\t\t\t\t\t<div class=\"elementor-spacer\">\n\t\t\t<div class=\"elementor-spacer-inner\"><\/div>\n\t\t<\/div>\n\t\t\t\t\t\t<\/div>\n\t\t\t\t<\/div>\n\t\t\t\t\t<\/div>\n\t\t<\/div>\n\t\t\t\t\t<\/div>\n\t\t<\/section>\n\t\t\t\t<section class=\"elementor-section elementor-top-section elementor-element elementor-element-481a78a elementor-section-boxed elementor-section-height-default elementor-section-height-default elementor-invisible\" data-id=\"481a78a\" data-element_type=\"section\" data-settings=\"{&quot;animation&quot;:&quot;fadeIn&quot;}\">\n\t\t\t\t\t\t<div class=\"elementor-container elementor-column-gap-no\">\n\t\t\t\t\t<div class=\"elementor-column elementor-col-50 elementor-top-column elementor-element elementor-element-2a00ff8 elementor-invisible\" data-id=\"2a00ff8\" data-element_type=\"column\" data-settings=\"{&quot;animation&quot;:&quot;fadeInLeft&quot;}\">\n\t\t\t<div class=\"elementor-widget-wrap elementor-element-populated\">\n\t\t\t\t\t\t<div class=\"elementor-element elementor-element-a8dd187 elementor-widget elementor-widget-heading\" data-id=\"a8dd187\" data-element_type=\"widget\" data-widget_type=\"heading.default\">\n\t\t\t\t<div class=\"elementor-widget-container\">\n\t\t\t\t\t<h2 class=\"elementor-heading-title elementor-size-default\">Proteja sus productos CTF. Conozca nuestra garant\u00eda <\/h2>\t\t\t\t<\/div>\n\t\t\t\t<\/div>\n\t\t\t\t<div class=\"elementor-element elementor-element-ed2382c elementor-widget elementor-widget-text-editor\" data-id=\"ed2382c\" data-element_type=\"widget\" data-widget_type=\"text-editor.default\">\n\t\t\t\t<div class=\"elementor-widget-container\">\n\t\t\t\t\t\t\t\t\t<p>En Catch The Fever, nos enorgullecemos de la calidad de los productos que dise\u00f1amos y vendemos. En ocasiones, suceden imprevistos. En tales casos, acordamos cubrir la reparaci\u00f3n y\/o reemplazo de su art\u00edculo si cumple con ciertas condiciones. No obstante, el producto en cuesti\u00f3n DEBE estar registrado. Lea los t\u00e9rminos a continuaci\u00f3n y utilice las secciones laterales para registrar su producto e iniciar una reclamaci\u00f3n en los Estados Unidos o en cualquier parte del mundo.     <\/p>\t\t\t\t\t\t\t\t<\/div>\n\t\t\t\t<\/div>\n\t\t\t\t<div class=\"elementor-element elementor-element-4976c51 elementor-widget elementor-widget-text-editor\" data-id=\"4976c51\" data-element_type=\"widget\" data-widget_type=\"text-editor.default\">\n\t\t\t\t<div class=\"elementor-widget-container\">\n\t\t\t\t\t\t\t\t\t<p>\u00bfTiene preguntas? Siempre estamos aqu\u00ed para ayudar y hacer que nuestros programas de recompensas sean accesibles. Ll\u00e1menos o visite nuestra p\u00e1gina de contacto.   <\/p>\t\t\t\t\t\t\t\t<\/div>\n\t\t\t\t<\/div>\n\t\t\t\t<div class=\"elementor-element elementor-element-f2848fb elementor-widget elementor-widget-html\" data-id=\"f2848fb\" data-element_type=\"widget\" data-widget_type=\"html.default\">\n\t\t\t\t<div class=\"elementor-widget-container\">\n\t\t\t\t\t<div data-tf-live=\"01J5XMJRN5YVZ2XWP2NQWFW7H8\"><\/div><script src=\"\/\/embed.typeform.com\/next\/embed.js\"><\/script>\t\t\t\t<\/div>\n\t\t\t\t<\/div>\n\t\t\t\t\t<\/div>\n\t\t<\/div>\n\t\t\t\t<div class=\"elementor-column elementor-col-50 elementor-top-column elementor-element elementor-element-5474d30\" data-id=\"5474d30\" data-element_type=\"column\">\n\t\t\t<div class=\"elementor-widget-wrap elementor-element-populated\">\n\t\t\t\t\t\t<div class=\"elementor-element elementor-element-2f30537 elementor-position-left elementor-vertical-align-top elementor-invisible elementor-widget elementor-widget-image-box\" data-id=\"2f30537\" data-element_type=\"widget\" data-settings=\"{&quot;_animation&quot;:&quot;fadeInRight&quot;,&quot;_animation_delay&quot;:400}\" data-widget_type=\"image-box.default\">\n\t\t\t\t<div class=\"elementor-widget-container\">\n\t\t\t\t\t<div class=\"elementor-image-box-wrapper\"><figure class=\"elementor-image-box-img\"><img decoding=\"async\" width=\"46\" height=\"46\" src=\"https:\/\/catchthefever.com\/wp-content\/uploads\/2021\/08\/Icon-2.png\" class=\"attachment-full size-full wp-image-49\" alt=\"\" srcset=\"https:\/\/catchthefever.com\/wp-content\/uploads\/2021\/08\/Icon-2.png 46w, https:\/\/catchthefever.com\/wp-content\/uploads\/2021\/08\/Icon-2-1x1.webp 1w, https:\/\/catchthefever.com\/wp-content\/uploads\/2021\/08\/Icon-2-10x10.webp 10w\" sizes=\"(max-width: 46px) 100vw, 46px\" \/><\/figure><div class=\"elementor-image-box-content\"><h3 class=\"elementor-image-box-title\">Registre sus productos aqu\u00ed<\/h3><p class=\"elementor-image-box-description\">Usted ya pesca, tiene la pasi\u00f3n, h\u00e1galo m\u00e1s gratificante con nuestro programa de recompensas. <\/p><\/div><\/div>\t\t\t\t<\/div>\n\t\t\t\t<\/div>\n\t\t\t\t<div class=\"elementor-element elementor-element-f63d241 elementor-position-left elementor-vertical-align-top elementor-invisible elementor-widget elementor-widget-image-box\" data-id=\"f63d241\" data-element_type=\"widget\" data-settings=\"{&quot;_animation&quot;:&quot;fadeInRight&quot;,&quot;_animation_delay&quot;:600}\" data-widget_type=\"image-box.default\">\n\t\t\t\t<div class=\"elementor-widget-container\">\n\t\t\t\t\t<div class=\"elementor-image-box-wrapper\"><figure class=\"elementor-image-box-img\"><img decoding=\"async\" width=\"47\" height=\"47\" src=\"https:\/\/catchthefever.com\/wp-content\/uploads\/2021\/08\/Vector.webp\" class=\"attachment-full size-full wp-image-56\" alt=\"\" srcset=\"https:\/\/catchthefever.com\/wp-content\/uploads\/2021\/08\/Vector.webp 47w, https:\/\/catchthefever.com\/wp-content\/uploads\/2021\/08\/Vector-1x1.webp 1w, https:\/\/catchthefever.com\/wp-content\/uploads\/2021\/08\/Vector-10x10.webp 10w\" sizes=\"(max-width: 47px) 100vw, 47px\" \/><\/figure><div class=\"elementor-image-box-content\"><h3 class=\"elementor-image-box-title\">Iniciar una reclamaci\u00f3n (en todo el mundo)<\/h3><p class=\"elementor-image-box-description\">Aunque pueda tener otra ca\u00f1a en la mano, a\u00fan le damos la oportunidad de calificar con nuestra indumentaria. <\/p><\/div><\/div>\t\t\t\t<\/div>\n\t\t\t\t<\/div>\n\t\t\t\t<div class=\"elementor-element elementor-element-07bca25 elementor-position-left elementor-vertical-align-top elementor-invisible elementor-widget elementor-widget-image-box\" data-id=\"07bca25\" data-element_type=\"widget\" data-settings=\"{&quot;_animation&quot;:&quot;fadeInRight&quot;,&quot;_animation_delay&quot;:600}\" data-widget_type=\"image-box.default\">\n\t\t\t\t<div class=\"elementor-widget-container\">\n\t\t\t\t\t<div class=\"elementor-image-box-wrapper\"><figure class=\"elementor-image-box-img\"><img decoding=\"async\" width=\"47\" height=\"47\" src=\"https:\/\/catchthefever.com\/wp-content\/uploads\/2021\/08\/Vector.webp\" class=\"attachment-full size-full wp-image-56\" alt=\"\" srcset=\"https:\/\/catchthefever.com\/wp-content\/uploads\/2021\/08\/Vector.webp 47w, https:\/\/catchthefever.com\/wp-content\/uploads\/2021\/08\/Vector-1x1.webp 1w, https:\/\/catchthefever.com\/wp-content\/uploads\/2021\/08\/Vector-10x10.webp 10w\" sizes=\"(max-width: 47px) 100vw, 47px\" \/><\/figure><div class=\"elementor-image-box-content\"><h3 class=\"elementor-image-box-title\">Reclamaciones por da\u00f1os de env\u00edo<\/h3><p class=\"elementor-image-box-description\">Usted ya pesca por ello. Agua dulce y agua salada, la lista es extensa.  <\/p><\/div><\/div>\t\t\t\t<\/div>\n\t\t\t\t<\/div>\n\t\t\t\t\t<\/div>\n\t\t<\/div>\n\t\t\t\t\t<\/div>\n\t\t<\/section>\n\t\t<div class=\"elementor-element elementor-element-689f8da e-flex e-con-boxed e-con e-parent\" data-id=\"689f8da\" data-element_type=\"container\">\n\t\t\t\t\t<div class=\"e-con-inner\">\n\t\t\t\t<div class=\"elementor-element elementor-element-e2170ec elementor-position-left elementor-vertical-align-top elementor-invisible elementor-widget elementor-widget-image-box\" data-id=\"e2170ec\" data-element_type=\"widget\" data-settings=\"{&quot;_animation&quot;:&quot;fadeInRight&quot;,&quot;_animation_delay&quot;:200}\" data-widget_type=\"image-box.default\">\n\t\t\t\t<div class=\"elementor-widget-container\">\n\t\t\t\t\t<div class=\"elementor-image-box-wrapper\"><figure class=\"elementor-image-box-img\"><img decoding=\"async\" width=\"50\" height=\"49\" src=\"https:\/\/catchthefever.com\/wp-content\/uploads\/2021\/08\/Icon-1.png\" class=\"attachment-full size-full wp-image-48\" alt=\"\" srcset=\"https:\/\/catchthefever.com\/wp-content\/uploads\/2021\/08\/Icon-1.png 50w, https:\/\/catchthefever.com\/wp-content\/uploads\/2021\/08\/Icon-1-1x1.webp 1w, https:\/\/catchthefever.com\/wp-content\/uploads\/2021\/08\/Icon-1-10x10.webp 10w\" sizes=\"(max-width: 50px) 100vw, 50px\" \/><\/figure><div class=\"elementor-image-box-content\"><h3 class=\"elementor-image-box-title\">Garant\u00eda: reglas y normativas oficiales<\/h3><p class=\"elementor-image-box-description\">\nTras registrar su nueva ca\u00f1a Catch The Fever, esta queda cubierta por nuestra Garant\u00eda de Protecci\u00f3n Est\u00e1ndar de 1 A\u00f1o contra defectos de fabricaci\u00f3n. Catch The Fever Outdoors reemplazar\u00e1 o reparar\u00e1 su ca\u00f1a Catch The Fever si Catch The Fever determina que el da\u00f1o es resultado de defectos de materiales o mano de obra. Cada ca\u00f1a Catch The Fever que se considere defectuosa, tras la revisi\u00f3n de Catch The Fever, ser\u00e1 reemplazada sin costo para el consumidor por hasta 1 a\u00f1o.  <br><br>\nAl registrar su ca\u00f1a Catch The Fever, se asegurar\u00e1 de que tambi\u00e9n se inscriba en nuestro Plan de Protecci\u00f3n Fever de 2 A\u00f1os. Nuestro Plan de Protecci\u00f3n Fever de 2 a\u00f1os va m\u00e1s all\u00e1 de los defectos de fabricaci\u00f3n y le brinda tranquilidad en caso de que ocurra un accidente a su ca\u00f1a por da\u00f1os directos, indirectos, consecuentes o incidentales causados por el cliente que NO sean resultado de un defecto de fabricaci\u00f3n o mano de obra por parte de Catch The Fever. <br><br>\nEl Plan de Protecci\u00f3n Fever de 2 A\u00f1os establece que si la ca\u00f1a se da\u00f1a por error del usuario o por equivocaci\u00f3n del cliente, reemplazaremos ese modelo de ca\u00f1a con un 50% de descuento sobre el precio de venta al p\u00fablico, adem\u00e1s de los gastos de env\u00edo y manipulaci\u00f3n para el mismo modelo de ca\u00f1a, sin hacer preguntas, por un per\u00edodo de 2 a\u00f1os desde la fecha de compra.\n\n<\/p><\/div><\/div>\t\t\t\t<\/div>\n\t\t\t\t<\/div>\n\t\t\t\t<div class=\"elementor-element elementor-element-d60b813 elementor-position-left elementor-vertical-align-top elementor-invisible elementor-widget elementor-widget-image-box\" data-id=\"d60b813\" data-element_type=\"widget\" data-settings=\"{&quot;_animation&quot;:&quot;fadeInRight&quot;,&quot;_animation_delay&quot;:200}\" data-widget_type=\"image-box.default\">\n\t\t\t\t<div class=\"elementor-widget-container\">\n\t\t\t\t\t<div class=\"elementor-image-box-wrapper\"><figure class=\"elementor-image-box-img\"><img decoding=\"async\" width=\"50\" height=\"49\" src=\"https:\/\/catchthefever.com\/wp-content\/uploads\/2021\/08\/Icon-1.png\" class=\"attachment-full size-full wp-image-48\" alt=\"\" srcset=\"https:\/\/catchthefever.com\/wp-content\/uploads\/2021\/08\/Icon-1.png 50w, https:\/\/catchthefever.com\/wp-content\/uploads\/2021\/08\/Icon-1-1x1.webp 1w, https:\/\/catchthefever.com\/wp-content\/uploads\/2021\/08\/Icon-1-10x10.webp 10w\" sizes=\"(max-width: 50px) 100vw, 50px\" \/><\/figure><div class=\"elementor-image-box-content\"><h3 class=\"elementor-image-box-title\">Garant\u00eda: T\u00e9rminos y condiciones<\/h3><p class=\"elementor-image-box-description\">\nLa Garant\u00eda de Protecci\u00f3n de 1 A\u00f1o de Catch The Fever y el Plan de Protecci\u00f3n Fever de 2 a\u00f1os se extienden \u00fanicamente al comprador original y no pueden ser transferidos. <br><br>\n \nCatch The Fever Outdoors se reserva el derecho de determinar si reparar o reemplazar cualquier producto cubierto por esta garant\u00eda, as\u00ed como el derecho de reemplazar cualquier modelo descontinuado con modelos comparables cuando sea necesario. Los colores y componentes pueden variar entre los modelos de ca\u00f1a originales y de reemplazo. <br><br>\n \nSi su ca\u00f1a Catch The Fever fue adquirida en una tienda minorista oficial, DEBE conservar su recibo para poder presentar una reclamaci\u00f3n de garant\u00eda. Por favor, guarde su comprobante de compra en un lugar seguro, de modo que lo tenga a mano cuando necesite presentar una reclamaci\u00f3n en cualquier momento durante el per\u00edodo de garant\u00eda. Sin excepciones.  <br><br>\n \nSu nueva ca\u00f1a Catch The Fever DEBE ser registrada dentro de los 14 d\u00edas posteriores a la compra para calificar para cualquier Garant\u00eda de Catch The Fever. Las reclamaciones de garant\u00eda DEBEN realizarse dentro de los 7 d\u00edas posteriores al da\u00f1o inicial. <br><br>\nActualizaci\u00f3n de los t\u00e9rminos de la garant\u00eda: 15\/03\/2023<\/p><\/div><\/div>\t\t\t\t<\/div>\n\t\t\t\t<\/div>\n\t\t\t\t\t<\/div>\n\t\t\t\t<\/div>\n\t\t\t\t<section class=\"elementor-section elementor-top-section elementor-element elementor-element-80f50c7 elementor-section-boxed elementor-section-height-default elementor-section-height-default elementor-invisible\" data-id=\"80f50c7\" data-element_type=\"section\" data-settings=\"{&quot;animation&quot;:&quot;fadeIn&quot;}\">\n\t\t\t\t\t\t<div class=\"elementor-container elementor-column-gap-no\">\n\t\t\t\t\t<div class=\"elementor-column elementor-col-100 elementor-top-column elementor-element elementor-element-9255026\" data-id=\"9255026\" data-element_type=\"column\">\n\t\t\t<div class=\"elementor-widget-wrap\">\n\t\t\t\t\t\t\t<\/div>\n\t\t<\/div>\n\t\t\t\t\t<\/div>\n\t\t<\/section>\n\t\t<div class=\"elementor-element elementor-element-3b457b4 e-flex e-con-boxed e-con e-parent\" data-id=\"3b457b4\" data-element_type=\"container\">\n\t\t\t\t\t<div class=\"e-con-inner\">\n\t\t\t\t\t<\/div>\n\t\t\t\t<\/div>\n\t\t\t\t<\/div>\n\t\t","protected":false},"excerpt":{"rendered":"<p>Catch The Fever le recompensa por su lealtad, por su pasi\u00f3n y sus habilidades. Descubra c\u00f3mo desbloquear hasta $25,000 en premios pescando con nuestras ca\u00f1as y\/o vistiendo nuestra indumentaria.  <\/p>\n","protected":false},"author":2,"featured_media":0,"parent":0,"menu_order":0,"comment_status":"closed","ping_status":"closed","template":"","meta":{"footnotes":""},"class_list":["post-75164","page","type-page","status-publish","hentry"],"aioseo_notices":[],"jetpack_sharing_enabled":true,"_links":{"self":[{"href":"https:\/\/catchthefever.com\/es\/wp-json\/wp\/v2\/pages\/75164","targetHints":{"allow":["GET"]}}],"collection":[{"href":"https:\/\/catchthefever.com\/es\/wp-json\/wp\/v2\/pages"}],"about":[{"href":"https:\/\/catchthefever.com\/es\/wp-json\/wp\/v2\/types\/page"}],"author":[{"embeddable":true,"href":"https:\/\/catchthefever.com\/es\/wp-json\/wp\/v2\/users\/2"}],"replies":[{"embeddable":true,"href":"https:\/\/catchthefever.com\/es\/wp-json\/wp\/v2\/comments?post=75164"}],"version-history":[{"count":0,"href":"https:\/\/catchthefever.com\/es\/wp-json\/wp\/v2\/pages\/75164\/revisions"}],"wp:attachment":[{"href":"https:\/\/catchthefever.com\/es\/wp-json\/wp\/v2\/media?parent=75164"}],"curies":[{"name":"wp","href":"https:\/\/api.w.org\/{rel}","templated":true}]}}