{"id":75338,"date":"2024-12-15T23:27:59","date_gmt":"2024-12-16T04:27:59","guid":{"rendered":"https:\/\/catchthefever.com\/internationaler-versand\/"},"modified":"2025-06-10T21:10:37","modified_gmt":"2025-06-11T02:10:37","slug":"internationaler-versand","status":"publish","type":"page","link":"https:\/\/catchthefever.com\/de\/internationaler-versand\/","title":{"rendered":"Internationaler Versand"},"content":{"rendered":"\t\t<div data-elementor-type=\"wp-page\" data-elementor-id=\"75338\" class=\"elementor elementor-75338 elementor-59031\" data-elementor-post-type=\"page\">\n\t\t\t\t\t\t<section class=\"elementor-section elementor-top-section elementor-element elementor-element-2f62dab6 elementor-section-stretched elementor-section-boxed elementor-section-height-default elementor-section-height-default\" data-id=\"2f62dab6\" data-element_type=\"section\" data-settings=\"{&quot;stretch_section&quot;:&quot;section-stretched&quot;}\">\n\t\t\t\t\t\t<div class=\"elementor-container elementor-column-gap-no\">\n\t\t\t\t\t<div class=\"elementor-column elementor-col-100 elementor-top-column elementor-element elementor-element-19da45c5\" data-id=\"19da45c5\" data-element_type=\"column\">\n\t\t\t<div class=\"elementor-widget-wrap elementor-element-populated\">\n\t\t\t\t\t\t<div class=\"elementor-element elementor-element-70dff824 elementor-widget elementor-widget-heading\" data-id=\"70dff824\" data-element_type=\"widget\" data-widget_type=\"heading.default\">\n\t\t\t\t<div class=\"elementor-widget-container\">\n\t\t\t\t\t<h2 class=\"elementor-heading-title elementor-size-default\">Wir versenden in 23 L\u00e4nder<\/h2>\t\t\t\t<\/div>\n\t\t\t\t<\/div>\n\t\t\t\t<div class=\"elementor-element elementor-element-2a1cebf3 elementor-widget elementor-widget-image\" data-id=\"2a1cebf3\" data-element_type=\"widget\" data-widget_type=\"image.default\">\n\t\t\t\t<div class=\"elementor-widget-container\">\n\t\t\t\t\t\t\t\t\t\t\t\t\t\t\t<img decoding=\"async\" width=\"160\" height=\"10\" src=\"https:\/\/catchthefever.com\/wp-content\/uploads\/2024\/12\/Underline.svg\" class=\"attachment-full size-full wp-image-67220\" alt=\"\" \/>\t\t\t\t\t\t\t\t\t\t\t\t\t\t\t<\/div>\n\t\t\t\t<\/div>\n\t\t\t\t<div class=\"elementor-element elementor-element-3f03e680 elementor-widget elementor-widget-text-editor\" data-id=\"3f03e680\" data-element_type=\"widget\" data-widget_type=\"text-editor.default\">\n\t\t\t\t<div class=\"elementor-widget-container\">\n\t\t\t\t\t\t\t\t\t<p>Wir erweitern unsere globale Reichweite &#8211; mit nunmehr 23 L\u00e4ndern in Europa, Asien, Ozeanien und Nordamerika geh\u00f6ren wir zu den wenigen US-amerikanischen Marken, die der Welt die ihr geb\u00fchrende Beachtung schenken. <\/p>\t\t\t\t\t\t\t\t<\/div>\n\t\t\t\t<\/div>\n\t\t\t\t\t<\/div>\n\t\t<\/div>\n\t\t\t\t\t<\/div>\n\t\t<\/section>\n\t\t\t\t<section class=\"elementor-section elementor-top-section elementor-element elementor-element-636c51a elementor-section-stretched elementor-section-boxed elementor-section-height-default elementor-section-height-default\" data-id=\"636c51a\" data-element_type=\"section\" data-settings=\"{&quot;stretch_section&quot;:&quot;section-stretched&quot;}\">\n\t\t\t\t\t\t<div class=\"elementor-container elementor-column-gap-custom\">\n\t\t\t\t\t<div class=\"elementor-column elementor-col-33 elementor-top-column elementor-element elementor-element-7b0d3c2\" data-id=\"7b0d3c2\" data-element_type=\"column\">\n\t\t\t<div class=\"elementor-widget-wrap elementor-element-populated\">\n\t\t\t\t\t\t<div class=\"elementor-element elementor-element-3fee9f0b elementor-widget elementor-widget-etheme_flipbox\" data-id=\"3fee9f0b\" data-element_type=\"widget\" data-widget_type=\"etheme_flipbox.default\">\n\t\t\t\t<div class=\"elementor-widget-container\">\n\t\t\t\t\t<span class=\"etheme-ajaxify-lazy-wrapper etheme-ajaxify-replace\" data-type=\"elementor\" data-request=\"WyJlbGVtZW50b3IiLDc1MzM4LCIxMWI4NzkzYSJd\"><\/span>\t\t\t\t<\/div>\n\t\t\t\t<\/div>\n\t\t\t\t\t<\/div>\n\t\t<\/div>\n\t\t\t\t<div class=\"elementor-column elementor-col-33 elementor-top-column elementor-element elementor-element-4dd2996a\" data-id=\"4dd2996a\" data-element_type=\"column\">\n\t\t\t<div class=\"elementor-widget-wrap elementor-element-populated\">\n\t\t\t\t\t\t<div class=\"elementor-element elementor-element-5995cfeb elementor-widget elementor-widget-etheme_flipbox\" data-id=\"5995cfeb\" data-element_type=\"widget\" data-widget_type=\"etheme_flipbox.default\">\n\t\t\t\t<div class=\"elementor-widget-container\">\n\t\t\t\t\t<span class=\"etheme-ajaxify-lazy-wrapper etheme-ajaxify-replace\" data-type=\"elementor\" data-request=\"WyJlbGVtZW50b3IiLDc1MzM4LCI2OTE2YTgyMiJd\"><\/span>\t\t\t\t<\/div>\n\t\t\t\t<\/div>\n\t\t\t\t\t<\/div>\n\t\t<\/div>\n\t\t\t\t<div class=\"elementor-column elementor-col-33 elementor-top-column elementor-element elementor-element-69174c23\" data-id=\"69174c23\" data-element_type=\"column\">\n\t\t\t<div class=\"elementor-widget-wrap elementor-element-populated\">\n\t\t\t\t\t\t<div class=\"elementor-element elementor-element-5dfae1b8 elementor-widget elementor-widget-etheme_flipbox\" data-id=\"5dfae1b8\" data-element_type=\"widget\" data-widget_type=\"etheme_flipbox.default\">\n\t\t\t\t<div class=\"elementor-widget-container\">\n\t\t\t\t\t<span class=\"etheme-ajaxify-lazy-wrapper etheme-ajaxify-replace\" data-type=\"elementor\" data-request=\"WyJlbGVtZW50b3IiLDc1MzM4LCJjZjkzZDVkMyJd\"><\/span>\t\t\t\t<\/div>\n\t\t\t\t<\/div>\n\t\t\t\t\t<\/div>\n\t\t<\/div>\n\t\t\t\t\t<\/div>\n\t\t<\/section>\n\t\t<div class=\"elementor-element elementor-element-f65c811 e-grid e-con-boxed e-con e-parent\" data-id=\"f65c811\" data-element_type=\"container\">\n\t\t\t\t\t<div class=\"e-con-inner\">\n\t\t\t\t<div class=\"elementor-element elementor-element-b5b3569 elementor-widget elementor-widget-text-editor\" data-id=\"b5b3569\" data-element_type=\"widget\" data-widget_type=\"text-editor.default\">\n\t\t\t\t<div class=\"elementor-widget-container\">\n\t\t\t\t\t\t\t\t\t<p>Allgemeine Gesch\u00e4ftsbedingungen f\u00fcr kostenlosen und\/oder kostenpflichtigen internationalen Versand:<\/p><p class=\"p1\">Alle Mindestbestellschwellen werden nach Abzug eventuell anwendbarer Gutscheine berechnet. Wir behalten uns das Recht vor, jede Bestellung nach unserem alleinigen Ermessen zu stornieren oder zu \u00e4ndern sowie die Bedingungen f\u00fcr kanadische und internationale Destinationen ohne vorherige Ank\u00fcndigung oder Erkl\u00e4rung zu modifizieren. F\u00fcr internationale Kunden erstellen wir gerne individuelle Angebote f\u00fcr Ziele au\u00dferhalb unserer aufgef\u00fchrten 23 L\u00e4nder &#8211; Australien, \u00d6sterreich, Belgien, Kanada, D\u00e4nemark, Finnland, Frankreich, Deutschland, Griechenland, Irland, Italien, Japan, Luxemburg, Niederlande, Neuseeland, Norwegen, Portugal, S\u00fcdkorea, Spanien, Schweden, Schweiz und Vereinigtes K\u00f6nigreich.  <\/p><p class=\"p1\">Internationale Bestellungen unterliegen erweiterten Betrugsschutzprotokollen, einschlie\u00dflich m\u00f6glicher Anforderungen von staatlich ausgestellten Identifikationsdokumenten, der Voraussetzung, dass Rechnungs- und Lieferadresse \u00fcbereinstimmen m\u00fcssen, sowie obligatorischer Versandversicherung. Eigentum und Haftung f\u00fcr die Waren gehen unmittelbar nach Verlassen unserer US-Einrichtungen \u00fcber, wodurch die volle Verantwortung f\u00fcr etwaige nachfolgende Z\u00f6lle, Steuern, Einfuhrgeb\u00fchren und zus\u00e4tzliche Kosten beim K\u00e4ufer liegt, ohne die Option einer R\u00fcckgabe. Durch den Kauf \u00fcber unsere in den USA ans\u00e4ssige Website erkennen die Kunden an und akzeptieren, dass US-amerikanische Datenschutzgesetze ihre Transaktion und pers\u00f6nlichen Daten regeln, welche sich m\u00f6glicherweise erheblich von denen in anderen Rechtsordnungen unterscheiden k\u00f6nnen.  <\/p><p> <\/p>\t\t\t\t\t\t\t\t<\/div>\n\t\t\t\t<\/div>\n\t\t\t\t\t<\/div>\n\t\t\t\t<\/div>\n\t\t\t\t<\/div>\n\t\t","protected":false},"excerpt":{"rendered":"<p>Wir versenden in 23 L\u00e4nder Wir erweitern unsere globale Reichweite &#8211; mit nunmehr 23 L\u00e4ndern in Europa, Asien, Ozeanien und Nordamerika geh\u00f6ren wir zu den&#8230;<\/p>\n","protected":false},"author":2,"featured_media":0,"parent":0,"menu_order":0,"comment_status":"closed","ping_status":"closed","template":"","meta":{"footnotes":""},"class_list":["post-75338","page","type-page","status-publish","hentry"],"aioseo_notices":[],"jetpack_sharing_enabled":true,"_links":{"self":[{"href":"https:\/\/catchthefever.com\/de\/wp-json\/wp\/v2\/pages\/75338","targetHints":{"allow":["GET"]}}],"collection":[{"href":"https:\/\/catchthefever.com\/de\/wp-json\/wp\/v2\/pages"}],"about":[{"href":"https:\/\/catchthefever.com\/de\/wp-json\/wp\/v2\/types\/page"}],"author":[{"embeddable":true,"href":"https:\/\/catchthefever.com\/de\/wp-json\/wp\/v2\/users\/2"}],"replies":[{"embeddable":true,"href":"https:\/\/catchthefever.com\/de\/wp-json\/wp\/v2\/comments?post=75338"}],"version-history":[{"count":0,"href":"https:\/\/catchthefever.com\/de\/wp-json\/wp\/v2\/pages\/75338\/revisions"}],"wp:attachment":[{"href":"https:\/\/catchthefever.com\/de\/wp-json\/wp\/v2\/media?parent=75338"}],"curies":[{"name":"wp","href":"https:\/\/api.w.org\/{rel}","templated":true}]}}