{"id":75307,"date":"2024-08-20T21:33:44","date_gmt":"2024-08-21T02:33:44","guid":{"rendered":"https:\/\/catchthefever.com\/renditen\/"},"modified":"2025-06-10T21:04:20","modified_gmt":"2025-06-11T02:04:20","slug":"renditen","status":"publish","type":"page","link":"https:\/\/catchthefever.com\/de\/renditen\/","title":{"rendered":"Renditen"},"content":{"rendered":"\t\t<div data-elementor-type=\"wp-page\" data-elementor-id=\"75307\" class=\"elementor elementor-75307 elementor-3034\" data-elementor-post-type=\"page\">\n\t\t\t\t\t\t<section class=\"elementor-section elementor-top-section elementor-element elementor-element-d13fbcd elementor-section-boxed elementor-section-height-default elementor-section-height-default elementor-invisible\" data-id=\"d13fbcd\" data-element_type=\"section\" data-settings=\"{&quot;background_background&quot;:&quot;classic&quot;,&quot;animation&quot;:&quot;fadeIn&quot;}\">\n\t\t\t\t\t\t<div class=\"elementor-container elementor-column-gap-no\">\n\t\t\t\t\t<div class=\"elementor-column elementor-col-100 elementor-top-column elementor-element elementor-element-691355f\" data-id=\"691355f\" data-element_type=\"column\">\n\t\t\t<div class=\"elementor-widget-wrap elementor-element-populated\">\n\t\t\t\t\t\t<div class=\"elementor-element elementor-element-5ecd315 elementor-widget elementor-widget-spacer\" data-id=\"5ecd315\" data-element_type=\"widget\" data-widget_type=\"spacer.default\">\n\t\t\t\t<div class=\"elementor-widget-container\">\n\t\t\t\t\t\t\t<div class=\"elementor-spacer\">\n\t\t\t<div class=\"elementor-spacer-inner\"><\/div>\n\t\t<\/div>\n\t\t\t\t\t\t<\/div>\n\t\t\t\t<\/div>\n\t\t\t\t\t<\/div>\n\t\t<\/div>\n\t\t\t\t\t<\/div>\n\t\t<\/section>\n\t\t\t\t<section class=\"elementor-section elementor-top-section elementor-element elementor-element-481a78a elementor-section-boxed elementor-section-height-default elementor-section-height-default elementor-invisible\" data-id=\"481a78a\" data-element_type=\"section\" data-settings=\"{&quot;animation&quot;:&quot;fadeIn&quot;}\">\n\t\t\t\t\t\t<div class=\"elementor-container elementor-column-gap-no\">\n\t\t\t\t\t<div class=\"elementor-column elementor-col-50 elementor-top-column elementor-element elementor-element-2a00ff8 elementor-invisible\" data-id=\"2a00ff8\" data-element_type=\"column\" data-settings=\"{&quot;animation&quot;:&quot;fadeInLeft&quot;}\">\n\t\t\t<div class=\"elementor-widget-wrap elementor-element-populated\">\n\t\t\t\t\t\t<div class=\"elementor-element elementor-element-a8dd187 elementor-widget elementor-widget-heading\" data-id=\"a8dd187\" data-element_type=\"widget\" data-widget_type=\"heading.default\">\n\t\t\t\t<div class=\"elementor-widget-container\">\n\t\t\t\t\t<h2 class=\"elementor-heading-title elementor-size-default\">R\u00fcckgaberichtlinie<\/h2>\t\t\t\t<\/div>\n\t\t\t\t<\/div>\n\t\t\t\t<div class=\"elementor-element elementor-element-ed2382c elementor-widget elementor-widget-text-editor\" data-id=\"ed2382c\" data-element_type=\"widget\" data-widget_type=\"text-editor.default\">\n\t\t\t\t<div class=\"elementor-widget-container\">\n\t\t\t\t\t\t\t\t\t<p><b>R\u00fcckgaberichtlinie:<\/b><\/p><p>Catch The Fever Outdoors, LLC akzeptiert derzeit keine R\u00fcckgaben f\u00fcr Erstattungen, Gutschriften oder Umtausch. Alle Verk\u00e4ufe sind endg\u00fcltig. Sollte eine Ausnahme f\u00fcr eine R\u00fcckgabe oder einen Umtausch gew\u00e4hrt worden sein und Sie diesbez\u00fcglich mit uns in Kontakt gestanden haben, ist es zwingend erforderlich, dass Sie einen Nachweis \u00fcber diesen Kontakt mit unserem Unternehmen Ihrer R\u00fccksendung beif\u00fcgen. Bitte beachten Sie, dass alle R\u00fccksendungen in der Originalverpackung zusammen mit einer Kopie der Bestellrechnung erfolgen m\u00fcssen. Wir k\u00f6nnen keine R\u00fcckgaben\/Umtausche genehmigen, die \u00e4lter als 90 Tage sind, ohne Ausnahmen. Wir werden keine Pakete ohne Genehmigung annehmen. Des Weiteren werden alle erhaltenen Sendungen, die nicht autorisiert wurden, verweigert und an den K\u00e4ufer zur\u00fcckgeschickt. Bitte stellen Sie sicher, dass Sie Ihre Bestellung sorgf\u00e4ltig \u00fcberpr\u00fcft haben, bevor Sie Ihren Kauf abschlie\u00dfen, da alle Verk\u00e4ufe endg\u00fcltig sind.       <\/p>\t\t\t\t\t\t\t\t<\/div>\n\t\t\t\t<\/div>\n\t\t\t\t<div class=\"elementor-element elementor-element-4976c51 elementor-widget elementor-widget-text-editor\" data-id=\"4976c51\" data-element_type=\"widget\" data-widget_type=\"text-editor.default\">\n\t\t\t\t<div class=\"elementor-widget-container\">\n\t\t\t\t\t\t\t\t\t<p>Haben Sie Fragen? Wir stehen Ihnen stets zur Verf\u00fcgung, um zu helfen und unsere R\u00fcckgaberichtlinie zug\u00e4nglich zu machen. Rufen Sie uns an oder besuchen Sie unsere Kontaktseite.   <\/p>\t\t\t\t\t\t\t\t<\/div>\n\t\t\t\t<\/div>\n\t\t\t\t\t<\/div>\n\t\t<\/div>\n\t\t\t\t<div class=\"elementor-column elementor-col-50 elementor-top-column elementor-element elementor-element-5474d30\" data-id=\"5474d30\" data-element_type=\"column\">\n\t\t\t<div class=\"elementor-widget-wrap\">\n\t\t\t\t\t\t\t<\/div>\n\t\t<\/div>\n\t\t\t\t\t<\/div>\n\t\t<\/section>\n\t\t\t\t<\/div>\n\t\t","protected":false},"excerpt":{"rendered":"<p>Catch The Fever belohnt Sie f\u00fcr Ihre Loyalit\u00e4t, Ihre Leidenschaft und Ihre Fertigkeiten. Entdecken Sie, wie Sie bis zu 25.000 $ Preisgeld freischalten k\u00f6nnen, indem Sie mit unseren Angelruten fischen und\/oder unsere Bekleidung tragen.  <\/p>\n","protected":false},"author":2,"featured_media":0,"parent":0,"menu_order":0,"comment_status":"closed","ping_status":"closed","template":"","meta":{"footnotes":""},"class_list":["post-75307","page","type-page","status-publish","hentry"],"aioseo_notices":[],"jetpack_sharing_enabled":true,"_links":{"self":[{"href":"https:\/\/catchthefever.com\/de\/wp-json\/wp\/v2\/pages\/75307","targetHints":{"allow":["GET"]}}],"collection":[{"href":"https:\/\/catchthefever.com\/de\/wp-json\/wp\/v2\/pages"}],"about":[{"href":"https:\/\/catchthefever.com\/de\/wp-json\/wp\/v2\/types\/page"}],"author":[{"embeddable":true,"href":"https:\/\/catchthefever.com\/de\/wp-json\/wp\/v2\/users\/2"}],"replies":[{"embeddable":true,"href":"https:\/\/catchthefever.com\/de\/wp-json\/wp\/v2\/comments?post=75307"}],"version-history":[{"count":0,"href":"https:\/\/catchthefever.com\/de\/wp-json\/wp\/v2\/pages\/75307\/revisions"}],"wp:attachment":[{"href":"https:\/\/catchthefever.com\/de\/wp-json\/wp\/v2\/media?parent=75307"}],"curies":[{"name":"wp","href":"https:\/\/api.w.org\/{rel}","templated":true}]}}