{"id":75262,"date":"2024-08-20T21:34:48","date_gmt":"2024-08-21T02:34:48","guid":{"rendered":"https:\/\/catchthefever.com\/faq\/"},"modified":"2025-09-17T12:29:27","modified_gmt":"2025-09-17T17:29:27","slug":"faq","status":"publish","type":"page","link":"https:\/\/catchthefever.com\/de\/faq\/","title":{"rendered":"FAQ"},"content":{"rendered":"\t\t<div data-elementor-type=\"wp-page\" data-elementor-id=\"75262\" class=\"elementor elementor-75262 elementor-3036\" data-elementor-post-type=\"page\">\n\t\t\t\t\t\t<section class=\"elementor-section elementor-top-section elementor-element elementor-element-d13fbcd elementor-section-boxed elementor-section-height-default elementor-section-height-default elementor-invisible\" data-id=\"d13fbcd\" data-element_type=\"section\" data-settings=\"{&quot;background_background&quot;:&quot;classic&quot;,&quot;animation&quot;:&quot;fadeIn&quot;}\">\n\t\t\t\t\t\t<div class=\"elementor-container elementor-column-gap-no\">\n\t\t\t\t\t<div class=\"elementor-column elementor-col-100 elementor-top-column elementor-element elementor-element-691355f\" data-id=\"691355f\" data-element_type=\"column\">\n\t\t\t<div class=\"elementor-widget-wrap elementor-element-populated\">\n\t\t\t\t\t\t<div class=\"elementor-element elementor-element-5ecd315 elementor-widget elementor-widget-spacer\" data-id=\"5ecd315\" data-element_type=\"widget\" data-widget_type=\"spacer.default\">\n\t\t\t\t<div class=\"elementor-widget-container\">\n\t\t\t\t\t\t\t<div class=\"elementor-spacer\">\n\t\t\t<div class=\"elementor-spacer-inner\"><\/div>\n\t\t<\/div>\n\t\t\t\t\t\t<\/div>\n\t\t\t\t<\/div>\n\t\t\t\t\t<\/div>\n\t\t<\/div>\n\t\t\t\t\t<\/div>\n\t\t<\/section>\n\t\t\t\t<section class=\"elementor-section elementor-top-section elementor-element elementor-element-481a78a elementor-section-boxed elementor-section-height-default elementor-section-height-default elementor-invisible\" data-id=\"481a78a\" data-element_type=\"section\" data-settings=\"{&quot;animation&quot;:&quot;fadeIn&quot;}\">\n\t\t\t\t\t\t<div class=\"elementor-container elementor-column-gap-no\">\n\t\t\t\t\t<div class=\"elementor-column elementor-col-50 elementor-top-column elementor-element elementor-element-2a00ff8 elementor-invisible\" data-id=\"2a00ff8\" data-element_type=\"column\" data-settings=\"{&quot;animation&quot;:&quot;fadeInLeft&quot;}\">\n\t\t\t<div class=\"elementor-widget-wrap elementor-element-populated\">\n\t\t\t\t\t\t<div class=\"elementor-element elementor-element-a8dd187 elementor-widget elementor-widget-heading\" data-id=\"a8dd187\" data-element_type=\"widget\" data-widget_type=\"heading.default\">\n\t\t\t\t<div class=\"elementor-widget-container\">\n\t\t\t\t\t<h2 class=\"elementor-heading-title elementor-size-default\">FAQ - H\u00e4ufig gestellte Fragen<\/h2>\t\t\t\t<\/div>\n\t\t\t\t<\/div>\n\t\t\t\t<div class=\"elementor-element elementor-element-ed2382c elementor-widget elementor-widget-text-editor\" data-id=\"ed2382c\" data-element_type=\"widget\" data-widget_type=\"text-editor.default\">\n\t\t\t\t<div class=\"elementor-widget-container\">\n\t\t\t\t\t\t\t\t\t<h2 class=\"mb-3\">H\u00e4ufig gestellte Fragen<\/h2><p><strong>Welche Zahlungsmethoden werden im Online-Shop akzeptiert?<\/strong><\/p><div class=\"accordion\"><div class=\"accordion-item\"><div class=\"accordion-inner\"><p>Wir akzeptieren alle g\u00e4ngigen Kreditkarten sowie PayPal.<\/p><\/div><\/div><div class=\"accordion-item\"><strong>Wie lange dauert die Lieferung?<\/strong><div class=\"accordion-inner\"><p>Alle Sendungen werden innerhalb von 1-3 Werktagen versandt. Die Zustellung kann 2-7 Werktage nach Ihrer Bestellung erwartet werden. Aufgrund von Verz\u00f6gerungen seitens des Transportunternehmens kann dies jedoch l\u00e4nger dauern.  <\/p><p><strong>Wie sicher ist das Einkaufen im Online-Shop? Sind meine Daten gesch\u00fctzt? <\/strong><\/p><p>Unsere Website ist mit einem SSL-Zertifikat gesch\u00fctzt, welches eine sichere Kommunikation mit unserer Website gew\u00e4hrleistet.<br>Wir erf\u00fcllen alle PCI-Vorschriften zur Kreditkartensicherheit.<\/p><\/div><\/div><div class=\"accordion-item\"><strong>Versenden Sie international?<\/strong><div class=\"accordion-inner\"><p>Bedauerlicherweise versenden wir derzeit nicht au\u00dferhalb der Vereinigten Staaten.<\/p><\/div><\/div><div class=\"accordion-item\"><strong>Was geschieht genau nach der Bestellung?<\/strong><div class=\"accordion-inner\"><p>Ihre Bestellung wird in der Regel am n\u00e4chsten Werktag bearbeitet und versandt.<\/p><\/div><\/div><div class=\"accordion-item\"><strong>Weshalb kostet der Versand von Ruten 30 $?<\/strong><div class=\"accordion-inner\"><p>Unsere Ruten sind nicht zusammenklappbar und m\u00fcssen in einer 92 Zoll langen R\u00f6hre versandt werden. Wir k\u00f6nnen bis zu 10 Ruten in jeder R\u00f6hre unterbringen. <\/p><p><strong>Erhalte ich eine Rechnung f\u00fcr meine Bestellung?<\/strong><\/p><\/div><\/div><div class=\"accordion-item\"><div class=\"accordion-inner\"><p>Ja. Sie sollten nach Aufgabe Ihrer Bestellung eine E-Mail erhalten. Von dort aus k\u00f6nnen Sie Ihre Rechnung einsehen.  <\/p><\/div><\/div><\/div>\t\t\t\t\t\t\t\t<\/div>\n\t\t\t\t<\/div>\n\t\t\t\t<div class=\"elementor-element elementor-element-4976c51 elementor-widget elementor-widget-text-editor\" data-id=\"4976c51\" data-element_type=\"widget\" data-widget_type=\"text-editor.default\">\n\t\t\t\t<div class=\"elementor-widget-container\">\n\t\t\t\t\t\t\t\t\t<p>Fragen? Da es h\u00f6chst unwahrscheinlich ist, dass wir an alles gedacht haben, ist\/sind Ihre Frage(n) berechtigt, und wir sind bereit, sie zu beantworten. Rufen Sie uns an oder besuchen Sie unsere Kontaktseite.   <\/p>\t\t\t\t\t\t\t\t<\/div>\n\t\t\t\t<\/div>\n\t\t\t\t\t<\/div>\n\t\t<\/div>\n\t\t\t\t<div class=\"elementor-column elementor-col-50 elementor-top-column elementor-element elementor-element-5474d30\" data-id=\"5474d30\" data-element_type=\"column\">\n\t\t\t<div class=\"elementor-widget-wrap elementor-element-populated\">\n\t\t\t\t\t\t<div class=\"elementor-element elementor-element-2f30537 elementor-position-left elementor-vertical-align-top elementor-invisible elementor-widget elementor-widget-image-box\" data-id=\"2f30537\" data-element_type=\"widget\" data-settings=\"{&quot;_animation&quot;:&quot;fadeInRight&quot;,&quot;_animation_delay&quot;:400}\" data-widget_type=\"image-box.default\">\n\t\t\t\t<div class=\"elementor-widget-container\">\n\t\t\t\t\t<div class=\"elementor-image-box-wrapper\"><figure class=\"elementor-image-box-img\"><img decoding=\"async\" width=\"46\" height=\"46\" src=\"https:\/\/catchthefever.com\/wp-content\/uploads\/2021\/08\/Icon-2.png\" class=\"attachment-full size-full wp-image-49\" alt=\"\" srcset=\"https:\/\/catchthefever.com\/wp-content\/uploads\/2021\/08\/Icon-2.png 46w, https:\/\/catchthefever.com\/wp-content\/uploads\/2021\/08\/Icon-2-1x1.webp 1w, https:\/\/catchthefever.com\/wp-content\/uploads\/2021\/08\/Icon-2-10x10.webp 10w\" sizes=\"(max-width: 46px) 100vw, 46px\" \/><\/figure><div class=\"elementor-image-box-content\"><h3 class=\"elementor-image-box-title\">Gro\u00dfhandel FAQ<\/h3><p class=\"elementor-image-box-description\">Wenn Sie ein Gro\u00dfhandelskonto besitzen, erwartet Sie Ihr FAQ hier. <\/p><\/div><\/div>\t\t\t\t<\/div>\n\t\t\t\t<\/div>\n\t\t\t\t<div class=\"elementor-element elementor-element-f63d241 elementor-position-left elementor-vertical-align-top elementor-invisible elementor-widget elementor-widget-image-box\" data-id=\"f63d241\" data-element_type=\"widget\" data-settings=\"{&quot;_animation&quot;:&quot;fadeInRight&quot;,&quot;_animation_delay&quot;:600}\" data-widget_type=\"image-box.default\">\n\t\t\t\t<div class=\"elementor-widget-container\">\n\t\t\t\t\t<div class=\"elementor-image-box-wrapper\"><figure class=\"elementor-image-box-img\"><img decoding=\"async\" width=\"47\" height=\"47\" src=\"https:\/\/catchthefever.com\/wp-content\/uploads\/2021\/08\/Vector.webp\" class=\"attachment-full size-full wp-image-56\" alt=\"\" srcset=\"https:\/\/catchthefever.com\/wp-content\/uploads\/2021\/08\/Vector.webp 47w, https:\/\/catchthefever.com\/wp-content\/uploads\/2021\/08\/Vector-1x1.webp 1w, https:\/\/catchthefever.com\/wp-content\/uploads\/2021\/08\/Vector-10x10.webp 10w\" sizes=\"(max-width: 47px) 100vw, 47px\" \/><\/figure><div class=\"elementor-image-box-content\"><h3 class=\"elementor-image-box-title\">Partner FAQ<\/h3><p class=\"elementor-image-box-description\">Affiliates und Partner, Ihr FAQ wartet hier auf Sie. <\/p><\/div><\/div>\t\t\t\t<\/div>\n\t\t\t\t<\/div>\n\t\t\t\t<div class=\"elementor-element elementor-element-07bca25 elementor-position-left elementor-vertical-align-top elementor-invisible elementor-widget elementor-widget-image-box\" data-id=\"07bca25\" data-element_type=\"widget\" data-settings=\"{&quot;_animation&quot;:&quot;fadeInRight&quot;,&quot;_animation_delay&quot;:600}\" data-widget_type=\"image-box.default\">\n\t\t\t\t<div class=\"elementor-widget-container\">\n\t\t\t\t\t<div class=\"elementor-image-box-wrapper\"><figure class=\"elementor-image-box-img\"><img decoding=\"async\" width=\"47\" height=\"47\" src=\"https:\/\/catchthefever.com\/wp-content\/uploads\/2021\/08\/Vector.webp\" class=\"attachment-full size-full wp-image-56\" alt=\"\" srcset=\"https:\/\/catchthefever.com\/wp-content\/uploads\/2021\/08\/Vector.webp 47w, https:\/\/catchthefever.com\/wp-content\/uploads\/2021\/08\/Vector-1x1.webp 1w, https:\/\/catchthefever.com\/wp-content\/uploads\/2021\/08\/Vector-10x10.webp 10w\" sizes=\"(max-width: 47px) 100vw, 47px\" \/><\/figure><div class=\"elementor-image-box-content\"><h3 class=\"elementor-image-box-title\">KONTAKTIEREN SIE UNS<\/h3><p class=\"elementor-image-box-description\">Sollten Sie hier keine Hilfe finden, ist das in Ordnung - kontaktieren Sie uns jetzt. <\/p><\/div><\/div>\t\t\t\t<\/div>\n\t\t\t\t<\/div>\n\t\t\t\t\t<\/div>\n\t\t<\/div>\n\t\t\t\t\t<\/div>\n\t\t<\/section>\n\t\t\t\t<\/div>\n\t\t","protected":false},"excerpt":{"rendered":"<p>Catch The Fever belohnt Sie f\u00fcr Ihre Loyalit\u00e4t, Ihre Leidenschaft und Ihre Fertigkeiten. Entdecken Sie, wie Sie bis zu 25.000 $ Preisgeld freischalten k\u00f6nnen, indem Sie mit unseren Angelruten fischen und\/oder unsere Bekleidung tragen.  <\/p>\n","protected":false},"author":2,"featured_media":0,"parent":0,"menu_order":0,"comment_status":"closed","ping_status":"closed","template":"","meta":{"footnotes":""},"class_list":["post-75262","page","type-page","status-publish","hentry"],"aioseo_notices":[],"jetpack_sharing_enabled":true,"_links":{"self":[{"href":"https:\/\/catchthefever.com\/de\/wp-json\/wp\/v2\/pages\/75262","targetHints":{"allow":["GET"]}}],"collection":[{"href":"https:\/\/catchthefever.com\/de\/wp-json\/wp\/v2\/pages"}],"about":[{"href":"https:\/\/catchthefever.com\/de\/wp-json\/wp\/v2\/types\/page"}],"author":[{"embeddable":true,"href":"https:\/\/catchthefever.com\/de\/wp-json\/wp\/v2\/users\/2"}],"replies":[{"embeddable":true,"href":"https:\/\/catchthefever.com\/de\/wp-json\/wp\/v2\/comments?post=75262"}],"version-history":[{"count":0,"href":"https:\/\/catchthefever.com\/de\/wp-json\/wp\/v2\/pages\/75262\/revisions"}],"wp:attachment":[{"href":"https:\/\/catchthefever.com\/de\/wp-json\/wp\/v2\/media?parent=75262"}],"curies":[{"name":"wp","href":"https:\/\/api.w.org\/{rel}","templated":true}]}}