{"id":75197,"date":"2024-08-20T21:26:35","date_gmt":"2024-08-21T02:26:35","guid":{"rendered":"https:\/\/catchthefever.com\/garantieregistrierung\/"},"modified":"2025-09-17T12:29:41","modified_gmt":"2025-09-17T17:29:41","slug":"garantieregistrierung","status":"publish","type":"page","link":"https:\/\/catchthefever.com\/de\/garantieregistrierung\/","title":{"rendered":"Garantieregistrierung"},"content":{"rendered":"\t\t<div data-elementor-type=\"wp-page\" data-elementor-id=\"75197\" class=\"elementor elementor-75197 elementor-3026\" data-elementor-post-type=\"page\">\n\t\t\t\t\t\t<section class=\"elementor-section elementor-top-section elementor-element elementor-element-d13fbcd elementor-section-boxed elementor-section-height-default elementor-section-height-default elementor-invisible\" data-id=\"d13fbcd\" data-element_type=\"section\" data-settings=\"{&quot;background_background&quot;:&quot;classic&quot;,&quot;animation&quot;:&quot;fadeIn&quot;}\">\n\t\t\t\t\t\t<div class=\"elementor-container elementor-column-gap-no\">\n\t\t\t\t\t<div class=\"elementor-column elementor-col-100 elementor-top-column elementor-element elementor-element-691355f\" data-id=\"691355f\" data-element_type=\"column\">\n\t\t\t<div class=\"elementor-widget-wrap elementor-element-populated\">\n\t\t\t\t\t\t<div class=\"elementor-element elementor-element-5ecd315 elementor-widget elementor-widget-spacer\" data-id=\"5ecd315\" data-element_type=\"widget\" data-widget_type=\"spacer.default\">\n\t\t\t\t<div class=\"elementor-widget-container\">\n\t\t\t\t\t\t\t<div class=\"elementor-spacer\">\n\t\t\t<div class=\"elementor-spacer-inner\"><\/div>\n\t\t<\/div>\n\t\t\t\t\t\t<\/div>\n\t\t\t\t<\/div>\n\t\t\t\t\t<\/div>\n\t\t<\/div>\n\t\t\t\t\t<\/div>\n\t\t<\/section>\n\t\t\t\t<section class=\"elementor-section elementor-top-section elementor-element elementor-element-481a78a elementor-section-boxed elementor-section-height-default elementor-section-height-default elementor-invisible\" data-id=\"481a78a\" data-element_type=\"section\" data-settings=\"{&quot;animation&quot;:&quot;fadeIn&quot;}\">\n\t\t\t\t\t\t<div class=\"elementor-container elementor-column-gap-no\">\n\t\t\t\t\t<div class=\"elementor-column elementor-col-50 elementor-top-column elementor-element elementor-element-2a00ff8 elementor-invisible\" data-id=\"2a00ff8\" data-element_type=\"column\" data-settings=\"{&quot;animation&quot;:&quot;fadeInLeft&quot;}\">\n\t\t\t<div class=\"elementor-widget-wrap elementor-element-populated\">\n\t\t\t\t\t\t<div class=\"elementor-element elementor-element-a8dd187 elementor-widget elementor-widget-heading\" data-id=\"a8dd187\" data-element_type=\"widget\" data-widget_type=\"heading.default\">\n\t\t\t\t<div class=\"elementor-widget-container\">\n\t\t\t\t\t<h2 class=\"elementor-heading-title elementor-size-default\">Sch\u00fctzen Sie Ihre CTF-Produkte. Erfahren Sie mehr \u00fcber unsere Garantie <\/h2>\t\t\t\t<\/div>\n\t\t\t\t<\/div>\n\t\t\t\t<div class=\"elementor-element elementor-element-ed2382c elementor-widget elementor-widget-text-editor\" data-id=\"ed2382c\" data-element_type=\"widget\" data-widget_type=\"text-editor.default\">\n\t\t\t\t<div class=\"elementor-widget-container\">\n\t\t\t\t\t\t\t\t\t<p>Bei Catch The Fever sind wir stolz auf die Qualit\u00e4t der Produkte, die wir entwickeln und verkaufen. Manchmal geschehen unvorhergesehene Dinge. In solchen F\u00e4llen erkl\u00e4ren wir uns bereit, die Reparatur und\/oder den Ersatz Ihres Artikels zu \u00fcbernehmen, sofern Sie bestimmte Bedingungen erf\u00fcllen. Das betreffende Produkt MUSS jedoch registriert sein. Lesen Sie die nachstehenden Bedingungen und nutzen Sie die Seitenleisten, um Ihr Produkt zu registrieren und einen Anspruch in den USA oder weltweit geltend zu machen.     <\/p>\t\t\t\t\t\t\t\t<\/div>\n\t\t\t\t<\/div>\n\t\t\t\t<div class=\"elementor-element elementor-element-4976c51 elementor-widget elementor-widget-text-editor\" data-id=\"4976c51\" data-element_type=\"widget\" data-widget_type=\"text-editor.default\">\n\t\t\t\t<div class=\"elementor-widget-container\">\n\t\t\t\t\t\t\t\t\t<p>Fragen? Wir sind stets bereit, Ihnen zu helfen und unsere Bonusprogramme zug\u00e4nglich zu machen. Rufen Sie uns an oder besuchen Sie unsere Kontaktseite.   <\/p>\t\t\t\t\t\t\t\t<\/div>\n\t\t\t\t<\/div>\n\t\t\t\t<div class=\"elementor-element elementor-element-f2848fb elementor-widget elementor-widget-html\" data-id=\"f2848fb\" data-element_type=\"widget\" data-widget_type=\"html.default\">\n\t\t\t\t<div class=\"elementor-widget-container\">\n\t\t\t\t\t<div data-tf-live=\"01J5XMJRN5YVZ2XWP2NQWFW7H8\"><\/div><script src=\"\/\/embed.typeform.com\/next\/embed.js\"><\/script>\t\t\t\t<\/div>\n\t\t\t\t<\/div>\n\t\t\t\t\t<\/div>\n\t\t<\/div>\n\t\t\t\t<div class=\"elementor-column elementor-col-50 elementor-top-column elementor-element elementor-element-5474d30\" data-id=\"5474d30\" data-element_type=\"column\">\n\t\t\t<div class=\"elementor-widget-wrap elementor-element-populated\">\n\t\t\t\t\t\t<div class=\"elementor-element elementor-element-2f30537 elementor-position-left elementor-vertical-align-top elementor-invisible elementor-widget elementor-widget-image-box\" data-id=\"2f30537\" data-element_type=\"widget\" data-settings=\"{&quot;_animation&quot;:&quot;fadeInRight&quot;,&quot;_animation_delay&quot;:400}\" data-widget_type=\"image-box.default\">\n\t\t\t\t<div class=\"elementor-widget-container\">\n\t\t\t\t\t<div class=\"elementor-image-box-wrapper\"><figure class=\"elementor-image-box-img\"><img decoding=\"async\" width=\"46\" height=\"46\" src=\"https:\/\/catchthefever.com\/wp-content\/uploads\/2021\/08\/Icon-2.png\" class=\"attachment-full size-full wp-image-49\" alt=\"\" title=\"Icon (2) - Catch the Fever Outdoors\" srcset=\"https:\/\/catchthefever.com\/wp-content\/uploads\/2021\/08\/Icon-2.png 46w, https:\/\/catchthefever.com\/wp-content\/uploads\/2021\/08\/Icon-2-1x1.webp 1w, https:\/\/catchthefever.com\/wp-content\/uploads\/2021\/08\/Icon-2-10x10.webp 10w\" sizes=\"(max-width: 46px) 100vw, 46px\" \/><\/figure><div class=\"elementor-image-box-content\"><h3 class=\"elementor-image-box-title\">Registrieren Sie Ihre Produkte hier<\/h3><p class=\"elementor-image-box-description\">Sie angeln bereits, Sie haben die Leidenschaft, machen Sie es noch angenehmer mit unserem Bonusprogramm. <\/p><\/div><\/div>\t\t\t\t<\/div>\n\t\t\t\t<\/div>\n\t\t\t\t<div class=\"elementor-element elementor-element-f63d241 elementor-position-left elementor-vertical-align-top elementor-invisible elementor-widget elementor-widget-image-box\" data-id=\"f63d241\" data-element_type=\"widget\" data-settings=\"{&quot;_animation&quot;:&quot;fadeInRight&quot;,&quot;_animation_delay&quot;:600}\" data-widget_type=\"image-box.default\">\n\t\t\t\t<div class=\"elementor-widget-container\">\n\t\t\t\t\t<div class=\"elementor-image-box-wrapper\"><figure class=\"elementor-image-box-img\"><img decoding=\"async\" width=\"47\" height=\"47\" src=\"https:\/\/catchthefever.com\/wp-content\/uploads\/2021\/08\/Vector.webp\" class=\"attachment-full size-full wp-image-56\" alt=\"\" title=\"Vector - Catch the Fever Outdoors\" srcset=\"https:\/\/catchthefever.com\/wp-content\/uploads\/2021\/08\/Vector.webp 47w, https:\/\/catchthefever.com\/wp-content\/uploads\/2021\/08\/Vector-1x1.webp 1w, https:\/\/catchthefever.com\/wp-content\/uploads\/2021\/08\/Vector-10x10.webp 10w\" sizes=\"(max-width: 47px) 100vw, 47px\" \/><\/figure><div class=\"elementor-image-box-content\"><h3 class=\"elementor-image-box-title\">Einen Anspruch geltend machen (weltweit)<\/h3><p class=\"elementor-image-box-description\">Sie haben m\u00f6glicherweise eine andere Angelrute in der Hand, wir geben Ihnen trotzdem die Chance, sich mit unserer Bekleidung zu qualifizieren. <\/p><\/div><\/div>\t\t\t\t<\/div>\n\t\t\t\t<\/div>\n\t\t\t\t<div class=\"elementor-element elementor-element-07bca25 elementor-position-left elementor-vertical-align-top elementor-invisible elementor-widget elementor-widget-image-box\" data-id=\"07bca25\" data-element_type=\"widget\" data-settings=\"{&quot;_animation&quot;:&quot;fadeInRight&quot;,&quot;_animation_delay&quot;:600}\" data-widget_type=\"image-box.default\">\n\t\t\t\t<div class=\"elementor-widget-container\">\n\t\t\t\t\t<div class=\"elementor-image-box-wrapper\"><figure class=\"elementor-image-box-img\"><img decoding=\"async\" width=\"47\" height=\"47\" src=\"https:\/\/catchthefever.com\/wp-content\/uploads\/2021\/08\/Vector.webp\" class=\"attachment-full size-full wp-image-56\" alt=\"\" title=\"Vector - Catch the Fever Outdoors\" srcset=\"https:\/\/catchthefever.com\/wp-content\/uploads\/2021\/08\/Vector.webp 47w, https:\/\/catchthefever.com\/wp-content\/uploads\/2021\/08\/Vector-1x1.webp 1w, https:\/\/catchthefever.com\/wp-content\/uploads\/2021\/08\/Vector-10x10.webp 10w\" sizes=\"(max-width: 47px) 100vw, 47px\" \/><\/figure><div class=\"elementor-image-box-content\"><h3 class=\"elementor-image-box-title\">Reklamationen bei Transportsch\u00e4den<\/h3><p class=\"elementor-image-box-description\">Sie angeln bereits danach. S\u00fc\u00dfwasser und Salzwasser, die Liste ist lang.  <\/p><\/div><\/div>\t\t\t\t<\/div>\n\t\t\t\t<\/div>\n\t\t\t\t\t<\/div>\n\t\t<\/div>\n\t\t\t\t\t<\/div>\n\t\t<\/section>\n\t\t<div class=\"elementor-element elementor-element-689f8da e-flex e-con-boxed e-con e-parent\" data-id=\"689f8da\" data-element_type=\"container\">\n\t\t\t\t\t<div class=\"e-con-inner\">\n\t\t\t\t<div class=\"elementor-element elementor-element-e2170ec elementor-position-left elementor-vertical-align-top elementor-invisible elementor-widget elementor-widget-image-box\" data-id=\"e2170ec\" data-element_type=\"widget\" data-settings=\"{&quot;_animation&quot;:&quot;fadeInRight&quot;,&quot;_animation_delay&quot;:200}\" data-widget_type=\"image-box.default\">\n\t\t\t\t<div class=\"elementor-widget-container\">\n\t\t\t\t\t<div class=\"elementor-image-box-wrapper\"><figure class=\"elementor-image-box-img\"><img decoding=\"async\" width=\"50\" height=\"49\" src=\"https:\/\/catchthefever.com\/wp-content\/uploads\/2021\/08\/Icon-1.png\" class=\"attachment-full size-full wp-image-48\" alt=\"\" title=\"Icon (1) - Catch the Fever Outdoors\" srcset=\"https:\/\/catchthefever.com\/wp-content\/uploads\/2021\/08\/Icon-1.png 50w, https:\/\/catchthefever.com\/wp-content\/uploads\/2021\/08\/Icon-1-1x1.webp 1w, https:\/\/catchthefever.com\/wp-content\/uploads\/2021\/08\/Icon-1-10x10.webp 10w\" sizes=\"(max-width: 50px) 100vw, 50px\" \/><\/figure><div class=\"elementor-image-box-content\"><h3 class=\"elementor-image-box-title\">Garantie: Offizielle Regeln und Bestimmungen<\/h3><p class=\"elementor-image-box-description\">\nNach der Registrierung Ihrer neuen Catch The Fever Angelrute ist diese durch unsere 1-j\u00e4hrige Standard-Schutzgarantie gegen Herstellungsfehler abgedeckt. Catch The Fever Outdoors wird Ihre Catch The Fever Angelrute ersetzen oder reparieren, wenn der Schaden nach Einsch\u00e4tzung von Catch The Fever auf Material- oder Verarbeitungsfehler zur\u00fcckzuf\u00fchren ist. Jede Catch The Fever Angelrute, die nach \u00dcberpr\u00fcfung durch Catch The Fever als fehlerhaft befunden wird, wird bis zu einem Jahr lang kostenlos f\u00fcr den Verbraucher ersetzt.  <br><br>\nDurch die Registrierung Ihrer Catch The Fever Angelrute wird sichergestellt, dass sie auch in unseren 2-j\u00e4hrigen Fever-Schutzplan aufgenommen wird. Unser 2-j\u00e4hriger Fever-Schutzplan geht \u00fcber Herstellungsfehler hinaus und gibt Ihnen Sicherheit, falls Ihrer Angelrute ein Unfall zusto\u00dfen sollte, der auf direkte, indirekte, Folge- oder zuf\u00e4llige Sch\u00e4den zur\u00fcckzuf\u00fchren ist, die vom Kunden verursacht wurden und NICHT das Ergebnis eines Herstellungsfehlers oder der Verarbeitung durch Catch The Fever sind. <br><br>\nDer 2-j\u00e4hrige Fever-Schutzplan besagt, dass wir, wenn die Angelrute durch Benutzerfehler oder Versehen des Kunden besch\u00e4digt wird, dieses Angelrutenmodell f\u00fcr 50 % des Einzelhandelspreises sowie Versand und Bearbeitung f\u00fcr dasselbe Angelrutenmodell ohne Fragen f\u00fcr einen Zeitraum von 2 Jahren ab dem Kaufdatum ersetzen werden.\n\n<\/p><\/div><\/div>\t\t\t\t<\/div>\n\t\t\t\t<\/div>\n\t\t\t\t<div class=\"elementor-element elementor-element-d60b813 elementor-position-left elementor-vertical-align-top elementor-invisible elementor-widget elementor-widget-image-box\" data-id=\"d60b813\" data-element_type=\"widget\" data-settings=\"{&quot;_animation&quot;:&quot;fadeInRight&quot;,&quot;_animation_delay&quot;:200}\" data-widget_type=\"image-box.default\">\n\t\t\t\t<div class=\"elementor-widget-container\">\n\t\t\t\t\t<div class=\"elementor-image-box-wrapper\"><figure class=\"elementor-image-box-img\"><img decoding=\"async\" width=\"50\" height=\"49\" src=\"https:\/\/catchthefever.com\/wp-content\/uploads\/2021\/08\/Icon-1.png\" class=\"attachment-full size-full wp-image-48\" alt=\"\" title=\"Icon (1) - Catch the Fever Outdoors\" srcset=\"https:\/\/catchthefever.com\/wp-content\/uploads\/2021\/08\/Icon-1.png 50w, https:\/\/catchthefever.com\/wp-content\/uploads\/2021\/08\/Icon-1-1x1.webp 1w, https:\/\/catchthefever.com\/wp-content\/uploads\/2021\/08\/Icon-1-10x10.webp 10w\" sizes=\"(max-width: 50px) 100vw, 50px\" \/><\/figure><div class=\"elementor-image-box-content\"><h3 class=\"elementor-image-box-title\">Garantie: Allgemeine Gesch\u00e4ftsbedingungen<\/h3><p class=\"elementor-image-box-description\">\nDie Catch The Fever 1-j\u00e4hrige Schutzgarantie und der 2-j\u00e4hrige Fever-Schutzplan gelten nur f\u00fcr den urspr\u00fcnglichen K\u00e4ufer und sind nicht \u00fcbertragbar. <br><br>\n \nCatch The Fever Outdoors beh\u00e4lt sich das Recht vor, zu entscheiden, ob ein von dieser Garantie abgedecktes Produkt repariert oder ersetzt wird, sowie das Recht, bei Bedarf eingestellte Modelle durch vergleichbare Modelle zu ersetzen. Farben und Komponenten k\u00f6nnen zwischen Original- und Ersatzangelrutenmodellen variieren. <br><br>\n \nWenn Ihre Catch The Fever Angelrute in einem offiziellen Einzelhandelsgesch\u00e4ft gekauft wurde, M\u00dcSSEN Sie Ihren Kaufbeleg aufbewahren, um einen Garantieanspruch geltend machen zu k\u00f6nnen. Bitte bewahren Sie Ihren Kaufnachweis an einem sicheren Ort auf, damit Sie ihn jederzeit w\u00e4hrend der Garantiezeit zur Hand haben, wenn Sie einen Anspruch geltend machen m\u00f6chten. Keine Ausnahmen.  <br><br>\n \nIhre neue Catch The Fever Angelrute MUSS innerhalb von 14 Tagen nach dem Kauf registriert werden, um f\u00fcr jegliche Catch The Fever Garantie qualifiziert zu sein. Garantieanspr\u00fcche M\u00dcSSEN innerhalb von 7 Tagen nach dem urspr\u00fcnglichen Schaden geltend gemacht werden. <br><br>\nAktualisierung der Garantiebedingungen: 15.03.2023<\/p><\/div><\/div>\t\t\t\t<\/div>\n\t\t\t\t<\/div>\n\t\t\t\t\t<\/div>\n\t\t\t\t<\/div>\n\t\t\t\t<section class=\"elementor-section elementor-top-section elementor-element elementor-element-80f50c7 elementor-section-boxed elementor-section-height-default elementor-section-height-default elementor-invisible\" data-id=\"80f50c7\" data-element_type=\"section\" data-settings=\"{&quot;animation&quot;:&quot;fadeIn&quot;}\">\n\t\t\t\t\t\t<div class=\"elementor-container elementor-column-gap-no\">\n\t\t\t\t\t<div class=\"elementor-column elementor-col-100 elementor-top-column elementor-element elementor-element-9255026\" data-id=\"9255026\" data-element_type=\"column\">\n\t\t\t<div class=\"elementor-widget-wrap\">\n\t\t\t\t\t\t\t<\/div>\n\t\t<\/div>\n\t\t\t\t\t<\/div>\n\t\t<\/section>\n\t\t<div class=\"elementor-element elementor-element-3b457b4 e-flex e-con-boxed e-con e-parent\" data-id=\"3b457b4\" data-element_type=\"container\">\n\t\t\t\t\t<div class=\"e-con-inner\">\n\t\t\t\t\t<\/div>\n\t\t\t\t<\/div>\n\t\t\t\t<\/div>\n\t\t","protected":false},"excerpt":{"rendered":"<p>Catch The Fever belohnt Sie f\u00fcr Ihre Loyalit\u00e4t, Ihre Leidenschaft und Ihre Fertigkeiten. Entdecken Sie, wie Sie bis zu 25.000 $ Preisgeld freischalten k\u00f6nnen, indem Sie mit unseren Angelruten fischen und\/oder unsere Bekleidung tragen.  <\/p>\n","protected":false},"author":2,"featured_media":0,"parent":0,"menu_order":0,"comment_status":"closed","ping_status":"closed","template":"","meta":{"footnotes":""},"class_list":["post-75197","page","type-page","status-publish","hentry"],"aioseo_notices":[],"jetpack_sharing_enabled":true,"_links":{"self":[{"href":"https:\/\/catchthefever.com\/de\/wp-json\/wp\/v2\/pages\/75197","targetHints":{"allow":["GET"]}}],"collection":[{"href":"https:\/\/catchthefever.com\/de\/wp-json\/wp\/v2\/pages"}],"about":[{"href":"https:\/\/catchthefever.com\/de\/wp-json\/wp\/v2\/types\/page"}],"author":[{"embeddable":true,"href":"https:\/\/catchthefever.com\/de\/wp-json\/wp\/v2\/users\/2"}],"replies":[{"embeddable":true,"href":"https:\/\/catchthefever.com\/de\/wp-json\/wp\/v2\/comments?post=75197"}],"version-history":[{"count":0,"href":"https:\/\/catchthefever.com\/de\/wp-json\/wp\/v2\/pages\/75197\/revisions"}],"wp:attachment":[{"href":"https:\/\/catchthefever.com\/de\/wp-json\/wp\/v2\/media?parent=75197"}],"curies":[{"name":"wp","href":"https:\/\/api.w.org\/{rel}","templated":true}]}}